{"id":1260,"date":"2020-10-15T18:17:46","date_gmt":"2020-10-15T21:17:46","guid":{"rendered":"http:\/\/ases-df.org.br\/novo\/?page_id=1260"},"modified":"2024-12-19T20:23:43","modified_gmt":"2024-12-19T23:23:43","slug":"colegio-sigma","status":"publish","type":"page","link":"https:\/\/ases-df.org.br\/novo\/colegio-sigma\/","title":{"rendered":"Col\u00e9gio Sigma"},"content":{"rendered":"\t\t<div data-elementor-type=\"wp-page\" data-elementor-id=\"1260\" class=\"elementor elementor-1260\">\n\t\t\t\t\t\t<section class=\"elementor-section elementor-top-section elementor-element elementor-element-e6fea30 elementor-section-full_width elementor-section-height-default elementor-section-height-default parallax_section_no qode_elementor_container_no\" data-id=\"e6fea30\" data-element_type=\"section\" data-settings=\"{&quot;background_background&quot;:&quot;classic&quot;}\">\n\t\t\t\t\t\t\t<div class=\"elementor-background-overlay\"><\/div>\n\t\t\t\t\t\t\t<div class=\"elementor-container elementor-column-gap-default\">\n\t\t\t\t\t<div class=\"elementor-column elementor-col-100 elementor-top-column elementor-element elementor-element-03e4558\" data-id=\"03e4558\" data-element_type=\"column\">\n\t\t\t<div class=\"elementor-widget-wrap elementor-element-populated\">\n\t\t\t\t\t\t<div class=\"elementor-element elementor-element-f1390c2 elementor-widget elementor-widget-heading\" data-id=\"f1390c2\" data-element_type=\"widget\" data-widget_type=\"heading.default\">\n\t\t\t\t<div class=\"elementor-widget-container\">\n\t\t\t<h1 class=\"elementor-heading-title elementor-size-default\">Col\u00e9gio Sigma<\/h1>\t\t<\/div>\n\t\t\t\t<\/div>\n\t\t\t\t\t<\/div>\n\t\t<\/div>\n\t\t\t\t\t<\/div>\n\t\t<\/section>\n\t\t\t\t<section class=\"elementor-section elementor-top-section elementor-element elementor-element-94bc2c3 elementor-section-height-min-height elementor-section-content-middle elementor-section-boxed elementor-section-height-default elementor-section-items-middle parallax_section_no qode_elementor_container_no\" data-id=\"94bc2c3\" data-element_type=\"section\" data-settings=\"{&quot;background_background&quot;:&quot;classic&quot;}\">\n\t\t\t\t\t\t\t<div class=\"elementor-background-overlay\"><\/div>\n\t\t\t\t\t\t\t<div class=\"elementor-container elementor-column-gap-default\">\n\t\t\t\t\t<div class=\"elementor-column elementor-col-100 elementor-top-column elementor-element elementor-element-6a5d39e\" data-id=\"6a5d39e\" data-element_type=\"column\">\n\t\t\t<div class=\"elementor-widget-wrap\">\n\t\t\t\t\t\t\t<\/div>\n\t\t<\/div>\n\t\t\t\t\t<\/div>\n\t\t<\/section>\n\t\t\t\t<section class=\"elementor-section elementor-top-section elementor-element elementor-element-f70f621 elementor-section-boxed elementor-section-height-default elementor-section-height-default parallax_section_no qode_elementor_container_no\" data-id=\"f70f621\" data-element_type=\"section\">\n\t\t\t\t\t\t<div class=\"elementor-container elementor-column-gap-default\">\n\t\t\t\t\t<div class=\"elementor-column elementor-col-100 elementor-top-column elementor-element elementor-element-e844e96\" data-id=\"e844e96\" data-element_type=\"column\" data-settings=\"{&quot;background_background&quot;:&quot;classic&quot;}\">\n\t\t\t<div class=\"elementor-widget-wrap elementor-element-populated\">\n\t\t\t\t\t\t<div class=\"elementor-element elementor-element-6a3c486 elementor-widget elementor-widget-image\" data-id=\"6a3c486\" data-element_type=\"widget\" data-widget_type=\"image.default\">\n\t\t\t\t<div class=\"elementor-widget-container\">\n\t\t\t\t\t\t\t\t\t\t\t\t\t<img decoding=\"async\" width=\"206\" height=\"96\" src=\"https:\/\/ases-df.org.br\/novo\/wp-content\/uploads\/2020\/10\/sigmalogo.png\" class=\"attachment-large size-large wp-image-1267\" alt=\"\" \/>\t\t\t\t\t\t\t\t\t\t\t\t\t<\/div>\n\t\t\t\t<\/div>\n\t\t\t\t<div class=\"elementor-element elementor-element-6a3b61b elementor-widget-divider--view-line elementor-widget elementor-widget-divider\" data-id=\"6a3b61b\" data-element_type=\"widget\" data-widget_type=\"divider.default\">\n\t\t\t\t<div class=\"elementor-widget-container\">\n\t\t\t\t\t<div class=\"elementor-divider\">\n\t\t\t<span class=\"elementor-divider-separator\">\n\t\t\t\t\t\t<\/span>\n\t\t<\/div>\n\t\t\t\t<\/div>\n\t\t\t\t<\/div>\n\t\t\t\t\t<\/div>\n\t\t<\/div>\n\t\t\t\t\t<\/div>\n\t\t<\/section>\n\t\t\t\t<section class=\"elementor-section elementor-top-section elementor-element elementor-element-a30df22 elementor-section-boxed elementor-section-height-default elementor-section-height-default parallax_section_no qode_elementor_container_no\" data-id=\"a30df22\" data-element_type=\"section\">\n\t\t\t\t\t\t<div class=\"elementor-container elementor-column-gap-default\">\n\t\t\t\t\t<div class=\"elementor-column elementor-col-50 elementor-top-column elementor-element elementor-element-c385441\" data-id=\"c385441\" data-element_type=\"column\">\n\t\t\t<div class=\"elementor-widget-wrap elementor-element-populated\">\n\t\t\t\t\t\t<div class=\"elementor-element elementor-element-493bcc9 elementor-widget elementor-widget-bridge_image_gallery\" data-id=\"493bcc9\" data-element_type=\"widget\" data-widget_type=\"bridge_image_gallery.default\">\n\t\t\t\t<div class=\"elementor-widget-container\">\n\t\t\t<div class=\"qode-image-gallery\"><div class=\"qode-image-gallery-inner\"><div class=\"qode-image-gallery-slides drag_enabled flexslider_fade flexslider\" data-interval=\"3\" data-flex_fx=\"fade\"data-direction=\"true\"data-drag=\"true\"><ul class=\"slides\"><li><img decoding=\"async\" src=\"https:\/\/ases-df.org.br\/novo\/wp-content\/uploads\/2020\/10\/sfsadfsd-txh.jpg\" alt=\"\" width=\"t\" height=\"h\" \/><\/li><li><img decoding=\"async\" src=\"https:\/\/ases-df.org.br\/novo\/wp-content\/uploads\/2020\/10\/hgf-txh.jpg\" alt=\"\" width=\"t\" height=\"h\" \/><\/li><li><img decoding=\"async\" src=\"https:\/\/ases-df.org.br\/novo\/wp-content\/uploads\/2020\/10\/fasfsd-txh.jpg\" alt=\"\" width=\"t\" height=\"h\" \/><\/li><li><img decoding=\"async\" src=\"https:\/\/ases-df.org.br\/novo\/wp-content\/uploads\/2020\/10\/fasdfsdsssss-txh.jpg\" alt=\"\" width=\"t\" height=\"h\" \/><\/li><li><img decoding=\"async\" src=\"https:\/\/ases-df.org.br\/novo\/wp-content\/uploads\/2020\/10\/sfdjmasdnkl5j32rwsd-txh.jpg\" alt=\"\" width=\"t\" height=\"h\" \/><\/li><\/div><\/div><\/div>\t\t<\/div>\n\t\t\t\t<\/div>\n\t\t\t\t\t<\/div>\n\t\t<\/div>\n\t\t\t\t<div class=\"elementor-column elementor-col-50 elementor-top-column elementor-element elementor-element-8beab29\" data-id=\"8beab29\" data-element_type=\"column\">\n\t\t\t<div class=\"elementor-widget-wrap elementor-element-populated\">\n\t\t\t\t\t\t<div class=\"elementor-element elementor-element-59f2df5 elementor-widget elementor-widget-heading\" data-id=\"59f2df5\" data-element_type=\"widget\" data-widget_type=\"heading.default\">\n\t\t\t\t<div class=\"elementor-widget-container\">\n\t\t\t<p class=\"elementor-heading-title elementor-size-default\">Descri\u00e7\u00e3o:<\/p>\t\t<\/div>\n\t\t\t\t<\/div>\n\t\t\t\t<div class=\"elementor-element elementor-element-ab1759f elementor-widget elementor-widget-text-editor\" data-id=\"ab1759f\" data-element_type=\"widget\" data-widget_type=\"text-editor.default\">\n\t\t\t\t<div class=\"elementor-widget-container\">\n\t\t\t\t\t\t\t<p>Nossa escola, fundada em 1983, foi constru\u00edda \u00e0 luz de uma proposta de excel\u00eancia acad\u00eamica e de forma\u00e7\u00e3o integral do estudante. O nome Sigma (\u03a3) \u00e9 originado de uma letra do alfabeto grego que significa somat\u00f3rio e que se consolidou em nossa escola, atrav\u00e9s do nosso prop\u00f3sito educativo, de desenvolver as potencialidades intelectuais, que se soma aos princ\u00edpios de interpreta\u00e7\u00e3o cr\u00edtica da realidade e de valoriza\u00e7\u00e3o da constru\u00e7\u00e3o moral de nossos alunos.<\/p><p>\u00a0<\/p><p>N\u00d3S, SOMOS<\/p><p>Atualmente, o Sigma integra o grupo Somos Educa\u00e7\u00e3o, que \u00e9 o principal grupo de educa\u00e7\u00e3o b\u00e1sica do Brasil. Esse suporte nos possibilita grande investimento na forma\u00e7\u00e3o continuada dos profissionais e na evolu\u00e7\u00e3o pedag\u00f3gica, contemplando experi\u00eancias concretas para formar valores e dar qualidade \u00e0s rela\u00e7\u00f5es.<\/p><p>\u00a0<\/p><p>NOSSAS UNIDADES<\/p><p>A rede Sigma \u00e9 composta por quatro unidades \u2013 912 Sul, 910 Norte, 606 Norte e \u00c1guas Claras \u2013, abrange os segmentos da Educa\u00e7\u00e3o Infantil ao Ensino M\u00e9dio e disp\u00f5e de programas de tempo integral, por meio da Jornada Ampliada (para Educa\u00e7\u00e3o Infantil e Anos Iniciais do Ensino Fundamental) e do M\u00f3dulo Ampliado (para os 6\u00ba e 7\u00ba anos dos Anos Finais), no contraturno da aula.<\/p>\t\t\t\t\t\t<\/div>\n\t\t\t\t<\/div>\n\t\t\t\t<div class=\"elementor-element elementor-element-9f983f4 elementor-widget elementor-widget-heading\" data-id=\"9f983f4\" data-element_type=\"widget\" data-widget_type=\"heading.default\">\n\t\t\t\t<div class=\"elementor-widget-container\">\n\t\t\t<p class=\"elementor-heading-title elementor-size-default\">Benef\u00edcios para o associado:<\/p>\t\t<\/div>\n\t\t\t\t<\/div>\n\t\t\t\t<div class=\"elementor-element elementor-element-f3b7998 elementor-widget elementor-widget-text-editor\" data-id=\"f3b7998\" data-element_type=\"widget\" data-widget_type=\"text-editor.default\">\n\t\t\t\t<div class=\"elementor-widget-container\">\n\t\t\t\t\t\t\t<p data-renderer-start-pos=\"121\">Os associados ter\u00e3o direito aos seguintes descontos no ato da matr\u00edcula e nas mensalidades, em <strong data-renderer-mark=\"true\">qualquer unidade Sigma<\/strong>, desde que haja <strong data-renderer-mark=\"true\">vaga na turma<\/strong>:<\/p>\t\t\t\t\t\t<\/div>\n\t\t\t\t<\/div>\n\t\t\t\t<div class=\"elementor-element elementor-element-140f4d3 elementor-widget elementor-widget-text-editor\" data-id=\"140f4d3\" data-element_type=\"widget\" data-widget_type=\"text-editor.default\">\n\t\t\t\t<div class=\"elementor-widget-container\">\n\t\t\t\t\t\t\t<ul><li>10% de desconto para o segmento de Educa\u00e7\u00e3o Infantil<\/li><li>10% de desconto para o segmento de Ensino Fundamental \u2013 Anos Iniciais<\/li><li>18% de desconto para o segmento de Ensino Fundamental \u2013 Anos Finais<\/li><li>15% de desconto para o segmento de Ensino M\u00e9dio.<\/li><\/ul>\t\t\t\t\t\t<\/div>\n\t\t\t\t<\/div>\n\t\t\t\t<div class=\"elementor-element elementor-element-df560b0 elementor-widget elementor-widget-text-editor\" data-id=\"df560b0\" data-element_type=\"widget\" data-widget_type=\"text-editor.default\">\n\t\t\t\t<div class=\"elementor-widget-container\">\n\t\t\t\t\t\t\t<p><strong data-renderer-mark=\"true\">Importante:<\/strong> Os percentuais de desconto podem ser <strong data-renderer-mark=\"true\">ampliados<\/strong> em a\u00e7\u00f5es promocionais espec\u00edficas, com datas de in\u00edcio e t\u00e9rmino definidas.<\/p><p>\u00a0<\/p>\t\t\t\t\t\t<\/div>\n\t\t\t\t<\/div>\n\t\t\t\t<div class=\"elementor-element elementor-element-4c8e7c9 elementor-widget elementor-widget-heading\" data-id=\"4c8e7c9\" data-element_type=\"widget\" data-widget_type=\"heading.default\">\n\t\t\t\t<div class=\"elementor-widget-container\">\n\t\t\t<p class=\"elementor-heading-title elementor-size-default\">Contatos:<\/p>\t\t<\/div>\n\t\t\t\t<\/div>\n\t\t\t\t<div class=\"elementor-element elementor-element-9c556e6 elementor-widget elementor-widget-image\" data-id=\"9c556e6\" data-element_type=\"widget\" data-widget_type=\"image.default\">\n\t\t\t\t<div class=\"elementor-widget-container\">\n\t\t\t\t\t\t\t\t\t\t\t\t\t<img decoding=\"async\" width=\"638\" height=\"73\" src=\"https:\/\/ases-df.org.br\/novo\/wp-content\/uploads\/2020\/10\/jjhfgj.png\" class=\"attachment-large size-large wp-image-1268\" alt=\"\" srcset=\"https:\/\/ases-df.org.br\/novo\/wp-content\/uploads\/2020\/10\/jjhfgj.png 638w, https:\/\/ases-df.org.br\/novo\/wp-content\/uploads\/2020\/10\/jjhfgj-300x34.png 300w\" sizes=\"(max-width: 638px) 100vw, 638px\" \/>\t\t\t\t\t\t\t\t\t\t\t\t\t<\/div>\n\t\t\t\t<\/div>\n\t\t\t\t<div class=\"elementor-element elementor-element-17950c4 elementor-align-left elementor-widget elementor-widget-button\" data-id=\"17950c4\" data-element_type=\"widget\" data-widget_type=\"button.default\">\n\t\t\t\t<div class=\"elementor-widget-container\">\n\t\t\t\t\t<div class=\"elementor-button-wrapper\">\n\t\t\t<a class=\"elementor-button elementor-button-link elementor-size-md elementor-animation-pulse-grow\" href=\"http:\/\/www.sigmadf.com.br%20\">\n\t\t\t\t\t\t<span class=\"elementor-button-content-wrapper\">\n\t\t\t\t\t\t<span class=\"elementor-button-icon\">\n\t\t\t\t<i aria-hidden=\"true\" class=\"fas fa-angle-right\"><\/i>\t\t\t<\/span>\n\t\t\t\t\t\t\t\t\t<span class=\"elementor-button-text\">Ir para o site<\/span>\n\t\t\t\t\t<\/span>\n\t\t\t\t\t<\/a>\n\t\t<\/div>\n\t\t\t\t<\/div>\n\t\t\t\t<\/div>\n\t\t\t\t\t<\/div>\n\t\t<\/div>\n\t\t\t\t\t<\/div>\n\t\t<\/section>\n\t\t\t\t<section class=\"elementor-section elementor-top-section elementor-element elementor-element-c5ca4f9 elementor-section-boxed elementor-section-height-default elementor-section-height-default parallax_section_no qode_elementor_container_no\" data-id=\"c5ca4f9\" data-element_type=\"section\">\n\t\t\t\t\t\t<div class=\"elementor-container elementor-column-gap-default\">\n\t\t\t\t\t<div class=\"elementor-column elementor-col-100 elementor-top-column elementor-element elementor-element-1f328b5\" data-id=\"1f328b5\" data-element_type=\"column\">\n\t\t\t<div class=\"elementor-widget-wrap elementor-element-populated\">\n\t\t\t\t\t\t<div class=\"elementor-element elementor-element-ea0d52c elementor-widget elementor-widget-text-editor\" data-id=\"ea0d52c\" data-element_type=\"widget\" data-widget_type=\"text-editor.default\">\n\t\t\t\t<div class=\"elementor-widget-container\">\n\t\t\t\t\t\t\t<p>Os associados ter\u00e3o direito aos seguintes descontos no ato da matr\u00edcula e nas mensalidades, em <strong data-renderer-mark=\"true\">qualquer unidade Sigma<\/strong>, desde que haja <strong data-renderer-mark=\"true\">vaga na turma<\/strong>:<\/p>\t\t\t\t\t\t<\/div>\n\t\t\t\t<\/div>\n\t\t\t\t\t<\/div>\n\t\t<\/div>\n\t\t\t\t\t<\/div>\n\t\t<\/section>\n\t\t\t\t<\/div>\n\t\t","protected":false},"excerpt":{"rendered":"<p>Col\u00e9gio Sigma Descri\u00e7\u00e3o: Nossa escola, fundada em 1983, foi constru\u00edda \u00e0 luz de uma proposta de excel\u00eancia acad\u00eamica e de forma\u00e7\u00e3o integral do estudante. O nome Sigma (\u03a3) \u00e9 originado de uma letra do alfabeto grego que significa somat\u00f3rio e que se consolidou em nossa&#8230;<\/p>\n","protected":false},"author":1,"featured_media":0,"parent":0,"menu_order":0,"comment_status":"closed","ping_status":"closed","template":"elementor_header_footer","meta":{"footnotes":""},"_links":{"self":[{"href":"https:\/\/ases-df.org.br\/novo\/wp-json\/wp\/v2\/pages\/1260"}],"collection":[{"href":"https:\/\/ases-df.org.br\/novo\/wp-json\/wp\/v2\/pages"}],"about":[{"href":"https:\/\/ases-df.org.br\/novo\/wp-json\/wp\/v2\/types\/page"}],"author":[{"embeddable":true,"href":"https:\/\/ases-df.org.br\/novo\/wp-json\/wp\/v2\/users\/1"}],"replies":[{"embeddable":true,"href":"https:\/\/ases-df.org.br\/novo\/wp-json\/wp\/v2\/comments?post=1260"}],"version-history":[{"count":12,"href":"https:\/\/ases-df.org.br\/novo\/wp-json\/wp\/v2\/pages\/1260\/revisions"}],"predecessor-version":[{"id":24932,"href":"https:\/\/ases-df.org.br\/novo\/wp-json\/wp\/v2\/pages\/1260\/revisions\/24932"}],"wp:attachment":[{"href":"https:\/\/ases-df.org.br\/novo\/wp-json\/wp\/v2\/media?parent=1260"}],"curies":[{"name":"wp","href":"https:\/\/api.w.org\/{rel}","templated":true}]}}