{"id":1443,"date":"2020-10-20T15:45:26","date_gmt":"2020-10-20T18:45:26","guid":{"rendered":"http:\/\/ases-df.org.br\/novo\/?page_id=1443"},"modified":"2026-01-09T12:08:59","modified_gmt":"2026-01-09T15:08:59","slug":"como-se-associar","status":"publish","type":"page","link":"https:\/\/ases-df.org.br\/novo\/como-se-associar\/","title":{"rendered":"Como se associar\u200b"},"content":{"rendered":"\t\t<div data-elementor-type=\"wp-page\" data-elementor-id=\"1443\" class=\"elementor elementor-1443\">\n\t\t\t\t\t\t<section class=\"elementor-section elementor-top-section elementor-element elementor-element-3abcae1 elementor-section-full_width elementor-section-height-default elementor-section-height-default parallax_section_no qode_elementor_container_no\" data-id=\"3abcae1\" data-element_type=\"section\" data-settings=\"{&quot;background_background&quot;:&quot;classic&quot;}\">\n\t\t\t\t\t\t\t<div class=\"elementor-background-overlay\"><\/div>\n\t\t\t\t\t\t\t<div class=\"elementor-container elementor-column-gap-default\">\n\t\t\t\t\t<div class=\"elementor-column elementor-col-100 elementor-top-column elementor-element elementor-element-8357c75\" data-id=\"8357c75\" data-element_type=\"column\">\n\t\t\t<div class=\"elementor-widget-wrap elementor-element-populated\">\n\t\t\t\t\t\t<div class=\"elementor-element elementor-element-34537d1 elementor-widget elementor-widget-heading\" data-id=\"34537d1\" data-element_type=\"widget\" data-widget_type=\"heading.default\">\n\t\t\t\t<div class=\"elementor-widget-container\">\n\t\t\t<h1 class=\"elementor-heading-title elementor-size-default\">Como se associar ao Clube Ases<\/h1>\t\t<\/div>\n\t\t\t\t<\/div>\n\t\t\t\t\t<\/div>\n\t\t<\/div>\n\t\t\t\t\t<\/div>\n\t\t<\/section>\n\t\t\t\t<section class=\"elementor-section elementor-top-section elementor-element elementor-element-51f01749 elementor-section-content-middle elementor-section-boxed elementor-section-height-default elementor-section-height-default parallax_section_no qode_elementor_container_no\" data-id=\"51f01749\" data-element_type=\"section\">\n\t\t\t\t\t\t<div class=\"elementor-container elementor-column-gap-no\">\n\t\t\t\t\t<div class=\"elementor-column elementor-col-100 elementor-top-column elementor-element elementor-element-596c280a\" data-id=\"596c280a\" data-element_type=\"column\">\n\t\t\t<div class=\"elementor-widget-wrap elementor-element-populated\">\n\t\t\t\t\t\t<div class=\"elementor-element elementor-element-76b69d67 elementor-widget elementor-widget-text-editor\" data-id=\"76b69d67\" data-element_type=\"widget\" data-widget_type=\"text-editor.default\">\n\t\t\t\t<div class=\"elementor-widget-container\">\n\t\t\t\t\t\t\t<h1>Torne-se associado do Clube Ases<\/h1>\t\t\t\t\t\t<\/div>\n\t\t\t\t<\/div>\n\t\t\t\t<div class=\"elementor-element elementor-element-e724890 elementor-widget elementor-widget-text-editor\" data-id=\"e724890\" data-element_type=\"widget\" data-widget_type=\"text-editor.default\">\n\t\t\t\t<div class=\"elementor-widget-container\">\n\t\t\t\t\t\t\t<p>Conhe\u00e7a os benef\u00edcios<\/p>\t\t\t\t\t\t<\/div>\n\t\t\t\t<\/div>\n\t\t\t\t<div class=\"elementor-element elementor-element-d7f3693 elementor-widget elementor-widget-text-editor\" data-id=\"d7f3693\" data-element_type=\"widget\" data-widget_type=\"text-editor.default\">\n\t\t\t\t<div class=\"elementor-widget-container\">\n\t\t\t\t\t\t\t<p>O Clube Ases oferece aos seus associados usu\u00e1rios uma \u00e1rea com localiza\u00e7\u00e3o privilegiada \u00e0s margens do Lago Parano\u00e1, em frente ao Pont\u00e3o do Lago Sul e ao lado do P\u00eder-21. Apresenta em suas depend\u00eancias amplo estacionamento, \u00e1rea verde, espa\u00e7o para eventos, campo de futebol, quadras de esporte, churrasqueiras, parque aqu\u00e1tico, lanchonetes, sal\u00e3o de festas, sala de treinamento e outros ambientes para uso de seus associados.<\/p><p>Al\u00e9m de proporcionar divers\u00e3o e entretenimento, o Clube Ases possui uma rede de conv\u00eanios, onde voc\u00ea pode encontrar descontos de 10 a 50% e prazos para pagamento.<\/p><p>O Plano Familiar possibilita a frequ\u00eancia do titular do plano e seus dependentes (veja detalhamento no Regimento Interno dispon\u00edvel no site). Veja valores de cada plano na tabela a seguir.<\/p><p>Para fazer parte do nosso quadro associativo, basta preencher a ficha de inscri\u00e7\u00e3o e entreg\u00e1-la na Secretaria do Clube.<\/p><p>Associe-se, pois, as vagas s\u00e3o limitadas para novos <strong>S\u00f3cios<\/strong><strong>\u00a0Usu\u00e1rios<\/strong>\u00a0e aproveite ao m\u00e1ximo todos os benef\u00edcios! Torne-se um associado do Clube Ases.<\/p>\t\t\t\t\t\t<\/div>\n\t\t\t\t<\/div>\n\t\t\t\t<div class=\"elementor-element elementor-element-c325fdd elementor-widget elementor-widget-text-editor\" data-id=\"c325fdd\" data-element_type=\"widget\" data-widget_type=\"text-editor.default\">\n\t\t\t\t<div class=\"elementor-widget-container\">\n\t\t\t\t\t\t\t<p><strong>D\u00favidas ligue para o Clube Ases:<\/strong><\/p>\t\t\t\t\t\t<\/div>\n\t\t\t\t<\/div>\n\t\t\t\t<div class=\"elementor-element elementor-element-4cc31a5 elementor-widget elementor-widget-button\" data-id=\"4cc31a5\" data-element_type=\"widget\" data-widget_type=\"button.default\">\n\t\t\t\t<div class=\"elementor-widget-container\">\n\t\t\t\t\t<div class=\"elementor-button-wrapper\">\n\t\t\t<a class=\"elementor-button elementor-button-link elementor-size-md\" href=\"#\">\n\t\t\t\t\t\t<span class=\"elementor-button-content-wrapper\">\n\t\t\t\t\t\t\t\t\t<span class=\"elementor-button-text\">(61) 3225-4540 \/ 99649-9664<\/span>\n\t\t\t\t\t<\/span>\n\t\t\t\t\t<\/a>\n\t\t<\/div>\n\t\t\t\t<\/div>\n\t\t\t\t<\/div>\n\t\t\t\t<div class=\"elementor-element elementor-element-70093f5 elementor-widget elementor-widget-spacer\" data-id=\"70093f5\" data-element_type=\"widget\" data-widget_type=\"spacer.default\">\n\t\t\t\t<div class=\"elementor-widget-container\">\n\t\t\t\t\t<div class=\"elementor-spacer\">\n\t\t\t<div class=\"elementor-spacer-inner\"><\/div>\n\t\t<\/div>\n\t\t\t\t<\/div>\n\t\t\t\t<\/div>\n\t\t\t\t<div class=\"elementor-element elementor-element-2ef997d elementor-widget elementor-widget-button\" data-id=\"2ef997d\" data-element_type=\"widget\" data-widget_type=\"button.default\">\n\t\t\t\t<div class=\"elementor-widget-container\">\n\t\t\t\t\t<div class=\"elementor-button-wrapper\">\n\t\t\t<a class=\"elementor-button elementor-button-link elementor-size-md\" href=\"https:\/\/ases-df.org.br\/novo\/wp-content\/uploads\/2025\/09\/Ficha-de-Adesao-Plano-Individual.docx\" target=\"_blank\">\n\t\t\t\t\t\t<span class=\"elementor-button-content-wrapper\">\n\t\t\t\t\t\t\t\t\t<span class=\"elementor-button-text\">Ficha de Ades\u00e3o (Plano Individual)<\/span>\n\t\t\t\t\t<\/span>\n\t\t\t\t\t<\/a>\n\t\t<\/div>\n\t\t\t\t<\/div>\n\t\t\t\t<\/div>\n\t\t\t\t<div class=\"elementor-element elementor-element-fe6ecb2 elementor-widget elementor-widget-button\" data-id=\"fe6ecb2\" data-element_type=\"widget\" data-widget_type=\"button.default\">\n\t\t\t\t<div class=\"elementor-widget-container\">\n\t\t\t\t\t<div class=\"elementor-button-wrapper\">\n\t\t\t<a class=\"elementor-button elementor-button-link elementor-size-md\" href=\"https:\/\/ases-df.org.br\/novo\/wp-content\/uploads\/2025\/09\/Ficha-de-Adesao-Plano-Familia.docx\" target=\"_blank\">\n\t\t\t\t\t\t<span class=\"elementor-button-content-wrapper\">\n\t\t\t\t\t\t\t\t\t<span class=\"elementor-button-text\">Ficha de Adesa\u0303o (Plano Fam\u00edlia)<\/span>\n\t\t\t\t\t<\/span>\n\t\t\t\t\t<\/a>\n\t\t<\/div>\n\t\t\t\t<\/div>\n\t\t\t\t<\/div>\n\t\t\t\t<div class=\"elementor-element elementor-element-79364404 elementor-widget elementor-widget-image\" data-id=\"79364404\" data-element_type=\"widget\" data-widget_type=\"image.default\">\n\t\t\t\t<div class=\"elementor-widget-container\">\n\t\t\t\t\t\t\t\t\t\t\t\t\t<img fetchpriority=\"high\" decoding=\"async\" width=\"1536\" height=\"2000\" src=\"https:\/\/ases-df.org.br\/novo\/wp-content\/uploads\/2026\/01\/plano-clube-1.png\" class=\"attachment-full size-full wp-image-25748\" alt=\"\" srcset=\"https:\/\/ases-df.org.br\/novo\/wp-content\/uploads\/2026\/01\/plano-clube-1.png 1536w, https:\/\/ases-df.org.br\/novo\/wp-content\/uploads\/2026\/01\/plano-clube-1-230x300.png 230w, https:\/\/ases-df.org.br\/novo\/wp-content\/uploads\/2026\/01\/plano-clube-1-786x1024.png 786w, https:\/\/ases-df.org.br\/novo\/wp-content\/uploads\/2026\/01\/plano-clube-1-768x1000.png 768w, https:\/\/ases-df.org.br\/novo\/wp-content\/uploads\/2026\/01\/plano-clube-1-1180x1536.png 1180w, https:\/\/ases-df.org.br\/novo\/wp-content\/uploads\/2026\/01\/plano-clube-1-700x911.png 700w\" sizes=\"(max-width: 1536px) 100vw, 1536px\" \/>\t\t\t\t\t\t\t\t\t\t\t\t\t<\/div>\n\t\t\t\t<\/div>\n\t\t\t\t\t<\/div>\n\t\t<\/div>\n\t\t\t\t\t<\/div>\n\t\t<\/section>\n\t\t\t\t<\/div>\n\t\t","protected":false},"excerpt":{"rendered":"<p>Como se associar ao Clube Ases Torne-se associado do Clube Ases Conhe\u00e7a os benef\u00edcios O Clube Ases oferece aos seus associados usu\u00e1rios uma \u00e1rea com localiza\u00e7\u00e3o privilegiada \u00e0s margens do Lago Parano\u00e1, em frente ao Pont\u00e3o do Lago Sul e ao lado do P\u00eder-21. Apresenta&#8230;<\/p>\n","protected":false},"author":1,"featured_media":0,"parent":0,"menu_order":0,"comment_status":"closed","ping_status":"closed","template":"elementor_header_footer","meta":{"footnotes":""},"_links":{"self":[{"href":"https:\/\/ases-df.org.br\/novo\/wp-json\/wp\/v2\/pages\/1443"}],"collection":[{"href":"https:\/\/ases-df.org.br\/novo\/wp-json\/wp\/v2\/pages"}],"about":[{"href":"https:\/\/ases-df.org.br\/novo\/wp-json\/wp\/v2\/types\/page"}],"author":[{"embeddable":true,"href":"https:\/\/ases-df.org.br\/novo\/wp-json\/wp\/v2\/users\/1"}],"replies":[{"embeddable":true,"href":"https:\/\/ases-df.org.br\/novo\/wp-json\/wp\/v2\/comments?post=1443"}],"version-history":[{"count":91,"href":"https:\/\/ases-df.org.br\/novo\/wp-json\/wp\/v2\/pages\/1443\/revisions"}],"predecessor-version":[{"id":25751,"href":"https:\/\/ases-df.org.br\/novo\/wp-json\/wp\/v2\/pages\/1443\/revisions\/25751"}],"wp:attachment":[{"href":"https:\/\/ases-df.org.br\/novo\/wp-json\/wp\/v2\/media?parent=1443"}],"curies":[{"name":"wp","href":"https:\/\/api.w.org\/{rel}","templated":true}]}}