{"id":20093,"date":"2022-09-28T14:06:52","date_gmt":"2022-09-28T17:06:52","guid":{"rendered":"http:\/\/ases-df.org.br\/novo\/?page_id=20093"},"modified":"2022-09-28T14:50:07","modified_gmt":"2022-09-28T17:50:07","slug":"a-ases-df-e-uma-festa","status":"publish","type":"page","link":"https:\/\/ases-df.org.br\/novo\/a-ases-df-e-uma-festa\/","title":{"rendered":"A Ases-DF \u00e9 uma festa"},"content":{"rendered":"\t\t<div data-elementor-type=\"wp-page\" data-elementor-id=\"20093\" class=\"elementor elementor-20093\">\n\t\t\t\t\t\t<section class=\"elementor-section elementor-top-section elementor-element elementor-element-3abcae1 elementor-section-full_width elementor-section-height-default elementor-section-height-default parallax_section_no qode_elementor_container_no\" data-id=\"3abcae1\" data-element_type=\"section\" data-settings=\"{&quot;background_background&quot;:&quot;classic&quot;}\">\n\t\t\t\t\t\t\t<div class=\"elementor-background-overlay\"><\/div>\n\t\t\t\t\t\t\t<div class=\"elementor-container elementor-column-gap-default\">\n\t\t\t\t\t<div class=\"elementor-column elementor-col-100 elementor-top-column elementor-element elementor-element-8357c75\" data-id=\"8357c75\" data-element_type=\"column\">\n\t\t\t<div class=\"elementor-widget-wrap elementor-element-populated\">\n\t\t\t\t\t\t<div class=\"elementor-element elementor-element-34537d1 elementor-widget elementor-widget-heading\" data-id=\"34537d1\" data-element_type=\"widget\" data-widget_type=\"heading.default\">\n\t\t\t\t<div class=\"elementor-widget-container\">\n\t\t\t<h1 class=\"elementor-heading-title elementor-size-default\">Galeria de imagens<\/h1>\t\t<\/div>\n\t\t\t\t<\/div>\n\t\t\t\t\t<\/div>\n\t\t<\/div>\n\t\t\t\t\t<\/div>\n\t\t<\/section>\n\t\t\t\t<section class=\"elementor-section elementor-top-section elementor-element elementor-element-10328a3 elementor-section-boxed elementor-section-height-default elementor-section-height-default parallax_section_no qode_elementor_container_no\" data-id=\"10328a3\" data-element_type=\"section\">\n\t\t\t\t\t\t<div class=\"elementor-container elementor-column-gap-default\">\n\t\t\t\t\t<div class=\"elementor-column elementor-col-100 elementor-top-column elementor-element elementor-element-2b037bb\" data-id=\"2b037bb\" data-element_type=\"column\">\n\t\t\t<div class=\"elementor-widget-wrap elementor-element-populated\">\n\t\t\t\t\t\t<div class=\"elementor-element elementor-element-2137dd3 elementor-widget elementor-widget-text-editor\" data-id=\"2137dd3\" data-element_type=\"widget\" data-widget_type=\"text-editor.default\">\n\t\t\t\t<div class=\"elementor-widget-container\">\n\t\t\t\t\t\t\t<p>1\u2070 Encontro dos amigos do golzinho<\/p>\t\t\t\t\t\t<\/div>\n\t\t\t\t<\/div>\n\t\t\t\t<div class=\"elementor-element elementor-element-98765c8 elementor-widget elementor-widget-text-editor\" data-id=\"98765c8\" data-element_type=\"widget\" data-widget_type=\"text-editor.default\">\n\t\t\t\t<div class=\"elementor-widget-container\">\n\t\t\t\t\t\t\t<p>Cr\u00e9dito de fotos: Paulo Cesar e Marinalda<\/p>\t\t\t\t\t\t<\/div>\n\t\t\t\t<\/div>\n\t\t\t\t<div class=\"elementor-element elementor-element-9c3ae0e elementor-widget elementor-widget-image-gallery\" data-id=\"9c3ae0e\" data-element_type=\"widget\" data-widget_type=\"image-gallery.default\">\n\t\t\t\t<div class=\"elementor-widget-container\">\n\t\t\t\t\t<div class=\"elementor-image-gallery\">\n\t\t\t\n\t\t<style type=\"text\/css\">\n\t\t\t#gallery-1 {\n\t\t\t\tmargin: auto;\n\t\t\t}\n\t\t\t#gallery-1 .gallery-item {\n\t\t\t\tfloat: left;\n\t\t\t\tmargin-top: 10px;\n\t\t\t\ttext-align: center;\n\t\t\t\twidth: 25%;\n\t\t\t}\n\t\t\t#gallery-1 img {\n\t\t\t\tborder: 2px solid #cfcfcf;\n\t\t\t}\n\t\t\t#gallery-1 .gallery-caption {\n\t\t\t\tmargin-left: 0;\n\t\t\t}\n\t\t\t\/* see gallery_shortcode() in wp-includes\/media.php *\/\n\t\t<\/style>\n\t\t<div id='gallery-1' class='gallery galleryid-20093 gallery-columns-4 gallery-size-portfolio_slider'><dl class='gallery-item'>\n\t\t\t<dt class='gallery-icon landscape'>\n\t\t\t\t<a data-elementor-open-lightbox=\"yes\" data-elementor-lightbox-slideshow=\"9c3ae0e\" data-elementor-lightbox-title=\"WhatsApp Image 2022-09-28 at 10.03.54\" data-e-action-hash=\"#elementor-action%3Aaction%3Dlightbox%26settings%3DeyJpZCI6MjAwOTQsInVybCI6Imh0dHBzOlwvXC9hc2VzLWRmLm9yZy5iclwvbm92b1wvd3AtY29udGVudFwvdXBsb2Fkc1wvMjAyMlwvMDlcL1doYXRzQXBwLUltYWdlLTIwMjItMDktMjgtYXQtMTAuMDMuNTQuanBlZyIsInNsaWRlc2hvdyI6IjljM2FlMGUifQ%3D%3D\" href='https:\/\/ases-df.org.br\/novo\/wp-content\/uploads\/2022\/09\/WhatsApp-Image-2022-09-28-at-10.03.54.jpeg'><img fetchpriority=\"high\" decoding=\"async\" width=\"500\" height=\"380\" src=\"https:\/\/ases-df.org.br\/novo\/wp-content\/uploads\/2022\/09\/WhatsApp-Image-2022-09-28-at-10.03.54-500x380.jpeg\" class=\"attachment-portfolio_slider size-portfolio_slider\" alt=\"\" \/><\/a>\n\t\t\t<\/dt><\/dl><dl class='gallery-item'>\n\t\t\t<dt class='gallery-icon landscape'>\n\t\t\t\t<a data-elementor-open-lightbox=\"yes\" data-elementor-lightbox-slideshow=\"9c3ae0e\" data-elementor-lightbox-title=\"WhatsApp Image 2022-09-28 at 10.03.55\" data-e-action-hash=\"#elementor-action%3Aaction%3Dlightbox%26settings%3DeyJpZCI6MjAwOTUsInVybCI6Imh0dHBzOlwvXC9hc2VzLWRmLm9yZy5iclwvbm92b1wvd3AtY29udGVudFwvdXBsb2Fkc1wvMjAyMlwvMDlcL1doYXRzQXBwLUltYWdlLTIwMjItMDktMjgtYXQtMTAuMDMuNTUuanBlZyIsInNsaWRlc2hvdyI6IjljM2FlMGUifQ%3D%3D\" href='https:\/\/ases-df.org.br\/novo\/wp-content\/uploads\/2022\/09\/WhatsApp-Image-2022-09-28-at-10.03.55.jpeg'><img decoding=\"async\" width=\"500\" height=\"380\" src=\"https:\/\/ases-df.org.br\/novo\/wp-content\/uploads\/2022\/09\/WhatsApp-Image-2022-09-28-at-10.03.55-500x380.jpeg\" class=\"attachment-portfolio_slider size-portfolio_slider\" alt=\"\" \/><\/a>\n\t\t\t<\/dt><\/dl><dl class='gallery-item'>\n\t\t\t<dt class='gallery-icon landscape'>\n\t\t\t\t<a data-elementor-open-lightbox=\"yes\" data-elementor-lightbox-slideshow=\"9c3ae0e\" data-elementor-lightbox-title=\"WhatsApp Image 2022-09-28 at 10.03.57\" data-e-action-hash=\"#elementor-action%3Aaction%3Dlightbox%26settings%3DeyJpZCI6MjAwOTYsInVybCI6Imh0dHBzOlwvXC9hc2VzLWRmLm9yZy5iclwvbm92b1wvd3AtY29udGVudFwvdXBsb2Fkc1wvMjAyMlwvMDlcL1doYXRzQXBwLUltYWdlLTIwMjItMDktMjgtYXQtMTAuMDMuNTcuanBlZyIsInNsaWRlc2hvdyI6IjljM2FlMGUifQ%3D%3D\" href='https:\/\/ases-df.org.br\/novo\/wp-content\/uploads\/2022\/09\/WhatsApp-Image-2022-09-28-at-10.03.57.jpeg'><img decoding=\"async\" width=\"500\" height=\"380\" src=\"https:\/\/ases-df.org.br\/novo\/wp-content\/uploads\/2022\/09\/WhatsApp-Image-2022-09-28-at-10.03.57-500x380.jpeg\" class=\"attachment-portfolio_slider size-portfolio_slider\" alt=\"\" \/><\/a>\n\t\t\t<\/dt><\/dl><dl class='gallery-item'>\n\t\t\t<dt class='gallery-icon landscape'>\n\t\t\t\t<a data-elementor-open-lightbox=\"yes\" data-elementor-lightbox-slideshow=\"9c3ae0e\" data-elementor-lightbox-title=\"WhatsApp Image 2022-09-28 at 10.03.58\" data-e-action-hash=\"#elementor-action%3Aaction%3Dlightbox%26settings%3DeyJpZCI6MjAwOTcsInVybCI6Imh0dHBzOlwvXC9hc2VzLWRmLm9yZy5iclwvbm92b1wvd3AtY29udGVudFwvdXBsb2Fkc1wvMjAyMlwvMDlcL1doYXRzQXBwLUltYWdlLTIwMjItMDktMjgtYXQtMTAuMDMuNTguanBlZyIsInNsaWRlc2hvdyI6IjljM2FlMGUifQ%3D%3D\" href='https:\/\/ases-df.org.br\/novo\/wp-content\/uploads\/2022\/09\/WhatsApp-Image-2022-09-28-at-10.03.58.jpeg'><img loading=\"lazy\" decoding=\"async\" width=\"500\" height=\"380\" src=\"https:\/\/ases-df.org.br\/novo\/wp-content\/uploads\/2022\/09\/WhatsApp-Image-2022-09-28-at-10.03.58-500x380.jpeg\" class=\"attachment-portfolio_slider size-portfolio_slider\" alt=\"\" \/><\/a>\n\t\t\t<\/dt><\/dl><br style=\"clear: both\" \/><dl class='gallery-item'>\n\t\t\t<dt class='gallery-icon landscape'>\n\t\t\t\t<a data-elementor-open-lightbox=\"yes\" data-elementor-lightbox-slideshow=\"9c3ae0e\" data-elementor-lightbox-title=\"WhatsApp Image 2022-09-28 at 10.03.59\" data-e-action-hash=\"#elementor-action%3Aaction%3Dlightbox%26settings%3DeyJpZCI6MjAwOTgsInVybCI6Imh0dHBzOlwvXC9hc2VzLWRmLm9yZy5iclwvbm92b1wvd3AtY29udGVudFwvdXBsb2Fkc1wvMjAyMlwvMDlcL1doYXRzQXBwLUltYWdlLTIwMjItMDktMjgtYXQtMTAuMDMuNTkuanBlZyIsInNsaWRlc2hvdyI6IjljM2FlMGUifQ%3D%3D\" href='https:\/\/ases-df.org.br\/novo\/wp-content\/uploads\/2022\/09\/WhatsApp-Image-2022-09-28-at-10.03.59.jpeg'><img loading=\"lazy\" decoding=\"async\" width=\"500\" height=\"380\" src=\"https:\/\/ases-df.org.br\/novo\/wp-content\/uploads\/2022\/09\/WhatsApp-Image-2022-09-28-at-10.03.59-500x380.jpeg\" class=\"attachment-portfolio_slider size-portfolio_slider\" alt=\"\" \/><\/a>\n\t\t\t<\/dt><\/dl><dl class='gallery-item'>\n\t\t\t<dt class='gallery-icon landscape'>\n\t\t\t\t<a data-elementor-open-lightbox=\"yes\" data-elementor-lightbox-slideshow=\"9c3ae0e\" data-elementor-lightbox-title=\"WhatsApp Image 2022-09-28 at 10.04.00\" data-e-action-hash=\"#elementor-action%3Aaction%3Dlightbox%26settings%3DeyJpZCI6MjAwOTksInVybCI6Imh0dHBzOlwvXC9hc2VzLWRmLm9yZy5iclwvbm92b1wvd3AtY29udGVudFwvdXBsb2Fkc1wvMjAyMlwvMDlcL1doYXRzQXBwLUltYWdlLTIwMjItMDktMjgtYXQtMTAuMDQuMDAuanBlZyIsInNsaWRlc2hvdyI6IjljM2FlMGUifQ%3D%3D\" href='https:\/\/ases-df.org.br\/novo\/wp-content\/uploads\/2022\/09\/WhatsApp-Image-2022-09-28-at-10.04.00.jpeg'><img loading=\"lazy\" decoding=\"async\" width=\"500\" height=\"380\" src=\"https:\/\/ases-df.org.br\/novo\/wp-content\/uploads\/2022\/09\/WhatsApp-Image-2022-09-28-at-10.04.00-500x380.jpeg\" class=\"attachment-portfolio_slider size-portfolio_slider\" alt=\"\" \/><\/a>\n\t\t\t<\/dt><\/dl><dl class='gallery-item'>\n\t\t\t<dt class='gallery-icon portrait'>\n\t\t\t\t<a data-elementor-open-lightbox=\"yes\" data-elementor-lightbox-slideshow=\"9c3ae0e\" data-elementor-lightbox-title=\"WhatsApp Image 2022-09-28 at 10.04.01\" data-e-action-hash=\"#elementor-action%3Aaction%3Dlightbox%26settings%3DeyJpZCI6MjAxMDAsInVybCI6Imh0dHBzOlwvXC9hc2VzLWRmLm9yZy5iclwvbm92b1wvd3AtY29udGVudFwvdXBsb2Fkc1wvMjAyMlwvMDlcL1doYXRzQXBwLUltYWdlLTIwMjItMDktMjgtYXQtMTAuMDQuMDEuanBlZyIsInNsaWRlc2hvdyI6IjljM2FlMGUifQ%3D%3D\" href='https:\/\/ases-df.org.br\/novo\/wp-content\/uploads\/2022\/09\/WhatsApp-Image-2022-09-28-at-10.04.01.jpeg'><img loading=\"lazy\" decoding=\"async\" width=\"500\" height=\"380\" src=\"https:\/\/ases-df.org.br\/novo\/wp-content\/uploads\/2022\/09\/WhatsApp-Image-2022-09-28-at-10.04.01-500x380.jpeg\" class=\"attachment-portfolio_slider size-portfolio_slider\" alt=\"\" \/><\/a>\n\t\t\t<\/dt><\/dl><dl class='gallery-item'>\n\t\t\t<dt class='gallery-icon portrait'>\n\t\t\t\t<a data-elementor-open-lightbox=\"yes\" data-elementor-lightbox-slideshow=\"9c3ae0e\" data-elementor-lightbox-title=\"WhatsApp Image 2022-09-28 at 10.04.02\" data-e-action-hash=\"#elementor-action%3Aaction%3Dlightbox%26settings%3DeyJpZCI6MjAxMDEsInVybCI6Imh0dHBzOlwvXC9hc2VzLWRmLm9yZy5iclwvbm92b1wvd3AtY29udGVudFwvdXBsb2Fkc1wvMjAyMlwvMDlcL1doYXRzQXBwLUltYWdlLTIwMjItMDktMjgtYXQtMTAuMDQuMDIuanBlZyIsInNsaWRlc2hvdyI6IjljM2FlMGUifQ%3D%3D\" href='https:\/\/ases-df.org.br\/novo\/wp-content\/uploads\/2022\/09\/WhatsApp-Image-2022-09-28-at-10.04.02.jpeg'><img loading=\"lazy\" decoding=\"async\" width=\"500\" height=\"380\" src=\"https:\/\/ases-df.org.br\/novo\/wp-content\/uploads\/2022\/09\/WhatsApp-Image-2022-09-28-at-10.04.02-500x380.jpeg\" class=\"attachment-portfolio_slider size-portfolio_slider\" alt=\"\" \/><\/a>\n\t\t\t<\/dt><\/dl><br style=\"clear: both\" \/><dl class='gallery-item'>\n\t\t\t<dt class='gallery-icon landscape'>\n\t\t\t\t<a data-elementor-open-lightbox=\"yes\" data-elementor-lightbox-slideshow=\"9c3ae0e\" data-elementor-lightbox-title=\"WhatsApp Image 2022-09-28 at 10.04.03\" data-e-action-hash=\"#elementor-action%3Aaction%3Dlightbox%26settings%3DeyJpZCI6MjAxMDIsInVybCI6Imh0dHBzOlwvXC9hc2VzLWRmLm9yZy5iclwvbm92b1wvd3AtY29udGVudFwvdXBsb2Fkc1wvMjAyMlwvMDlcL1doYXRzQXBwLUltYWdlLTIwMjItMDktMjgtYXQtMTAuMDQuMDMuanBlZyIsInNsaWRlc2hvdyI6IjljM2FlMGUifQ%3D%3D\" href='https:\/\/ases-df.org.br\/novo\/wp-content\/uploads\/2022\/09\/WhatsApp-Image-2022-09-28-at-10.04.03.jpeg'><img loading=\"lazy\" decoding=\"async\" width=\"500\" height=\"380\" src=\"https:\/\/ases-df.org.br\/novo\/wp-content\/uploads\/2022\/09\/WhatsApp-Image-2022-09-28-at-10.04.03-500x380.jpeg\" class=\"attachment-portfolio_slider size-portfolio_slider\" alt=\"\" \/><\/a>\n\t\t\t<\/dt><\/dl><dl class='gallery-item'>\n\t\t\t<dt class='gallery-icon landscape'>\n\t\t\t\t<a data-elementor-open-lightbox=\"yes\" data-elementor-lightbox-slideshow=\"9c3ae0e\" data-elementor-lightbox-title=\"WhatsApp Image 2022-09-28 at 10.04.04\" data-e-action-hash=\"#elementor-action%3Aaction%3Dlightbox%26settings%3DeyJpZCI6MjAxMDMsInVybCI6Imh0dHBzOlwvXC9hc2VzLWRmLm9yZy5iclwvbm92b1wvd3AtY29udGVudFwvdXBsb2Fkc1wvMjAyMlwvMDlcL1doYXRzQXBwLUltYWdlLTIwMjItMDktMjgtYXQtMTAuMDQuMDQuanBlZyIsInNsaWRlc2hvdyI6IjljM2FlMGUifQ%3D%3D\" href='https:\/\/ases-df.org.br\/novo\/wp-content\/uploads\/2022\/09\/WhatsApp-Image-2022-09-28-at-10.04.04.jpeg'><img loading=\"lazy\" decoding=\"async\" width=\"500\" height=\"380\" src=\"https:\/\/ases-df.org.br\/novo\/wp-content\/uploads\/2022\/09\/WhatsApp-Image-2022-09-28-at-10.04.04-500x380.jpeg\" class=\"attachment-portfolio_slider size-portfolio_slider\" alt=\"\" \/><\/a>\n\t\t\t<\/dt><\/dl><dl class='gallery-item'>\n\t\t\t<dt class='gallery-icon landscape'>\n\t\t\t\t<a data-elementor-open-lightbox=\"yes\" data-elementor-lightbox-slideshow=\"9c3ae0e\" data-elementor-lightbox-title=\"WhatsApp Image 2022-09-28 at 10.04.05\" data-e-action-hash=\"#elementor-action%3Aaction%3Dlightbox%26settings%3DeyJpZCI6MjAxMDQsInVybCI6Imh0dHBzOlwvXC9hc2VzLWRmLm9yZy5iclwvbm92b1wvd3AtY29udGVudFwvdXBsb2Fkc1wvMjAyMlwvMDlcL1doYXRzQXBwLUltYWdlLTIwMjItMDktMjgtYXQtMTAuMDQuMDUuanBlZyIsInNsaWRlc2hvdyI6IjljM2FlMGUifQ%3D%3D\" href='https:\/\/ases-df.org.br\/novo\/wp-content\/uploads\/2022\/09\/WhatsApp-Image-2022-09-28-at-10.04.05.jpeg'><img loading=\"lazy\" decoding=\"async\" width=\"500\" height=\"380\" src=\"https:\/\/ases-df.org.br\/novo\/wp-content\/uploads\/2022\/09\/WhatsApp-Image-2022-09-28-at-10.04.05-500x380.jpeg\" class=\"attachment-portfolio_slider size-portfolio_slider\" alt=\"\" \/><\/a>\n\t\t\t<\/dt><\/dl>\n\t\t\t<br style='clear: both' \/>\n\t\t<\/div>\n\t\t<\/div>\n\t\t\t\t<\/div>\n\t\t\t\t<\/div>\n\t\t\t\t\t<\/div>\n\t\t<\/div>\n\t\t\t\t\t<\/div>\n\t\t<\/section>\n\t\t\t\t<section class=\"elementor-section elementor-top-section elementor-element elementor-element-53ee7ae elementor-section-boxed elementor-section-height-default elementor-section-height-default parallax_section_no qode_elementor_container_no\" data-id=\"53ee7ae\" data-element_type=\"section\">\n\t\t\t\t\t\t<div class=\"elementor-container elementor-column-gap-default\">\n\t\t\t\t\t<div class=\"elementor-column elementor-col-100 elementor-top-column elementor-element elementor-element-819acf0\" data-id=\"819acf0\" data-element_type=\"column\">\n\t\t\t<div class=\"elementor-widget-wrap elementor-element-populated\">\n\t\t\t\t\t\t<div class=\"elementor-element elementor-element-5298a10 elementor-widget elementor-widget-text-editor\" data-id=\"5298a10\" data-element_type=\"widget\" data-widget_type=\"text-editor.default\">\n\t\t\t\t<div class=\"elementor-widget-container\">\n\t\t\t\t\t\t\t<p>Bordado contempor\u00e2neo<\/p>\t\t\t\t\t\t<\/div>\n\t\t\t\t<\/div>\n\t\t\t\t<div class=\"elementor-element elementor-element-03a111a elementor-widget elementor-widget-text-editor\" data-id=\"03a111a\" data-element_type=\"widget\" data-widget_type=\"text-editor.default\">\n\t\t\t\t<div class=\"elementor-widget-container\">\n\t\t\t\t\t\t\t<p>Cr\u00e9dito de fotos: Marinauda<\/p>\t\t\t\t\t\t<\/div>\n\t\t\t\t<\/div>\n\t\t\t\t<div class=\"elementor-element elementor-element-22499ee elementor-widget elementor-widget-image-gallery\" data-id=\"22499ee\" data-element_type=\"widget\" data-widget_type=\"image-gallery.default\">\n\t\t\t\t<div class=\"elementor-widget-container\">\n\t\t\t\t\t<div class=\"elementor-image-gallery\">\n\t\t\t\n\t\t<style type=\"text\/css\">\n\t\t\t#gallery-2 {\n\t\t\t\tmargin: auto;\n\t\t\t}\n\t\t\t#gallery-2 .gallery-item {\n\t\t\t\tfloat: left;\n\t\t\t\tmargin-top: 10px;\n\t\t\t\ttext-align: center;\n\t\t\t\twidth: 25%;\n\t\t\t}\n\t\t\t#gallery-2 img {\n\t\t\t\tborder: 2px solid #cfcfcf;\n\t\t\t}\n\t\t\t#gallery-2 .gallery-caption {\n\t\t\t\tmargin-left: 0;\n\t\t\t}\n\t\t\t\/* see gallery_shortcode() in wp-includes\/media.php *\/\n\t\t<\/style>\n\t\t<div id='gallery-2' class='gallery galleryid-20093 gallery-columns-4 gallery-size-portfolio_slider'><dl class='gallery-item'>\n\t\t\t<dt class='gallery-icon landscape'>\n\t\t\t\t<a data-elementor-open-lightbox=\"yes\" data-elementor-lightbox-slideshow=\"22499ee\" data-elementor-lightbox-title=\"WhatsApp Image 2022-09-28 at 10.04.07\" data-e-action-hash=\"#elementor-action%3Aaction%3Dlightbox%26settings%3DeyJpZCI6MjAxMDUsInVybCI6Imh0dHBzOlwvXC9hc2VzLWRmLm9yZy5iclwvbm92b1wvd3AtY29udGVudFwvdXBsb2Fkc1wvMjAyMlwvMDlcL1doYXRzQXBwLUltYWdlLTIwMjItMDktMjgtYXQtMTAuMDQuMDcuanBlZyIsInNsaWRlc2hvdyI6IjIyNDk5ZWUifQ%3D%3D\" href='https:\/\/ases-df.org.br\/novo\/wp-content\/uploads\/2022\/09\/WhatsApp-Image-2022-09-28-at-10.04.07.jpeg'><img loading=\"lazy\" decoding=\"async\" width=\"500\" height=\"380\" src=\"https:\/\/ases-df.org.br\/novo\/wp-content\/uploads\/2022\/09\/WhatsApp-Image-2022-09-28-at-10.04.07-500x380.jpeg\" class=\"attachment-portfolio_slider size-portfolio_slider\" alt=\"\" \/><\/a>\n\t\t\t<\/dt><\/dl><dl class='gallery-item'>\n\t\t\t<dt class='gallery-icon landscape'>\n\t\t\t\t<a data-elementor-open-lightbox=\"yes\" data-elementor-lightbox-slideshow=\"22499ee\" data-elementor-lightbox-title=\"WhatsApp Image 2022-09-28 at 10.04.08\" data-e-action-hash=\"#elementor-action%3Aaction%3Dlightbox%26settings%3DeyJpZCI6MjAxMDYsInVybCI6Imh0dHBzOlwvXC9hc2VzLWRmLm9yZy5iclwvbm92b1wvd3AtY29udGVudFwvdXBsb2Fkc1wvMjAyMlwvMDlcL1doYXRzQXBwLUltYWdlLTIwMjItMDktMjgtYXQtMTAuMDQuMDguanBlZyIsInNsaWRlc2hvdyI6IjIyNDk5ZWUifQ%3D%3D\" href='https:\/\/ases-df.org.br\/novo\/wp-content\/uploads\/2022\/09\/WhatsApp-Image-2022-09-28-at-10.04.08.jpeg'><img loading=\"lazy\" decoding=\"async\" width=\"500\" height=\"380\" src=\"https:\/\/ases-df.org.br\/novo\/wp-content\/uploads\/2022\/09\/WhatsApp-Image-2022-09-28-at-10.04.08-500x380.jpeg\" class=\"attachment-portfolio_slider size-portfolio_slider\" alt=\"\" \/><\/a>\n\t\t\t<\/dt><\/dl><dl class='gallery-item'>\n\t\t\t<dt class='gallery-icon landscape'>\n\t\t\t\t<a data-elementor-open-lightbox=\"yes\" data-elementor-lightbox-slideshow=\"22499ee\" data-elementor-lightbox-title=\"WhatsApp Image 2022-09-28 at 10.04.10\" data-e-action-hash=\"#elementor-action%3Aaction%3Dlightbox%26settings%3DeyJpZCI6MjAxMDcsInVybCI6Imh0dHBzOlwvXC9hc2VzLWRmLm9yZy5iclwvbm92b1wvd3AtY29udGVudFwvdXBsb2Fkc1wvMjAyMlwvMDlcL1doYXRzQXBwLUltYWdlLTIwMjItMDktMjgtYXQtMTAuMDQuMTAuanBlZyIsInNsaWRlc2hvdyI6IjIyNDk5ZWUifQ%3D%3D\" href='https:\/\/ases-df.org.br\/novo\/wp-content\/uploads\/2022\/09\/WhatsApp-Image-2022-09-28-at-10.04.10.jpeg'><img loading=\"lazy\" decoding=\"async\" width=\"500\" height=\"380\" src=\"https:\/\/ases-df.org.br\/novo\/wp-content\/uploads\/2022\/09\/WhatsApp-Image-2022-09-28-at-10.04.10-500x380.jpeg\" class=\"attachment-portfolio_slider size-portfolio_slider\" alt=\"\" \/><\/a>\n\t\t\t<\/dt><\/dl><dl class='gallery-item'>\n\t\t\t<dt class='gallery-icon portrait'>\n\t\t\t\t<a data-elementor-open-lightbox=\"yes\" data-elementor-lightbox-slideshow=\"22499ee\" data-elementor-lightbox-title=\"WhatsApp Image 2022-09-28 at 10.04.11\" data-e-action-hash=\"#elementor-action%3Aaction%3Dlightbox%26settings%3DeyJpZCI6MjAxMDgsInVybCI6Imh0dHBzOlwvXC9hc2VzLWRmLm9yZy5iclwvbm92b1wvd3AtY29udGVudFwvdXBsb2Fkc1wvMjAyMlwvMDlcL1doYXRzQXBwLUltYWdlLTIwMjItMDktMjgtYXQtMTAuMDQuMTEuanBlZyIsInNsaWRlc2hvdyI6IjIyNDk5ZWUifQ%3D%3D\" href='https:\/\/ases-df.org.br\/novo\/wp-content\/uploads\/2022\/09\/WhatsApp-Image-2022-09-28-at-10.04.11.jpeg'><img loading=\"lazy\" decoding=\"async\" width=\"500\" height=\"380\" src=\"https:\/\/ases-df.org.br\/novo\/wp-content\/uploads\/2022\/09\/WhatsApp-Image-2022-09-28-at-10.04.11-500x380.jpeg\" class=\"attachment-portfolio_slider size-portfolio_slider\" alt=\"\" \/><\/a>\n\t\t\t<\/dt><\/dl><br style=\"clear: both\" \/>\n\t\t<\/div>\n\t\t<\/div>\n\t\t\t\t<\/div>\n\t\t\t\t<\/div>\n\t\t\t\t\t<\/div>\n\t\t<\/div>\n\t\t\t\t\t<\/div>\n\t\t<\/section>\n\t\t\t\t<\/div>\n\t\t","protected":false},"excerpt":{"rendered":"<p>Galeria de imagens 1\u2070 Encontro dos amigos do golzinho Cr\u00e9dito de fotos: Paulo Cesar e Marinalda Bordado contempor\u00e2neo Cr\u00e9dito de fotos: Marinauda<\/p>\n","protected":false},"author":1,"featured_media":0,"parent":0,"menu_order":0,"comment_status":"closed","ping_status":"closed","template":"elementor_header_footer","meta":{"footnotes":""},"_links":{"self":[{"href":"https:\/\/ases-df.org.br\/novo\/wp-json\/wp\/v2\/pages\/20093"}],"collection":[{"href":"https:\/\/ases-df.org.br\/novo\/wp-json\/wp\/v2\/pages"}],"about":[{"href":"https:\/\/ases-df.org.br\/novo\/wp-json\/wp\/v2\/types\/page"}],"author":[{"embeddable":true,"href":"https:\/\/ases-df.org.br\/novo\/wp-json\/wp\/v2\/users\/1"}],"replies":[{"embeddable":true,"href":"https:\/\/ases-df.org.br\/novo\/wp-json\/wp\/v2\/comments?post=20093"}],"version-history":[{"count":6,"href":"https:\/\/ases-df.org.br\/novo\/wp-json\/wp\/v2\/pages\/20093\/revisions"}],"predecessor-version":[{"id":20120,"href":"https:\/\/ases-df.org.br\/novo\/wp-json\/wp\/v2\/pages\/20093\/revisions\/20120"}],"wp:attachment":[{"href":"https:\/\/ases-df.org.br\/novo\/wp-json\/wp\/v2\/media?parent=20093"}],"curies":[{"name":"wp","href":"https:\/\/api.w.org\/{rel}","templated":true}]}}