{"id":203,"date":"2019-12-02T17:15:56","date_gmt":"2019-12-02T19:15:56","guid":{"rendered":"http:\/\/ases-df.org.br\/novo\/?page_id=203"},"modified":"2024-04-02T13:32:45","modified_gmt":"2024-04-02T16:32:45","slug":"a-ases","status":"publish","type":"page","link":"https:\/\/ases-df.org.br\/novo\/a-ases\/","title":{"rendered":"A Ases"},"content":{"rendered":"\t\t<div data-elementor-type=\"wp-page\" data-elementor-id=\"203\" class=\"elementor elementor-203\">\n\t\t\t\t\t\t<section class=\"elementor-section elementor-top-section elementor-element elementor-element-3abcae1 elementor-section-full_width elementor-section-height-default elementor-section-height-default parallax_section_no qode_elementor_container_no\" data-id=\"3abcae1\" data-element_type=\"section\" data-settings=\"{&quot;background_background&quot;:&quot;classic&quot;}\">\n\t\t\t\t\t\t\t<div class=\"elementor-background-overlay\"><\/div>\n\t\t\t\t\t\t\t<div class=\"elementor-container elementor-column-gap-default\">\n\t\t\t\t\t<div class=\"elementor-column elementor-col-100 elementor-top-column elementor-element elementor-element-8357c75\" data-id=\"8357c75\" data-element_type=\"column\">\n\t\t\t<div class=\"elementor-widget-wrap elementor-element-populated\">\n\t\t\t\t\t\t<div class=\"elementor-element elementor-element-34537d1 elementor-widget elementor-widget-heading\" data-id=\"34537d1\" data-element_type=\"widget\" data-widget_type=\"heading.default\">\n\t\t\t\t<div class=\"elementor-widget-container\">\n\t\t\t<h1 class=\"elementor-heading-title elementor-size-default\"> Um espa\u00e7o de lazer e esportes <\/h1>\t\t<\/div>\n\t\t\t\t<\/div>\n\t\t\t\t\t<\/div>\n\t\t<\/div>\n\t\t\t\t\t<\/div>\n\t\t<\/section>\n\t\t\t\t<section class=\"elementor-section elementor-top-section elementor-element elementor-element-51f01749 elementor-section-content-middle elementor-section-boxed elementor-section-height-default elementor-section-height-default parallax_section_no qode_elementor_container_no\" data-id=\"51f01749\" data-element_type=\"section\">\n\t\t\t\t\t\t<div class=\"elementor-container elementor-column-gap-no\">\n\t\t\t\t\t<div class=\"elementor-column elementor-col-100 elementor-top-column elementor-element elementor-element-596c280a\" data-id=\"596c280a\" data-element_type=\"column\">\n\t\t\t<div class=\"elementor-widget-wrap elementor-element-populated\">\n\t\t\t\t\t\t<div class=\"elementor-element elementor-element-76b69d67 elementor-widget elementor-widget-text-editor\" data-id=\"76b69d67\" data-element_type=\"widget\" data-widget_type=\"text-editor.default\">\n\t\t\t\t<div class=\"elementor-widget-container\">\n\t\t\t\t\t\t\t<h1>Um dos melhores clubes de Bras\u00edlia<\/h1>\t\t\t\t\t\t<\/div>\n\t\t\t\t<\/div>\n\t\t\t\t<div class=\"elementor-element elementor-element-e724890 elementor-widget elementor-widget-text-editor\" data-id=\"e724890\" data-element_type=\"widget\" data-widget_type=\"text-editor.default\">\n\t\t\t\t<div class=\"elementor-widget-container\">\n\t\t\t\t\t\t\t<p>Conhe\u00e7a e saiba porque este \u00e9 um dos melhores clubes de Bras\u00edlia<\/p>\t\t\t\t\t\t<\/div>\n\t\t\t\t<\/div>\n\t\t\t\t<div class=\"elementor-element elementor-element-79364404 elementor-widget elementor-widget-image\" data-id=\"79364404\" data-element_type=\"widget\" data-widget_type=\"image.default\">\n\t\t\t\t<div class=\"elementor-widget-container\">\n\t\t\t\t\t\t\t\t\t\t\t\t\t<img fetchpriority=\"high\" decoding=\"async\" width=\"900\" height=\"604\" src=\"https:\/\/ases-df.org.br\/novo\/wp-content\/uploads\/2020\/02\/asesarerea.png\" class=\"attachment-full size-full wp-image-678\" alt=\"\" srcset=\"https:\/\/ases-df.org.br\/novo\/wp-content\/uploads\/2020\/02\/asesarerea.png 900w, https:\/\/ases-df.org.br\/novo\/wp-content\/uploads\/2020\/02\/asesarerea-300x201.png 300w, https:\/\/ases-df.org.br\/novo\/wp-content\/uploads\/2020\/02\/asesarerea-768x515.png 768w, https:\/\/ases-df.org.br\/novo\/wp-content\/uploads\/2020\/02\/asesarerea-700x470.png 700w\" sizes=\"(max-width: 900px) 100vw, 900px\" \/>\t\t\t\t\t\t\t\t\t\t\t\t\t<\/div>\n\t\t\t\t<\/div>\n\t\t\t\t<div class=\"elementor-element elementor-element-6621231 elementor-widget elementor-widget-text-editor\" data-id=\"6621231\" data-element_type=\"widget\" data-widget_type=\"text-editor.default\">\n\t\t\t\t<div class=\"elementor-widget-container\">\n\t\t\t\t\t\t\t<p>(Divulga\u00e7\u00e3o) Foto a\u00e9rea da Ases-DF &#8211; 2015\u00a0<\/p>\t\t\t\t\t\t<\/div>\n\t\t\t\t<\/div>\n\t\t\t\t<div class=\"elementor-element elementor-element-d7f3693 elementor-widget elementor-widget-text-editor\" data-id=\"d7f3693\" data-element_type=\"widget\" data-widget_type=\"text-editor.default\">\n\t\t\t\t<div class=\"elementor-widget-container\">\n\t\t\t\t\t\t\t<p>O para\u00edso tem nome e fica situado em cerca de 60 mil m\u00b2, no Setor de Clubes Sul, em Bras\u00edlia, DF. Nesta \u00e1rea, debru\u00e7ada no<strong> <a href=\"http:\/\/ases-df.org.br\/novo\/lago-paranoa\/\">Lago Parano\u00e1<\/a><\/strong>, est\u00e1 situada a Associa\u00e7\u00e3o dos Empregados do SERPRO de Bras\u00edlia, Ases-DF, criada em 9 de junho de 1984, a partir da fus\u00e3o da Associa\u00e7\u00e3o Atl\u00e9tica do SERPRO de Bras\u00edlia com a Associa\u00e7\u00e3o dos Empregados da sede do SERPRO.<\/p><p>\u00a0<\/p><p>\u00c9 aqui que os s\u00f3cios contam com atividades esportivas das mais variadas, lazer e entretenimento, que incluem shows com grandes artistas locais e nacionais e as mais badaladas festas da cidade. E se o desejo \u00e9 de um fim de semana de descanso, h\u00e1 espa\u00e7o de sobra para ficar longe do agito. Aproveite a mais bela orla do Lago, em piqueniques familiares e reuni\u00f5es com amigos. E se permita uma caminhada no final da tarde, na qual o p\u00f4r do sol disponibiliza uma luz inigual\u00e1vel.<\/p><p>\u00a0<\/p><p>Em mais de tr\u00eas d\u00e9cadas, a Ases-DF ganhou uma <a href=\"http:\/\/ases-df.org.br\/novo\/infraestrutura\/\"><strong>infraestrutura<\/strong><\/a> para dar maior conforto aos seus s\u00f3cios, investindo numa das melhores \u00e1reas esportivas que um clube de Bras\u00edlia oferece aos seus s\u00f3cios. S\u00e3o quadras para futebol, futev\u00f4lei, v\u00f4lei, t\u00eanis, futebol society, quadra poliesportiva; um Parque Aqu\u00e1tico para quem quer apenas lazer com crian\u00e7as e piscina semi-ol\u00edmpica para quem quer ter aulas ou treinamento.<\/p><p>\u00a0<\/p><p>Al\u00e9m das \u00e1reas esportivas, conta ainda com <a href=\"http:\/\/ases-df.org.br\/novo\/churrasqueiras\/\"><strong>nove churrasqueiras<\/strong><\/a>, duas lanchonetes, pista de caminhada \u00e0 beira do Lago, amplo espa\u00e7o para atividades socioculturais, um bel\u00edssimo local decorado para festas \u2013 <strong><a href=\"http:\/\/ases-df.org.br\/novo\/salao-oases\/\">Sal\u00e3o OASES<\/a> <\/strong>&#8211; que comporta 400 convidados sentados, estacionamento e \u00e1reas de apoio com estrutura administrativa para atender bem seus associados.<\/p>\t\t\t\t\t\t<\/div>\n\t\t\t\t<\/div>\n\t\t\t\t\t<\/div>\n\t\t<\/div>\n\t\t\t\t\t<\/div>\n\t\t<\/section>\n\t\t\t\t<section class=\"elementor-section elementor-top-section elementor-element elementor-element-0b09180 elementor-section-boxed elementor-section-height-default elementor-section-height-default parallax_section_no qode_elementor_container_no\" data-id=\"0b09180\" data-element_type=\"section\">\n\t\t\t\t\t\t<div class=\"elementor-container elementor-column-gap-default\">\n\t\t\t\t\t<div class=\"elementor-column elementor-col-100 elementor-top-column elementor-element elementor-element-48b7f38\" data-id=\"48b7f38\" data-element_type=\"column\">\n\t\t\t<div class=\"elementor-widget-wrap\">\n\t\t\t\t\t\t\t<\/div>\n\t\t<\/div>\n\t\t\t\t\t<\/div>\n\t\t<\/section>\n\t\t\t\t<\/div>\n\t\t","protected":false},"excerpt":{"rendered":"<p>Um espa\u00e7o de lazer e esportes Um dos melhores clubes de Bras\u00edlia Conhe\u00e7a e saiba porque este \u00e9 um dos melhores clubes de Bras\u00edlia (Divulga\u00e7\u00e3o) Foto a\u00e9rea da Ases-DF &#8211; 2015\u00a0 O para\u00edso tem nome e fica situado em cerca de 60 mil m\u00b2, no&#8230;<\/p>\n","protected":false},"author":1,"featured_media":0,"parent":0,"menu_order":0,"comment_status":"closed","ping_status":"closed","template":"elementor_header_footer","meta":{"footnotes":""},"_links":{"self":[{"href":"https:\/\/ases-df.org.br\/novo\/wp-json\/wp\/v2\/pages\/203"}],"collection":[{"href":"https:\/\/ases-df.org.br\/novo\/wp-json\/wp\/v2\/pages"}],"about":[{"href":"https:\/\/ases-df.org.br\/novo\/wp-json\/wp\/v2\/types\/page"}],"author":[{"embeddable":true,"href":"https:\/\/ases-df.org.br\/novo\/wp-json\/wp\/v2\/users\/1"}],"replies":[{"embeddable":true,"href":"https:\/\/ases-df.org.br\/novo\/wp-json\/wp\/v2\/comments?post=203"}],"version-history":[{"count":30,"href":"https:\/\/ases-df.org.br\/novo\/wp-json\/wp\/v2\/pages\/203\/revisions"}],"predecessor-version":[{"id":24225,"href":"https:\/\/ases-df.org.br\/novo\/wp-json\/wp\/v2\/pages\/203\/revisions\/24225"}],"wp:attachment":[{"href":"https:\/\/ases-df.org.br\/novo\/wp-json\/wp\/v2\/media?parent=203"}],"curies":[{"name":"wp","href":"https:\/\/api.w.org\/{rel}","templated":true}]}}