{"id":23817,"date":"2023-12-08T10:39:27","date_gmt":"2023-12-08T13:39:27","guid":{"rendered":"https:\/\/ases-df.org.br\/novo\/?page_id=23817"},"modified":"2024-05-23T09:39:21","modified_gmt":"2024-05-23T12:39:21","slug":"daniele-castro","status":"publish","type":"page","link":"https:\/\/ases-df.org.br\/novo\/daniele-castro\/","title":{"rendered":"Daniele Castro"},"content":{"rendered":"\t\t<div data-elementor-type=\"wp-page\" data-elementor-id=\"23817\" class=\"elementor elementor-23817\">\n\t\t\t\t\t\t<section class=\"elementor-section elementor-top-section elementor-element elementor-element-e6fea30 elementor-section-full_width elementor-section-height-default elementor-section-height-default parallax_section_no qode_elementor_container_no\" data-id=\"e6fea30\" data-element_type=\"section\" data-settings=\"{&quot;background_background&quot;:&quot;classic&quot;}\">\n\t\t\t\t\t\t\t<div class=\"elementor-background-overlay\"><\/div>\n\t\t\t\t\t\t\t<div class=\"elementor-container elementor-column-gap-default\">\n\t\t\t\t\t<div class=\"elementor-column elementor-col-100 elementor-top-column elementor-element elementor-element-03e4558\" data-id=\"03e4558\" data-element_type=\"column\">\n\t\t\t<div class=\"elementor-widget-wrap elementor-element-populated\">\n\t\t\t\t\t\t<div class=\"elementor-element elementor-element-f1390c2 elementor-widget elementor-widget-heading\" data-id=\"f1390c2\" data-element_type=\"widget\" data-widget_type=\"heading.default\">\n\t\t\t\t<div class=\"elementor-widget-container\">\n\t\t\t<h1 class=\"elementor-heading-title elementor-size-default\">Daniele Castro<\/h1>\t\t<\/div>\n\t\t\t\t<\/div>\n\t\t\t\t\t<\/div>\n\t\t<\/div>\n\t\t\t\t\t<\/div>\n\t\t<\/section>\n\t\t\t\t<section class=\"elementor-section elementor-top-section elementor-element elementor-element-94bc2c3 elementor-section-height-min-height elementor-section-content-middle elementor-section-boxed elementor-section-height-default elementor-section-items-middle parallax_section_no qode_elementor_container_no\" data-id=\"94bc2c3\" data-element_type=\"section\" data-settings=\"{&quot;background_background&quot;:&quot;classic&quot;}\">\n\t\t\t\t\t\t\t<div class=\"elementor-background-overlay\"><\/div>\n\t\t\t\t\t\t\t<div class=\"elementor-container elementor-column-gap-default\">\n\t\t\t\t\t<div class=\"elementor-column elementor-col-100 elementor-top-column elementor-element elementor-element-6a5d39e\" data-id=\"6a5d39e\" data-element_type=\"column\">\n\t\t\t<div class=\"elementor-widget-wrap\">\n\t\t\t\t\t\t\t<\/div>\n\t\t<\/div>\n\t\t\t\t\t<\/div>\n\t\t<\/section>\n\t\t\t\t<section class=\"elementor-section elementor-top-section elementor-element elementor-element-f70f621 elementor-section-boxed elementor-section-height-default elementor-section-height-default parallax_section_no qode_elementor_container_no\" data-id=\"f70f621\" data-element_type=\"section\">\n\t\t\t\t\t\t<div class=\"elementor-container elementor-column-gap-default\">\n\t\t\t\t\t<div class=\"elementor-column elementor-col-100 elementor-top-column elementor-element elementor-element-e844e96\" data-id=\"e844e96\" data-element_type=\"column\">\n\t\t\t<div class=\"elementor-widget-wrap elementor-element-populated\">\n\t\t\t\t\t\t<div class=\"elementor-element elementor-element-6a3c486 elementor-widget elementor-widget-image\" data-id=\"6a3c486\" data-element_type=\"widget\" data-widget_type=\"image.default\">\n\t\t\t\t<div class=\"elementor-widget-container\">\n\t\t\t\t\t\t\t\t\t\t\t\t\t<img fetchpriority=\"high\" decoding=\"async\" width=\"935\" height=\"278\" src=\"https:\/\/ases-df.org.br\/novo\/wp-content\/uploads\/2023\/12\/daniehas.png\" class=\"attachment-full size-full wp-image-23823\" alt=\"\" srcset=\"https:\/\/ases-df.org.br\/novo\/wp-content\/uploads\/2023\/12\/daniehas.png 935w, https:\/\/ases-df.org.br\/novo\/wp-content\/uploads\/2023\/12\/daniehas-300x89.png 300w, https:\/\/ases-df.org.br\/novo\/wp-content\/uploads\/2023\/12\/daniehas-768x228.png 768w, https:\/\/ases-df.org.br\/novo\/wp-content\/uploads\/2023\/12\/daniehas-700x208.png 700w\" sizes=\"(max-width: 935px) 100vw, 935px\" \/>\t\t\t\t\t\t\t\t\t\t\t\t\t<\/div>\n\t\t\t\t<\/div>\n\t\t\t\t<div class=\"elementor-element elementor-element-6a3b61b elementor-widget-divider--view-line elementor-widget elementor-widget-divider\" data-id=\"6a3b61b\" data-element_type=\"widget\" data-widget_type=\"divider.default\">\n\t\t\t\t<div class=\"elementor-widget-container\">\n\t\t\t\t\t<div class=\"elementor-divider\">\n\t\t\t<span class=\"elementor-divider-separator\">\n\t\t\t\t\t\t<\/span>\n\t\t<\/div>\n\t\t\t\t<\/div>\n\t\t\t\t<\/div>\n\t\t\t\t\t<\/div>\n\t\t<\/div>\n\t\t\t\t\t<\/div>\n\t\t<\/section>\n\t\t\t\t<section class=\"elementor-section elementor-top-section elementor-element elementor-element-a30df22 elementor-section-boxed elementor-section-height-default elementor-section-height-default parallax_section_no qode_elementor_container_no\" data-id=\"a30df22\" data-element_type=\"section\">\n\t\t\t\t\t\t<div class=\"elementor-container elementor-column-gap-default\">\n\t\t\t\t\t<div class=\"elementor-column elementor-col-50 elementor-top-column elementor-element elementor-element-c385441\" data-id=\"c385441\" data-element_type=\"column\">\n\t\t\t<div class=\"elementor-widget-wrap\">\n\t\t\t\t\t\t\t<\/div>\n\t\t<\/div>\n\t\t\t\t<div class=\"elementor-column elementor-col-50 elementor-top-column elementor-element elementor-element-8beab29\" data-id=\"8beab29\" data-element_type=\"column\">\n\t\t\t<div class=\"elementor-widget-wrap elementor-element-populated\">\n\t\t\t\t\t\t<div class=\"elementor-element elementor-element-59f2df5 elementor-widget elementor-widget-heading\" data-id=\"59f2df5\" data-element_type=\"widget\" data-widget_type=\"heading.default\">\n\t\t\t\t<div class=\"elementor-widget-container\">\n\t\t\t<p class=\"elementor-heading-title elementor-size-default\">Descri\u00e7\u00e3o:<\/p>\t\t<\/div>\n\t\t\t\t<\/div>\n\t\t\t\t<div class=\"elementor-element elementor-element-ab1759f elementor-widget elementor-widget-text-editor\" data-id=\"ab1759f\" data-element_type=\"widget\" data-widget_type=\"text-editor.default\">\n\t\t\t\t<div class=\"elementor-widget-container\">\n\t\t\t\t\t\t\t<p>H\u00e1 mais 24 anos, um sonho foi concebido nas belas terras de Bras\u00edlia &#8211; um sonho que se tornaria<br \/>Cl\u00ednica de Odontologia Daniele Castro. Esta \u00e9 a hist\u00f3ria de como nossa jornada de compromisso<br \/>e excel\u00eancia come\u00e7ou e como estamos dedicados a oferecer a voc\u00ea uma experi\u00eancia odontol\u00f3gica<br \/>excepcional.<\/p><p>\u00a0<\/p><p>Em 1999 uma jovem e apaixonada dentista, Dra. Daniele Castro, vislumbrou uma cl\u00ednica onde a<br \/>odontologia seria muito mais do que apenas cuidar de dentes. Ela sonhava em criar um santu\u00e1rio<br \/>de sa\u00fade bucal, onde cada paciente se sentisse realmente especial, com atendimento dedicado e<br \/>personalizado.<\/p><p>\u00a0<\/p><p>Assim, em pleno cora\u00e7\u00e3o de Bras\u00edlia, nasceu a Cl\u00ednica de Odontologia Daniele Castro. Desde o<br \/>in\u00edcio, nossa miss\u00e3o foi clara: buscar a excel\u00eancia em odontologia e oferecer uma experi\u00eancia que<br \/>transcende a tradicional visita ao dentista.<\/p><p>\u00a0<\/p><p>Ao longo dos anos, continuamos aprimorando nosso compromisso. Investimos em tecnologias de<br \/>ponta para garantir que cada tratamento seja preciso e eficaz. Nosso espa\u00e7o foi projetado com o<br \/>seu conforto em mente, proporcionando um ambiente acolhedor e relaxante para voc\u00ea e sua<br \/>fam\u00edlia.<\/p><p>\u00a0<\/p><p>Mas o verdadeiro segredo do nosso sucesso est\u00e1 em nossa equipe de profissionais altamente<br \/>capacitados, que s\u00e3o apaixonados por sua profiss\u00e3o e comprometidos em proporcionar o<br \/>atendimento odontol\u00f3gico com a excepcional experi\u00eancia do cliente.<\/p>\t\t\t\t\t\t<\/div>\n\t\t\t\t<\/div>\n\t\t\t\t<div class=\"elementor-element elementor-element-9f983f4 elementor-widget elementor-widget-heading\" data-id=\"9f983f4\" data-element_type=\"widget\" data-widget_type=\"heading.default\">\n\t\t\t\t<div class=\"elementor-widget-container\">\n\t\t\t<p class=\"elementor-heading-title elementor-size-default\">Benef\u00edcios para o associado:<\/p>\t\t<\/div>\n\t\t\t\t<\/div>\n\t\t\t\t<div class=\"elementor-element elementor-element-3b1af93 elementor-widget elementor-widget-text-editor\" data-id=\"3b1af93\" data-element_type=\"widget\" data-widget_type=\"text-editor.default\">\n\t\t\t\t<div class=\"elementor-widget-container\">\n\t\t\t\t\t\t\t<p><strong>Benef\u00edcios para o associado:<\/strong>\u00a030% (trinta por cento) de desconto na tabela VREO (valores referenciais das especialidades)<br \/><br \/><\/p>\t\t\t\t\t\t<\/div>\n\t\t\t\t<\/div>\n\t\t\t\t<div class=\"elementor-element elementor-element-4c8e7c9 elementor-widget elementor-widget-heading\" data-id=\"4c8e7c9\" data-element_type=\"widget\" data-widget_type=\"heading.default\">\n\t\t\t\t<div class=\"elementor-widget-container\">\n\t\t\t<p class=\"elementor-heading-title elementor-size-default\">Contatos:<\/p>\t\t<\/div>\n\t\t\t\t<\/div>\n\t\t\t\t<div class=\"elementor-element elementor-element-aa6e034 elementor-widget elementor-widget-text-editor\" data-id=\"aa6e034\" data-element_type=\"widget\" data-widget_type=\"text-editor.default\">\n\t\t\t\t<div class=\"elementor-widget-container\">\n\t\t\t\t\t\t\t<p><strong>Contatos:<\/strong>\u00a0<a title=\"\u200c\" href=\"http:\/\/www.danielecastro.com.br\/\" target=\"_blank\" rel=\"nofollow noopener noreferrer ugc\">www.danielecastro.com.br<\/a><br \/>3328-2118\/99221-5718<\/p>\t\t\t\t\t\t<\/div>\n\t\t\t\t<\/div>\n\t\t\t\t<div class=\"elementor-element elementor-element-17950c4 elementor-align-left elementor-widget elementor-widget-button\" data-id=\"17950c4\" data-element_type=\"widget\" data-widget_type=\"button.default\">\n\t\t\t\t<div class=\"elementor-widget-container\">\n\t\t\t\t\t<div class=\"elementor-button-wrapper\">\n\t\t\t<a class=\"elementor-button elementor-button-link elementor-size-md elementor-animation-pulse-grow\" href=\"https:\/\/www.danielecastro.com.br\/\">\n\t\t\t\t\t\t<span class=\"elementor-button-content-wrapper\">\n\t\t\t\t\t\t<span class=\"elementor-button-icon\">\n\t\t\t\t<i aria-hidden=\"true\" class=\"fas fa-angle-right\"><\/i>\t\t\t<\/span>\n\t\t\t\t\t\t\t\t\t<span class=\"elementor-button-text\">Ir para o site<\/span>\n\t\t\t\t\t<\/span>\n\t\t\t\t\t<\/a>\n\t\t<\/div>\n\t\t\t\t<\/div>\n\t\t\t\t<\/div>\n\t\t\t\t\t<\/div>\n\t\t<\/div>\n\t\t\t\t\t<\/div>\n\t\t<\/section>\n\t\t\t\t<\/div>\n\t\t","protected":false},"excerpt":{"rendered":"<p>Daniele Castro Descri\u00e7\u00e3o: H\u00e1 mais 24 anos, um sonho foi concebido nas belas terras de Bras\u00edlia &#8211; um sonho que se tornariaCl\u00ednica de Odontologia Daniele Castro. Esta \u00e9 a hist\u00f3ria de como nossa jornada de compromissoe excel\u00eancia come\u00e7ou e como estamos dedicados a oferecer a&#8230;<\/p>\n","protected":false},"author":1,"featured_media":0,"parent":0,"menu_order":0,"comment_status":"closed","ping_status":"closed","template":"elementor_header_footer","meta":{"footnotes":""},"_links":{"self":[{"href":"https:\/\/ases-df.org.br\/novo\/wp-json\/wp\/v2\/pages\/23817"}],"collection":[{"href":"https:\/\/ases-df.org.br\/novo\/wp-json\/wp\/v2\/pages"}],"about":[{"href":"https:\/\/ases-df.org.br\/novo\/wp-json\/wp\/v2\/types\/page"}],"author":[{"embeddable":true,"href":"https:\/\/ases-df.org.br\/novo\/wp-json\/wp\/v2\/users\/1"}],"replies":[{"embeddable":true,"href":"https:\/\/ases-df.org.br\/novo\/wp-json\/wp\/v2\/comments?post=23817"}],"version-history":[{"count":9,"href":"https:\/\/ases-df.org.br\/novo\/wp-json\/wp\/v2\/pages\/23817\/revisions"}],"predecessor-version":[{"id":24469,"href":"https:\/\/ases-df.org.br\/novo\/wp-json\/wp\/v2\/pages\/23817\/revisions\/24469"}],"wp:attachment":[{"href":"https:\/\/ases-df.org.br\/novo\/wp-json\/wp\/v2\/media?parent=23817"}],"curies":[{"name":"wp","href":"https:\/\/api.w.org\/{rel}","templated":true}]}}