{"id":24488,"date":"2024-05-25T22:07:45","date_gmt":"2024-05-26T01:07:45","guid":{"rendered":"https:\/\/ases-df.org.br\/novo\/?page_id=24488"},"modified":"2024-05-25T22:27:46","modified_gmt":"2024-05-26T01:27:46","slug":"tatianaalvesadvocacia","status":"publish","type":"page","link":"https:\/\/ases-df.org.br\/novo\/tatianaalvesadvocacia\/","title":{"rendered":"Tatiana Alves Advocacia"},"content":{"rendered":"\t\t<div data-elementor-type=\"wp-page\" data-elementor-id=\"24488\" class=\"elementor elementor-24488\">\n\t\t\t\t\t\t<section class=\"elementor-section elementor-top-section elementor-element elementor-element-e6fea30 elementor-section-full_width elementor-section-height-default elementor-section-height-default parallax_section_no qode_elementor_container_no\" data-id=\"e6fea30\" data-element_type=\"section\" data-settings=\"{&quot;background_background&quot;:&quot;classic&quot;}\">\n\t\t\t\t\t\t\t<div class=\"elementor-background-overlay\"><\/div>\n\t\t\t\t\t\t\t<div class=\"elementor-container elementor-column-gap-default\">\n\t\t\t\t\t<div class=\"elementor-column elementor-col-100 elementor-top-column elementor-element elementor-element-03e4558\" data-id=\"03e4558\" data-element_type=\"column\">\n\t\t\t<div class=\"elementor-widget-wrap elementor-element-populated\">\n\t\t\t\t\t\t<div class=\"elementor-element elementor-element-f1390c2 elementor-widget elementor-widget-heading\" data-id=\"f1390c2\" data-element_type=\"widget\" data-widget_type=\"heading.default\">\n\t\t\t\t<div class=\"elementor-widget-container\">\n\t\t\t<h1 class=\"elementor-heading-title elementor-size-default\">Tatiana Alves Advocacia<\/h1>\t\t<\/div>\n\t\t\t\t<\/div>\n\t\t\t\t\t<\/div>\n\t\t<\/div>\n\t\t\t\t\t<\/div>\n\t\t<\/section>\n\t\t\t\t<section class=\"elementor-section elementor-top-section elementor-element elementor-element-94bc2c3 elementor-section-height-min-height elementor-section-content-middle elementor-section-boxed elementor-section-height-default elementor-section-items-middle parallax_section_no qode_elementor_container_no\" data-id=\"94bc2c3\" data-element_type=\"section\" data-settings=\"{&quot;background_background&quot;:&quot;classic&quot;}\">\n\t\t\t\t\t\t\t<div class=\"elementor-background-overlay\"><\/div>\n\t\t\t\t\t\t\t<div class=\"elementor-container elementor-column-gap-default\">\n\t\t\t\t\t<div class=\"elementor-column elementor-col-100 elementor-top-column elementor-element elementor-element-6a5d39e\" data-id=\"6a5d39e\" data-element_type=\"column\">\n\t\t\t<div class=\"elementor-widget-wrap\">\n\t\t\t\t\t\t\t<\/div>\n\t\t<\/div>\n\t\t\t\t\t<\/div>\n\t\t<\/section>\n\t\t\t\t<section class=\"elementor-section elementor-top-section elementor-element elementor-element-f70f621 elementor-section-boxed elementor-section-height-default elementor-section-height-default parallax_section_no qode_elementor_container_no\" data-id=\"f70f621\" data-element_type=\"section\">\n\t\t\t\t\t\t<div class=\"elementor-container elementor-column-gap-default\">\n\t\t\t\t\t<div class=\"elementor-column elementor-col-100 elementor-top-column elementor-element elementor-element-e844e96\" data-id=\"e844e96\" data-element_type=\"column\">\n\t\t\t<div class=\"elementor-widget-wrap elementor-element-populated\">\n\t\t\t\t\t\t<div class=\"elementor-element elementor-element-6a3c486 elementor-widget elementor-widget-image\" data-id=\"6a3c486\" data-element_type=\"widget\" data-widget_type=\"image.default\">\n\t\t\t\t<div class=\"elementor-widget-container\">\n\t\t\t\t\t\t\t\t\t\t\t\t\t<img fetchpriority=\"high\" decoding=\"async\" width=\"329\" height=\"169\" src=\"https:\/\/ases-df.org.br\/novo\/wp-content\/uploads\/2024\/05\/Captura_de_tela_2024-05-23_102338-removebg-preview-removebg-preview.png\" class=\"attachment-full size-full wp-image-24489\" alt=\"\" srcset=\"https:\/\/ases-df.org.br\/novo\/wp-content\/uploads\/2024\/05\/Captura_de_tela_2024-05-23_102338-removebg-preview-removebg-preview.png 329w, https:\/\/ases-df.org.br\/novo\/wp-content\/uploads\/2024\/05\/Captura_de_tela_2024-05-23_102338-removebg-preview-removebg-preview-300x154.png 300w\" sizes=\"(max-width: 329px) 100vw, 329px\" \/>\t\t\t\t\t\t\t\t\t\t\t\t\t<\/div>\n\t\t\t\t<\/div>\n\t\t\t\t<div class=\"elementor-element elementor-element-6a3b61b elementor-widget-divider--view-line elementor-widget elementor-widget-divider\" data-id=\"6a3b61b\" data-element_type=\"widget\" data-widget_type=\"divider.default\">\n\t\t\t\t<div class=\"elementor-widget-container\">\n\t\t\t\t\t<div class=\"elementor-divider\">\n\t\t\t<span class=\"elementor-divider-separator\">\n\t\t\t\t\t\t<\/span>\n\t\t<\/div>\n\t\t\t\t<\/div>\n\t\t\t\t<\/div>\n\t\t\t\t\t<\/div>\n\t\t<\/div>\n\t\t\t\t\t<\/div>\n\t\t<\/section>\n\t\t\t\t<section class=\"elementor-section elementor-top-section elementor-element elementor-element-a30df22 elementor-section-boxed elementor-section-height-default elementor-section-height-default parallax_section_no qode_elementor_container_no\" data-id=\"a30df22\" data-element_type=\"section\">\n\t\t\t\t\t\t<div class=\"elementor-container elementor-column-gap-default\">\n\t\t\t\t\t<div class=\"elementor-column elementor-col-50 elementor-top-column elementor-element elementor-element-c385441\" data-id=\"c385441\" data-element_type=\"column\">\n\t\t\t<div class=\"elementor-widget-wrap elementor-element-populated\">\n\t\t\t\t\t\t<div class=\"elementor-element elementor-element-45e878b elementor-widget elementor-widget-image\" data-id=\"45e878b\" data-element_type=\"widget\" data-widget_type=\"image.default\">\n\t\t\t\t<div class=\"elementor-widget-container\">\n\t\t\t\t\t\t\t\t\t\t\t\t\t<img decoding=\"async\" width=\"422\" height=\"212\" src=\"https:\/\/ases-df.org.br\/novo\/wp-content\/uploads\/2024\/05\/Captura-de-tela-2024-05-23-103405.png\" class=\"attachment-large size-large wp-image-24490\" alt=\"\" srcset=\"https:\/\/ases-df.org.br\/novo\/wp-content\/uploads\/2024\/05\/Captura-de-tela-2024-05-23-103405.png 422w, https:\/\/ases-df.org.br\/novo\/wp-content\/uploads\/2024\/05\/Captura-de-tela-2024-05-23-103405-300x151.png 300w\" sizes=\"(max-width: 422px) 100vw, 422px\" \/>\t\t\t\t\t\t\t\t\t\t\t\t\t<\/div>\n\t\t\t\t<\/div>\n\t\t\t\t\t<\/div>\n\t\t<\/div>\n\t\t\t\t<div class=\"elementor-column elementor-col-50 elementor-top-column elementor-element elementor-element-8beab29\" data-id=\"8beab29\" data-element_type=\"column\">\n\t\t\t<div class=\"elementor-widget-wrap elementor-element-populated\">\n\t\t\t\t\t\t<div class=\"elementor-element elementor-element-59f2df5 elementor-widget elementor-widget-heading\" data-id=\"59f2df5\" data-element_type=\"widget\" data-widget_type=\"heading.default\">\n\t\t\t\t<div class=\"elementor-widget-container\">\n\t\t\t<p class=\"elementor-heading-title elementor-size-default\">Descri\u00e7\u00e3o:<\/p>\t\t<\/div>\n\t\t\t\t<\/div>\n\t\t\t\t<div class=\"elementor-element elementor-element-ab1759f elementor-widget elementor-widget-text-editor\" data-id=\"ab1759f\" data-element_type=\"widget\" data-widget_type=\"text-editor.default\">\n\t\t\t\t<div class=\"elementor-widget-container\">\n\t\t\t\t\t\t\t<p dir=\"auto\">Tatiana Freire Alves Maestri \u00e9 advogada e consultora, graduada pela UNB \u2013 Universidade de Bras\u00edlia, possuindo 22 (vinte e dois) anos de vasta experi\u00eancia em diversas \u00e1reas do Direito, com \u00eanfase no Direito Previdenci\u00e1rio e Trabalhista.<br \/><br \/>S\u00f3cia fundadora, Coordenadora e Gestora de 3 (tr\u00eas) escrit\u00f3rios f\u00edsicos no Distrito Federal, bem como um escrit\u00f3rio digital que atende nacionalmente.<br \/><br \/>Sua equipe conta atualmente com 10 (dez) colaboradores, que zelam pelo atendimento personalizado de cada cliente, pautado em preceitos \u00e9ticos e na qualidade de servi\u00e7os prestados, considerando o caso peculiar de cada cliente.<br \/><br \/>Experi\u00eancia:<br \/>Com anos de pr\u00e1tica e entendimento aprofundado em diversas \u00e1reas do direito, o escrit\u00f3rio Tatiana Alves Advocacia possui a expertise necess\u00e1ria para lidar com os desafios mais complexos.<br \/><br \/>Atendimento Personalizado:<br \/><br \/>N\u00f3s entendemos que cada situa\u00e7\u00e3o \u00e9 \u00fanica. Por isso, o nosso escrit\u00f3rio preza pelo atendimento individualizado, ouvindo suas necessidades e oferecendo solu\u00e7\u00f5es sob medida.<br \/><br \/>Compromisso com o Cliente:<br \/><br \/>Sua tranquilidade e satisfa\u00e7\u00e3o s\u00e3o nossa prioridade. Estamos sempre dispon\u00edveis para responder \u00e0s suas perguntas e mant\u00ea-lo(a) informado(a) sobre o andamento do seu caso.<br \/><br \/><\/p>\t\t\t\t\t\t<\/div>\n\t\t\t\t<\/div>\n\t\t\t\t<div class=\"elementor-element elementor-element-9f983f4 elementor-widget elementor-widget-heading\" data-id=\"9f983f4\" data-element_type=\"widget\" data-widget_type=\"heading.default\">\n\t\t\t\t<div class=\"elementor-widget-container\">\n\t\t\t<p class=\"elementor-heading-title elementor-size-default\">Benef\u00edcios para o associado:<\/p>\t\t<\/div>\n\t\t\t\t<\/div>\n\t\t\t\t<div class=\"elementor-element elementor-element-3b1af93 elementor-widget elementor-widget-text-editor\" data-id=\"3b1af93\" data-element_type=\"widget\" data-widget_type=\"text-editor.default\">\n\t\t\t\t<div class=\"elementor-widget-container\">\n\t\t\t\t\t\t\t<p><strong>Benef\u00edcios para o associado:<\/strong> Para a propositura de a\u00e7\u00f5es previdenci\u00e1rias, n\u00e3o haver\u00e1 a cobran\u00e7a de quaisquer valores no momento do ajuizamento, exceto em casos de revis\u00f5es, quando ser\u00e1 cobrado apenas o valor dos honor\u00e1rios cont\u00e1beis, mas t\u00e3o somente honor\u00e1rios de \u00eaxito, no importe de 15% (quinze por cento) sobre 12 (doze) parcelas do benef\u00edcio concedido, al\u00e9m de 20% (vinte por cento) sobre o proveito econ\u00f4mico obtido ao final da demanda, desde que tal valor n\u00e3o seja inferior a um sal\u00e1rio m\u00ednimo, hip\u00f3tese em que o valor dos honor\u00e1rios ser\u00e1 de um sal\u00e1rio m\u00ednimo vigente. Para a propositura de a\u00e7\u00f5es trabalhistas, n\u00e3o haver\u00e1 a cobran\u00e7a de quaisquer valores no momento do ajuizamento, quando ser\u00e1 cobrado apenas o valor dos honor\u00e1rios cont\u00e1beis, mas t\u00e3o somente honor\u00e1rios de \u00eaxito, no importe de 20% (vinte por cento) sobre o proveito econ\u00f4mico obtido ao final da demanda, desde que tal valor n\u00e3o seja inferior a um sal\u00e1rio m\u00ednimo, hip\u00f3tese em que o valor dos honor\u00e1rios ser\u00e1 de um sal\u00e1rio m\u00ednimo vigente.<\/p>\t\t\t\t\t\t<\/div>\n\t\t\t\t<\/div>\n\t\t\t\t<div class=\"elementor-element elementor-element-4c8e7c9 elementor-widget elementor-widget-heading\" data-id=\"4c8e7c9\" data-element_type=\"widget\" data-widget_type=\"heading.default\">\n\t\t\t\t<div class=\"elementor-widget-container\">\n\t\t\t<p class=\"elementor-heading-title elementor-size-default\">Contatos:<\/p>\t\t<\/div>\n\t\t\t\t<\/div>\n\t\t\t\t<div class=\"elementor-element elementor-element-aa6e034 elementor-widget elementor-widget-text-editor\" data-id=\"aa6e034\" data-element_type=\"widget\" data-widget_type=\"text-editor.default\">\n\t\t\t\t<div class=\"elementor-widget-container\">\n\t\t\t\t\t\t\t<p><strong>Contatos: <\/strong>61 3201-9399<br \/>61 99243 9399<br \/>61 98145 3209<\/p>\t\t\t\t\t\t<\/div>\n\t\t\t\t<\/div>\n\t\t\t\t<div class=\"elementor-element elementor-element-17950c4 elementor-align-left elementor-widget elementor-widget-button\" data-id=\"17950c4\" data-element_type=\"widget\" data-widget_type=\"button.default\">\n\t\t\t\t<div class=\"elementor-widget-container\">\n\t\t\t\t\t<div class=\"elementor-button-wrapper\">\n\t\t\t<a class=\"elementor-button elementor-button-link elementor-size-md elementor-animation-pulse-grow\" href=\"https:\/\/tatianaalvesadv.com.br\/\">\n\t\t\t\t\t\t<span class=\"elementor-button-content-wrapper\">\n\t\t\t\t\t\t<span class=\"elementor-button-icon\">\n\t\t\t\t<i aria-hidden=\"true\" class=\"fas fa-angle-right\"><\/i>\t\t\t<\/span>\n\t\t\t\t\t\t\t\t\t<span class=\"elementor-button-text\">Ir para o site<\/span>\n\t\t\t\t\t<\/span>\n\t\t\t\t\t<\/a>\n\t\t<\/div>\n\t\t\t\t<\/div>\n\t\t\t\t<\/div>\n\t\t\t\t\t<\/div>\n\t\t<\/div>\n\t\t\t\t\t<\/div>\n\t\t<\/section>\n\t\t\t\t<\/div>\n\t\t","protected":false},"excerpt":{"rendered":"<p>Tatiana Alves Advocacia Descri\u00e7\u00e3o: Tatiana Freire Alves Maestri \u00e9 advogada e consultora, graduada pela UNB \u2013 Universidade de Bras\u00edlia, possuindo 22 (vinte e dois) anos de vasta experi\u00eancia em diversas \u00e1reas do Direito, com \u00eanfase no Direito Previdenci\u00e1rio e Trabalhista. S\u00f3cia fundadora, Coordenadora e Gestora&#8230;<\/p>\n","protected":false},"author":3,"featured_media":0,"parent":0,"menu_order":0,"comment_status":"closed","ping_status":"closed","template":"elementor_header_footer","meta":{"footnotes":""},"_links":{"self":[{"href":"https:\/\/ases-df.org.br\/novo\/wp-json\/wp\/v2\/pages\/24488"}],"collection":[{"href":"https:\/\/ases-df.org.br\/novo\/wp-json\/wp\/v2\/pages"}],"about":[{"href":"https:\/\/ases-df.org.br\/novo\/wp-json\/wp\/v2\/types\/page"}],"author":[{"embeddable":true,"href":"https:\/\/ases-df.org.br\/novo\/wp-json\/wp\/v2\/users\/3"}],"replies":[{"embeddable":true,"href":"https:\/\/ases-df.org.br\/novo\/wp-json\/wp\/v2\/comments?post=24488"}],"version-history":[{"count":7,"href":"https:\/\/ases-df.org.br\/novo\/wp-json\/wp\/v2\/pages\/24488\/revisions"}],"predecessor-version":[{"id":24502,"href":"https:\/\/ases-df.org.br\/novo\/wp-json\/wp\/v2\/pages\/24488\/revisions\/24502"}],"wp:attachment":[{"href":"https:\/\/ases-df.org.br\/novo\/wp-json\/wp\/v2\/media?parent=24488"}],"curies":[{"name":"wp","href":"https:\/\/api.w.org\/{rel}","templated":true}]}}