{"id":24836,"date":"2024-11-11T12:14:14","date_gmt":"2024-11-11T15:14:14","guid":{"rendered":"https:\/\/ases-df.org.br\/novo\/?page_id=24836"},"modified":"2026-03-09T14:42:10","modified_gmt":"2026-03-09T17:42:10","slug":"mercantes-seguros","status":"publish","type":"page","link":"https:\/\/ases-df.org.br\/novo\/mercantes-seguros\/","title":{"rendered":"mercantes seguros"},"content":{"rendered":"\t\t<div data-elementor-type=\"wp-page\" data-elementor-id=\"24836\" class=\"elementor elementor-24836\">\n\t\t\t\t\t\t<section class=\"elementor-section elementor-top-section elementor-element elementor-element-e6fea30 elementor-section-full_width elementor-section-height-default elementor-section-height-default parallax_section_no qode_elementor_container_no\" data-id=\"e6fea30\" data-element_type=\"section\" data-settings=\"{&quot;background_background&quot;:&quot;classic&quot;}\">\n\t\t\t\t\t\t\t<div class=\"elementor-background-overlay\"><\/div>\n\t\t\t\t\t\t\t<div class=\"elementor-container elementor-column-gap-default\">\n\t\t\t\t\t<div class=\"elementor-column elementor-col-100 elementor-top-column elementor-element elementor-element-03e4558\" data-id=\"03e4558\" data-element_type=\"column\">\n\t\t\t<div class=\"elementor-widget-wrap elementor-element-populated\">\n\t\t\t\t\t\t<div class=\"elementor-element elementor-element-f1390c2 elementor-widget elementor-widget-heading\" data-id=\"f1390c2\" data-element_type=\"widget\" data-widget_type=\"heading.default\">\n\t\t\t\t<div class=\"elementor-widget-container\">\n\t\t\t<h1 class=\"elementor-heading-title elementor-size-default\"><b>Mercante Seguros<b><\/b><\/b><\/h1>\t\t<\/div>\n\t\t\t\t<\/div>\n\t\t\t\t\t<\/div>\n\t\t<\/div>\n\t\t\t\t\t<\/div>\n\t\t<\/section>\n\t\t\t\t<section class=\"elementor-section elementor-top-section elementor-element elementor-element-94bc2c3 elementor-section-height-min-height elementor-section-content-middle elementor-section-boxed elementor-section-height-default elementor-section-items-middle parallax_section_no qode_elementor_container_no\" data-id=\"94bc2c3\" data-element_type=\"section\" data-settings=\"{&quot;background_background&quot;:&quot;classic&quot;}\">\n\t\t\t\t\t\t\t<div class=\"elementor-background-overlay\"><\/div>\n\t\t\t\t\t\t\t<div class=\"elementor-container elementor-column-gap-default\">\n\t\t\t\t\t<div class=\"elementor-column elementor-col-100 elementor-top-column elementor-element elementor-element-6a5d39e\" data-id=\"6a5d39e\" data-element_type=\"column\">\n\t\t\t<div class=\"elementor-widget-wrap\">\n\t\t\t\t\t\t\t<\/div>\n\t\t<\/div>\n\t\t\t\t\t<\/div>\n\t\t<\/section>\n\t\t\t\t<section class=\"elementor-section elementor-top-section elementor-element elementor-element-f70f621 elementor-section-boxed elementor-section-height-default elementor-section-height-default parallax_section_no qode_elementor_container_no\" data-id=\"f70f621\" data-element_type=\"section\">\n\t\t\t\t\t\t<div class=\"elementor-container elementor-column-gap-default\">\n\t\t\t\t\t<div class=\"elementor-column elementor-col-100 elementor-top-column elementor-element elementor-element-e844e96\" data-id=\"e844e96\" data-element_type=\"column\">\n\t\t\t<div class=\"elementor-widget-wrap elementor-element-populated\">\n\t\t\t\t\t\t<div class=\"elementor-element elementor-element-6a3c486 elementor-widget elementor-widget-image\" data-id=\"6a3c486\" data-element_type=\"widget\" data-widget_type=\"image.default\">\n\t\t\t\t<div class=\"elementor-widget-container\">\n\t\t\t\t\t\t\t\t\t\t\t\t\t<img decoding=\"async\" width=\"300\" height=\"94\" src=\"https:\/\/ases-df.org.br\/novo\/wp-content\/uploads\/2024\/11\/Mercante-logo-horizontal-e1731530367578-300x94.png\" class=\"attachment-medium size-medium wp-image-24810\" alt=\"\" srcset=\"https:\/\/ases-df.org.br\/novo\/wp-content\/uploads\/2024\/11\/Mercante-logo-horizontal-e1731530367578-300x94.png 300w, https:\/\/ases-df.org.br\/novo\/wp-content\/uploads\/2024\/11\/Mercante-logo-horizontal-e1731530367578-768x241.png 768w, https:\/\/ases-df.org.br\/novo\/wp-content\/uploads\/2024\/11\/Mercante-logo-horizontal-e1731530367578-1000x317.png 1000w, https:\/\/ases-df.org.br\/novo\/wp-content\/uploads\/2024\/11\/Mercante-logo-horizontal-e1731530367578-700x219.png 700w, https:\/\/ases-df.org.br\/novo\/wp-content\/uploads\/2024\/11\/Mercante-logo-horizontal-e1731530367578.png 1011w\" sizes=\"(max-width: 300px) 100vw, 300px\" \/>\t\t\t\t\t\t\t\t\t\t\t\t\t<\/div>\n\t\t\t\t<\/div>\n\t\t\t\t<div class=\"elementor-element elementor-element-6a3b61b elementor-widget-divider--view-line elementor-widget elementor-widget-divider\" data-id=\"6a3b61b\" data-element_type=\"widget\" data-widget_type=\"divider.default\">\n\t\t\t\t<div class=\"elementor-widget-container\">\n\t\t\t\t\t<div class=\"elementor-divider\">\n\t\t\t<span class=\"elementor-divider-separator\">\n\t\t\t\t\t\t<\/span>\n\t\t<\/div>\n\t\t\t\t<\/div>\n\t\t\t\t<\/div>\n\t\t\t\t\t<\/div>\n\t\t<\/div>\n\t\t\t\t\t<\/div>\n\t\t<\/section>\n\t\t\t\t<section class=\"elementor-section elementor-top-section elementor-element elementor-element-a30df22 elementor-section-boxed elementor-section-height-default elementor-section-height-default parallax_section_no qode_elementor_container_no\" data-id=\"a30df22\" data-element_type=\"section\">\n\t\t\t\t\t\t<div class=\"elementor-container elementor-column-gap-default\">\n\t\t\t\t\t<div class=\"elementor-column elementor-col-50 elementor-top-column elementor-element elementor-element-c385441\" data-id=\"c385441\" data-element_type=\"column\">\n\t\t\t<div class=\"elementor-widget-wrap elementor-element-populated\">\n\t\t\t\t\t\t<div class=\"elementor-element elementor-element-5ab94a6 elementor-widget elementor-widget-bridge_image_gallery\" data-id=\"5ab94a6\" data-element_type=\"widget\" data-widget_type=\"bridge_image_gallery.default\">\n\t\t\t\t<div class=\"elementor-widget-container\">\n\t\t\t<div class=\"qode-image-gallery\"><div class=\"qode-image-gallery-inner\"><div class=\"qode-image-gallery-slides drag_enabled flexslider_fade flexslider\" data-interval=\"5\" data-flex_fx=\"fade\"data-direction=\"true\"data-drag=\"true\"><ul class=\"slides\"><li><img decoding=\"async\" src=\"https:\/\/ases-df.org.br\/novo\/wp-content\/uploads\/2026\/03\/WhatsApp-Image-2026-03-09-at-12.01.06-txh.jpeg\" alt=\"\" width=\"t\" height=\"h\" \/><\/li><li><img decoding=\"async\" src=\"https:\/\/ases-df.org.br\/novo\/wp-content\/uploads\/2026\/02\/1-1-txh.png\" alt=\"\" width=\"t\" height=\"h\" \/><\/li><li><img decoding=\"async\" src=\"https:\/\/ases-df.org.br\/novo\/wp-content\/uploads\/2026\/02\/2-1-txh.png\" alt=\"\" width=\"t\" height=\"h\" \/><\/li><li><img decoding=\"async\" src=\"https:\/\/ases-df.org.br\/novo\/wp-content\/uploads\/2026\/02\/4_1-txh.png\" alt=\"\" width=\"t\" height=\"h\" \/><\/li><li><img decoding=\"async\" src=\"https:\/\/ases-df.org.br\/novo\/wp-content\/uploads\/2026\/02\/3-1-txh.png\" alt=\"\" width=\"t\" height=\"h\" \/><\/li><li><img decoding=\"async\" src=\"https:\/\/ases-df.org.br\/novo\/wp-content\/uploads\/2026\/02\/Affinity_ASES-txh.png\" alt=\"\" width=\"t\" height=\"h\" \/><\/li><\/div><\/div><\/div>\t\t<\/div>\n\t\t\t\t<\/div>\n\t\t\t\t\t<\/div>\n\t\t<\/div>\n\t\t\t\t<div class=\"elementor-column elementor-col-50 elementor-top-column elementor-element elementor-element-8beab29\" data-id=\"8beab29\" data-element_type=\"column\">\n\t\t\t<div class=\"elementor-widget-wrap elementor-element-populated\">\n\t\t\t\t\t\t<div class=\"elementor-element elementor-element-59f2df5 elementor-widget elementor-widget-heading\" data-id=\"59f2df5\" data-element_type=\"widget\" data-widget_type=\"heading.default\">\n\t\t\t\t<div class=\"elementor-widget-container\">\n\t\t\t<p class=\"elementor-heading-title elementor-size-default\">Descri\u00e7\u00e3o:<\/p>\t\t<\/div>\n\t\t\t\t<\/div>\n\t\t\t\t<div class=\"elementor-element elementor-element-ab1759f elementor-widget elementor-widget-text-editor\" data-id=\"ab1759f\" data-element_type=\"widget\" data-widget_type=\"text-editor.default\">\n\t\t\t\t<div class=\"elementor-widget-container\">\n\t\t\t\t\t\t\t<p data-pm-slice=\"1 1 []\">Empresa que atua desde 1997 no mercado de seguros, sendo especializada no atendimento de clientes, pessoa f\u00edsica e jur\u00eddica.\u00a0Estamos preparados para prestar toda a assessoria e consultoria indispens\u00e1veis aos contratos de seguros, tanto na contrata\u00e7\u00e3o, bem como principalmente na liquida\u00e7\u00e3o de eventuais sinistros.<\/p>\t\t\t\t\t\t<\/div>\n\t\t\t\t<\/div>\n\t\t\t\t<div class=\"elementor-element elementor-element-9f983f4 elementor-widget elementor-widget-heading\" data-id=\"9f983f4\" data-element_type=\"widget\" data-widget_type=\"heading.default\">\n\t\t\t\t<div class=\"elementor-widget-container\">\n\t\t\t<p class=\"elementor-heading-title elementor-size-default\">Benef\u00edcios para o associado:<\/p>\t\t<\/div>\n\t\t\t\t<\/div>\n\t\t\t\t<div class=\"elementor-element elementor-element-3b1af93 elementor-widget elementor-widget-text-editor\" data-id=\"3b1af93\" data-element_type=\"widget\" data-widget_type=\"text-editor.default\">\n\t\t\t\t<div class=\"elementor-widget-container\">\n\t\t\t\t\t\t\t<p data-pm-slice=\"1 1 []\"><strong>SEGURO AUTOM\u00d3VEL<\/strong><\/p><p data-pm-slice=\"1 1 []\"><strong>\u00a0<\/strong><\/p><p>Pagamento em at\u00e9 12X SEM JUROS;<br \/>Desconto de at\u00e9 30%;<br \/>Manuten\u00e7\u00e3o\/Aceita\u00e7\u00e3o do b\u00f4nus de outras seguradoras na renova\u00e7\u00e3o;<br \/>Cobertura completa para vidros, far\u00f3is, lanternas e retrovisores, para-choques e martelinho (*);<br \/>Assist\u00eancia 24h: Guincho, chaveiro, troca de pneus e motorista substituto;<br \/>Aceita\u00e7\u00e3o para nomes negativados, ve\u00edculos acima de 10 anos, tunados, importados, de perfis jovens e com Perda Total em outra seguradora.<\/p><p>\u00a0<\/p><p>\u00a0<\/p><p><strong>SEGURO RESIDENCIAL<\/strong><br \/>Planos a partir de R$ 0,50\/dia;<br \/>Assist\u00eancia 24h: Chaveiro, eletricista e encanador.<\/p><p>\u00a0<\/p><p><strong>SEGURO VIAGEM<\/strong><\/p><p>Viagens Nacionais e Internacionais;<\/p><p>\u00a0<\/p><p>Coberturas para: Cancelamento ou interrup\u00e7\u00e3o de viagem, extravio de bagagem, assist\u00eancia m\u00e9dica e odontol\u00f3gica.<\/p><p>\u00a0<\/p><p>\u00a0<\/p><p>(*) Aceita\u00e7\u00e3o, custos, regras e limites de coberturas\/utiliza\u00e7\u00e3o, dos diferenciais acima, est\u00e3o sujeitos \u00e0s regras e condi\u00e7\u00f5es gerais das seguradoras parceiras.<\/p><p>\u00a0<\/p><p>\u00a0<\/p><p><strong>Extens\u00e3o dos benef\u00edcios para pais, c\u00f4njuge, filhos e agregados.<\/strong><\/p><p><strong>\u00a0<\/strong><\/p>\t\t\t\t\t\t<\/div>\n\t\t\t\t<\/div>\n\t\t\t\t<div class=\"elementor-element elementor-element-2428bd3 elementor-widget elementor-widget-heading\" data-id=\"2428bd3\" data-element_type=\"widget\" data-widget_type=\"heading.default\">\n\t\t\t\t<div class=\"elementor-widget-container\">\n\t\t\t<p class=\"elementor-heading-title elementor-size-default\">Contato:<\/p>\t\t<\/div>\n\t\t\t\t<\/div>\n\t\t\t\t<div class=\"elementor-element elementor-element-a8fbf68 elementor-widget elementor-widget-text-editor\" data-id=\"a8fbf68\" data-element_type=\"widget\" data-widget_type=\"text-editor.default\">\n\t\t\t\t<div class=\"elementor-widget-container\">\n\t\t\t\t\t\t\t<p data-pm-slice=\"1 1 []\"><strong>WhatsApp e Fixo:<\/strong> <a href=\"https:\/\/api.whatsapp.com\/send?phone=556132268787\">(61) 3226-8787<\/a><\/p><p data-pm-slice=\"1 1 []\"><strong><br \/>E-mail:<\/strong>\u00a0<a href=\"mailto:comercial@mercanteseguros.com.br\">comercial@mercanteseguros.com.br<\/a> \/ <a href=\"mailto:mercante@mercanteseguros.com.br\">mercante@mercanteseguros.com.br<\/a><\/p>\t\t\t\t\t\t<\/div>\n\t\t\t\t<\/div>\n\t\t\t\t<div class=\"elementor-element elementor-element-bf1bc59 elementor-align-center elementor-widget elementor-widget-button\" data-id=\"bf1bc59\" data-element_type=\"widget\" data-widget_type=\"button.default\">\n\t\t\t\t<div class=\"elementor-widget-container\">\n\t\t\t\t\t<div class=\"elementor-button-wrapper\">\n\t\t\t<a class=\"elementor-button elementor-button-link elementor-size-sm\" href=\"https:\/\/www.mercanteseguros.com.br\/ases\">\n\t\t\t\t\t\t<span class=\"elementor-button-content-wrapper\">\n\t\t\t\t\t\t\t\t\t<span class=\"elementor-button-text\">Site<\/span>\n\t\t\t\t\t<\/span>\n\t\t\t\t\t<\/a>\n\t\t<\/div>\n\t\t\t\t<\/div>\n\t\t\t\t<\/div>\n\t\t\t\t\t<\/div>\n\t\t<\/div>\n\t\t\t\t\t<\/div>\n\t\t<\/section>\n\t\t\t\t<\/div>\n\t\t","protected":false},"excerpt":{"rendered":"<p>Mercante Seguros Descri\u00e7\u00e3o: Empresa que atua desde 1997 no mercado de seguros, sendo especializada no atendimento de clientes, pessoa f\u00edsica e jur\u00eddica.\u00a0Estamos preparados para prestar toda a assessoria e consultoria indispens\u00e1veis aos contratos de seguros, tanto na contrata\u00e7\u00e3o, bem como principalmente na liquida\u00e7\u00e3o de eventuais&#8230;<\/p>\n","protected":false},"author":3,"featured_media":0,"parent":0,"menu_order":0,"comment_status":"closed","ping_status":"closed","template":"elementor_header_footer","meta":{"footnotes":""},"_links":{"self":[{"href":"https:\/\/ases-df.org.br\/novo\/wp-json\/wp\/v2\/pages\/24836"}],"collection":[{"href":"https:\/\/ases-df.org.br\/novo\/wp-json\/wp\/v2\/pages"}],"about":[{"href":"https:\/\/ases-df.org.br\/novo\/wp-json\/wp\/v2\/types\/page"}],"author":[{"embeddable":true,"href":"https:\/\/ases-df.org.br\/novo\/wp-json\/wp\/v2\/users\/3"}],"replies":[{"embeddable":true,"href":"https:\/\/ases-df.org.br\/novo\/wp-json\/wp\/v2\/comments?post=24836"}],"version-history":[{"count":55,"href":"https:\/\/ases-df.org.br\/novo\/wp-json\/wp\/v2\/pages\/24836\/revisions"}],"predecessor-version":[{"id":25831,"href":"https:\/\/ases-df.org.br\/novo\/wp-json\/wp\/v2\/pages\/24836\/revisions\/25831"}],"wp:attachment":[{"href":"https:\/\/ases-df.org.br\/novo\/wp-json\/wp\/v2\/media?parent=24836"}],"curies":[{"name":"wp","href":"https:\/\/api.w.org\/{rel}","templated":true}]}}