{"id":25256,"date":"2025-06-26T14:36:28","date_gmt":"2025-06-26T17:36:28","guid":{"rendered":"https:\/\/ases-df.org.br\/novo\/?page_id=25256"},"modified":"2025-07-07T11:56:44","modified_gmt":"2025-07-07T14:56:44","slug":"trustlife","status":"publish","type":"page","link":"https:\/\/ases-df.org.br\/novo\/trustlife\/","title":{"rendered":"trustlife"},"content":{"rendered":"\t\t<div data-elementor-type=\"wp-page\" data-elementor-id=\"25256\" class=\"elementor elementor-25256\">\n\t\t\t\t\t\t<section class=\"elementor-section elementor-top-section elementor-element elementor-element-e6fea30 elementor-section-full_width elementor-section-height-default elementor-section-height-default parallax_section_no qode_elementor_container_no\" data-id=\"e6fea30\" data-element_type=\"section\" data-settings=\"{&quot;background_background&quot;:&quot;classic&quot;}\">\n\t\t\t\t\t\t\t<div class=\"elementor-background-overlay\"><\/div>\n\t\t\t\t\t\t\t<div class=\"elementor-container elementor-column-gap-default\">\n\t\t\t\t\t<div class=\"elementor-column elementor-col-100 elementor-top-column elementor-element elementor-element-03e4558\" data-id=\"03e4558\" data-element_type=\"column\">\n\t\t\t<div class=\"elementor-widget-wrap elementor-element-populated\">\n\t\t\t\t\t\t<div class=\"elementor-element elementor-element-f1390c2 elementor-widget elementor-widget-heading\" data-id=\"f1390c2\" data-element_type=\"widget\" data-widget_type=\"heading.default\">\n\t\t\t\t<div class=\"elementor-widget-container\">\n\t\t\t<h1 class=\"elementor-heading-title elementor-size-default\">Trust Life<\/h1>\t\t<\/div>\n\t\t\t\t<\/div>\n\t\t\t\t\t<\/div>\n\t\t<\/div>\n\t\t\t\t\t<\/div>\n\t\t<\/section>\n\t\t\t\t<section class=\"elementor-section elementor-top-section elementor-element elementor-element-94bc2c3 elementor-section-height-min-height elementor-section-content-middle elementor-section-boxed elementor-section-height-default elementor-section-items-middle parallax_section_no qode_elementor_container_no\" data-id=\"94bc2c3\" data-element_type=\"section\" data-settings=\"{&quot;background_background&quot;:&quot;classic&quot;}\">\n\t\t\t\t\t\t\t<div class=\"elementor-background-overlay\"><\/div>\n\t\t\t\t\t\t\t<div class=\"elementor-container elementor-column-gap-default\">\n\t\t\t\t\t<div class=\"elementor-column elementor-col-100 elementor-top-column elementor-element elementor-element-6a5d39e\" data-id=\"6a5d39e\" data-element_type=\"column\">\n\t\t\t<div class=\"elementor-widget-wrap\">\n\t\t\t\t\t\t\t<\/div>\n\t\t<\/div>\n\t\t\t\t\t<\/div>\n\t\t<\/section>\n\t\t\t\t<section class=\"elementor-section elementor-top-section elementor-element elementor-element-f70f621 elementor-section-boxed elementor-section-height-default elementor-section-height-default parallax_section_no qode_elementor_container_no\" data-id=\"f70f621\" data-element_type=\"section\">\n\t\t\t\t\t\t<div class=\"elementor-container elementor-column-gap-default\">\n\t\t\t\t\t<div class=\"elementor-column elementor-col-100 elementor-top-column elementor-element elementor-element-e844e96\" data-id=\"e844e96\" data-element_type=\"column\">\n\t\t\t<div class=\"elementor-widget-wrap elementor-element-populated\">\n\t\t\t\t\t\t<div class=\"elementor-element elementor-element-6a3c486 elementor-widget__width-initial elementor-widget elementor-widget-image\" data-id=\"6a3c486\" data-element_type=\"widget\" data-widget_type=\"image.default\">\n\t\t\t\t<div class=\"elementor-widget-container\">\n\t\t\t\t\t\t\t\t\t\t\t\t\t\t<a href=\"https:\/\/wa.link\/tzjabk\" target=\"_blank\">\n\t\t\t\t\t\t\t<img decoding=\"async\" width=\"300\" height=\"127\" src=\"https:\/\/ases-df.org.br\/novo\/wp-content\/uploads\/2025\/06\/logo-trust-300x127.png\" class=\"attachment-medium size-medium wp-image-25282\" alt=\"\" srcset=\"https:\/\/ases-df.org.br\/novo\/wp-content\/uploads\/2025\/06\/logo-trust-300x127.png 300w, https:\/\/ases-df.org.br\/novo\/wp-content\/uploads\/2025\/06\/logo-trust-768x325.png 768w, https:\/\/ases-df.org.br\/novo\/wp-content\/uploads\/2025\/06\/logo-trust-700x297.png 700w, https:\/\/ases-df.org.br\/novo\/wp-content\/uploads\/2025\/06\/logo-trust.png 982w\" sizes=\"(max-width: 300px) 100vw, 300px\" \/>\t\t\t\t\t\t\t\t<\/a>\n\t\t\t\t\t\t\t\t\t\t\t\t\t<\/div>\n\t\t\t\t<\/div>\n\t\t\t\t<div class=\"elementor-element elementor-element-6a3b61b elementor-widget-divider--view-line elementor-widget elementor-widget-divider\" data-id=\"6a3b61b\" data-element_type=\"widget\" data-widget_type=\"divider.default\">\n\t\t\t\t<div class=\"elementor-widget-container\">\n\t\t\t\t\t<div class=\"elementor-divider\">\n\t\t\t<span class=\"elementor-divider-separator\">\n\t\t\t\t\t\t<\/span>\n\t\t<\/div>\n\t\t\t\t<\/div>\n\t\t\t\t<\/div>\n\t\t\t\t\t<\/div>\n\t\t<\/div>\n\t\t\t\t\t<\/div>\n\t\t<\/section>\n\t\t\t\t<section class=\"elementor-section elementor-top-section elementor-element elementor-element-a30df22 elementor-section-boxed elementor-section-height-default elementor-section-height-default parallax_section_no qode_elementor_container_no\" data-id=\"a30df22\" data-element_type=\"section\">\n\t\t\t\t\t\t<div class=\"elementor-container elementor-column-gap-default\">\n\t\t\t\t\t<div class=\"elementor-column elementor-col-50 elementor-top-column elementor-element elementor-element-c385441\" data-id=\"c385441\" data-element_type=\"column\">\n\t\t\t<div class=\"elementor-widget-wrap elementor-element-populated\">\n\t\t\t\t\t\t<div class=\"elementor-element elementor-element-493bcc9 elementor-widget elementor-widget-bridge_image_gallery\" data-id=\"493bcc9\" data-element_type=\"widget\" data-widget_type=\"bridge_image_gallery.default\">\n\t\t\t\t<div class=\"elementor-widget-container\">\n\t\t\t<div class=\"qode-image-gallery\"><div class=\"qode-image-gallery-inner\"><div class=\"qode-image-gallery-slides drag_enabled flexslider_fade flexslider\" data-interval=\"5\" data-flex_fx=\"fade\"data-direction=\"true\"data-drag=\"true\"><ul class=\"slides\"><li><img decoding=\"async\" src=\"https:\/\/ases-df.org.br\/novo\/wp-content\/uploads\/2025\/06\/1-txh.jpeg\" alt=\"\" width=\"t\" height=\"h\" \/><\/li><li><img decoding=\"async\" src=\"https:\/\/ases-df.org.br\/novo\/wp-content\/uploads\/2025\/06\/2-1-txh.jpeg\" alt=\"\" width=\"t\" height=\"h\" \/><\/li><li><img decoding=\"async\" src=\"https:\/\/ases-df.org.br\/novo\/wp-content\/uploads\/2025\/06\/3-txh.jpeg\" alt=\"\" width=\"t\" height=\"h\" \/><\/li><li><img decoding=\"async\" src=\"https:\/\/ases-df.org.br\/novo\/wp-content\/uploads\/2025\/07\/1-1-txh.jpeg\" alt=\"\" width=\"t\" height=\"h\" \/><\/li><li><img decoding=\"async\" src=\"https:\/\/ases-df.org.br\/novo\/wp-content\/uploads\/2025\/07\/2-1-txh.jpeg\" alt=\"\" width=\"t\" height=\"h\" \/><\/li><li><img decoding=\"async\" src=\"https:\/\/ases-df.org.br\/novo\/wp-content\/uploads\/2025\/07\/3-1-txh.jpeg\" alt=\"\" width=\"t\" height=\"h\" \/><\/li><li><img decoding=\"async\" src=\"https:\/\/ases-df.org.br\/novo\/wp-content\/uploads\/2025\/07\/4-1-txh.jpeg\" alt=\"\" width=\"t\" height=\"h\" \/><\/li><li><img decoding=\"async\" src=\"https:\/\/ases-df.org.br\/novo\/wp-content\/uploads\/2025\/07\/5-1-txh.jpeg\" alt=\"\" width=\"t\" height=\"h\" \/><\/li><\/div><\/div><\/div>\t\t<\/div>\n\t\t\t\t<\/div>\n\t\t\t\t\t<\/div>\n\t\t<\/div>\n\t\t\t\t<div class=\"elementor-column elementor-col-50 elementor-top-column elementor-element elementor-element-8beab29\" data-id=\"8beab29\" data-element_type=\"column\">\n\t\t\t<div class=\"elementor-widget-wrap elementor-element-populated\">\n\t\t\t\t\t\t<div class=\"elementor-element elementor-element-59f2df5 elementor-widget elementor-widget-heading\" data-id=\"59f2df5\" data-element_type=\"widget\" data-widget_type=\"heading.default\">\n\t\t\t\t<div class=\"elementor-widget-container\">\n\t\t\t<p class=\"elementor-heading-title elementor-size-default\">Descri\u00e7\u00e3o:<\/p>\t\t<\/div>\n\t\t\t\t<\/div>\n\t\t\t\t<div class=\"elementor-element elementor-element-ab1759f elementor-widget elementor-widget-text-editor\" data-id=\"ab1759f\" data-element_type=\"widget\" data-widget_type=\"text-editor.default\">\n\t\t\t\t<div class=\"elementor-widget-container\">\n\t\t\t\t\t\t\t<p dir=\"auto\">A Trust Life \u00e9 parceira oficial do <b>Clube ASES<\/b> e est\u00e1 aqui para cuidar de algo que importa muito: <b>a sua sa\u00fade e a da sua fam\u00edlia.<\/b><\/p><p dir=\"auto\">\u00a0<\/p><p dir=\"auto\">Somos uma consultoria especializada em <b>benef\u00edcios corporativos<\/b> que trabalha com as <b>melhores operadoras de sa\u00fade e seguradoras do pa\u00eds<\/b>, sempre buscando a melhor condi\u00e7\u00e3o para quem \u00e9 <b>associado ao clube<\/b>.<\/p><p dir=\"auto\">\u00a0<\/p><p dir=\"auto\">Com a Trust Life, voc\u00ea tem acesso a:<\/p><p dir=\"auto\"><b>Plano de Sa\u00fade sob medida<\/b><\/p><p dir=\"auto\"><b>Seguro de Vida com prote\u00e7\u00e3o real<\/b><\/p><p dir=\"auto\"><b>Plano Odontol\u00f3gico para voc\u00ea e seus dependentes<\/b><\/p><p dir=\"auto\">\u00a0<\/p><p dir=\"auto\">Nosso compromisso \u00e9 oferecer <b>atendimento personalizado, valores exclusivos<\/b> e todo o suporte para voc\u00ea contratar com tranquilidade e seguran\u00e7a.<\/p><p dir=\"auto\">\u00a0<\/p><p dir=\"auto\">E o melhor: voc\u00ea pode contar com a orienta\u00e7\u00e3o de uma especialista que vai te ajudar em cada passo, do come\u00e7o ao fim.<\/p><p dir=\"auto\">\u00a0<\/p><p dir=\"auto\">Fale com a Trust Life e aproveite os <b>benef\u00edcios especiais que s\u00f3 quem \u00e9 associado ao Clube ASES tem.<\/b><\/p>\t\t\t\t\t\t<\/div>\n\t\t\t\t<\/div>\n\t\t\t\t<div class=\"elementor-element elementor-element-9f983f4 elementor-widget elementor-widget-heading\" data-id=\"9f983f4\" data-element_type=\"widget\" data-widget_type=\"heading.default\">\n\t\t\t\t<div class=\"elementor-widget-container\">\n\t\t\t<p class=\"elementor-heading-title elementor-size-default\">Benef\u00edcios para o associado:<\/p>\t\t<\/div>\n\t\t\t\t<\/div>\n\t\t\t\t<div class=\"elementor-element elementor-element-3b1af93 elementor-widget__width-initial elementor-widget elementor-widget-text-editor\" data-id=\"3b1af93\" data-element_type=\"widget\" data-widget_type=\"text-editor.default\">\n\t\t\t\t<div class=\"elementor-widget-container\">\n\t\t\t\t\t\t\t<p><b>Isen\u00e7\u00e3o total da taxa de ades\u00e3o<\/b><\/p><p>\u00a0<\/p><p>Nos Planos de Sa\u00fade:<\/p><p>\u00a0<\/p><ul><li>Delta ou \u00d4mega da Plenum Sa\u00fade<\/li><li>Life Vital ou Vida da Unity Sa\u00fade<br \/><br \/><\/li><\/ul><p>E mais: os valores desses planos foram negociados especialmente para os associados do Clube Ases, com foco em acessibilidade e prote\u00e7\u00e3o completa.<b style=\"letter-spacing: 0px;\">\u00a0<\/b><br \/><br \/>Para consultar e contratar, entre em contato diretamente com:<\/p><p><strong style=\"letter-spacing: 0px;\">\u00a0<\/strong><\/p><p>\u00a0<\/p><p><b>Juliana S\u00e1 \u2013 Consultora em Benef\u00edcios da Trust Life<br \/><br \/><\/b><\/p><p>\u00a0<\/p><p>(61) 99691-4209<\/p><p>\u00a0<\/p><p>Ou fale pelos canais oficiais do Clube Ases.<\/p>\t\t\t\t\t\t<\/div>\n\t\t\t\t<\/div>\n\t\t\t\t<div class=\"elementor-element elementor-element-316111a elementor-widget elementor-widget-text-editor\" data-id=\"316111a\" data-element_type=\"widget\" data-widget_type=\"text-editor.default\">\n\t\t\t\t<div class=\"elementor-widget-container\">\n\t\t\t\t\t\t\t<p data-prosemirror-content-type=\"node\" data-prosemirror-node-name=\"paragraph\" data-prosemirror-node-block=\"true\">\u00a0<\/p><p data-prosemirror-content-type=\"node\" data-prosemirror-node-name=\"paragraph\" data-prosemirror-node-block=\"true\" data-pm-slice=\"1 1 []\">\u00a0<span style=\"color: #000000;\">*<em data-prosemirror-content-type=\"mark\" data-prosemirror-mark-name=\"em\">Importante: Essas condi\u00e7\u00f5es s\u00e3o exclusivas para associados<\/em> e s\u00f3 podem ser contratadas por meio da Trust Life ou canais oficiais do Clube.<\/span><\/p>\t\t\t\t\t\t<\/div>\n\t\t\t\t<\/div>\n\t\t\t\t<div class=\"elementor-element elementor-element-2428bd3 elementor-widget elementor-widget-heading\" data-id=\"2428bd3\" data-element_type=\"widget\" data-widget_type=\"heading.default\">\n\t\t\t\t<div class=\"elementor-widget-container\">\n\t\t\t<p class=\"elementor-heading-title elementor-size-default\">Contato:<\/p>\t\t<\/div>\n\t\t\t\t<\/div>\n\t\t\t\t<div class=\"elementor-element elementor-element-a8fbf68 elementor-widget elementor-widget-text-editor\" data-id=\"a8fbf68\" data-element_type=\"widget\" data-widget_type=\"text-editor.default\">\n\t\t\t\t<div class=\"elementor-widget-container\">\n\t\t\t\t\t\t\t<p>Contato: Juliana S\u00e1<\/p>\n<p>e-mail: comercial@trustlife.com.br<\/p>\n<p>T<span style=\"letter-spacing: 0px;\">elefone\/WhatsApp:&nbsp;<\/span><a style=\"letter-spacing: 0px;\" href=\"https:\/\/wa.link\/tzjabk\" target=\"_blank\" rel=\"noopener\">61 99691-4209<\/a><\/p>\n<p><\/p>\n<p><b>Conhe\u00e7a a Trust Life<\/b><\/p>\n<p>Site:&nbsp;<a style=\"letter-spacing: 0px;\" href=\"http:\/\/www.trustlife.com.br\" target=\"_blank\" rel=\"noopener\">trustlife.com.br<\/a><\/p>\n<p>Insta:&nbsp;<a style=\"letter-spacing: 0px;\" href=\"https:\/\/www.instagram.com\/trustlifebeneficios\/\" target=\"_blank\" rel=\"noopener\">@\u200ctrustlifebeneficios<\/a><\/p>\n<p><\/p>\n<p>Conhe\u00e7a as Operadoras de Sa\u00fade<\/p>\n<p><a href=\"http:\/\/www.plenumsaude.com\" target=\"_blank\" rel=\"noopener\">plenumsaude.com<\/a><\/p>\n<p><a href=\"http:\/\/www.unitysaude.com.br\" target=\"_blank\">unitysaude.com.br<\/a><\/p>\t\t\t\t\t\t<\/div>\n\t\t\t\t<\/div>\n\t\t\t\t\t<\/div>\n\t\t<\/div>\n\t\t\t\t\t<\/div>\n\t\t<\/section>\n\t\t\t\t<\/div>\n\t\t","protected":false},"excerpt":{"rendered":"<p>Trust Life Descri\u00e7\u00e3o: A Trust Life \u00e9 parceira oficial do Clube ASES e est\u00e1 aqui para cuidar de algo que importa muito: a sua sa\u00fade e a da sua fam\u00edlia. \u00a0 Somos uma consultoria especializada em benef\u00edcios corporativos que trabalha com as melhores operadoras de&#8230;<\/p>\n","protected":false},"author":3,"featured_media":0,"parent":0,"menu_order":0,"comment_status":"closed","ping_status":"closed","template":"elementor_header_footer","meta":{"footnotes":""},"_links":{"self":[{"href":"https:\/\/ases-df.org.br\/novo\/wp-json\/wp\/v2\/pages\/25256"}],"collection":[{"href":"https:\/\/ases-df.org.br\/novo\/wp-json\/wp\/v2\/pages"}],"about":[{"href":"https:\/\/ases-df.org.br\/novo\/wp-json\/wp\/v2\/types\/page"}],"author":[{"embeddable":true,"href":"https:\/\/ases-df.org.br\/novo\/wp-json\/wp\/v2\/users\/3"}],"replies":[{"embeddable":true,"href":"https:\/\/ases-df.org.br\/novo\/wp-json\/wp\/v2\/comments?post=25256"}],"version-history":[{"count":25,"href":"https:\/\/ases-df.org.br\/novo\/wp-json\/wp\/v2\/pages\/25256\/revisions"}],"predecessor-version":[{"id":25332,"href":"https:\/\/ases-df.org.br\/novo\/wp-json\/wp\/v2\/pages\/25256\/revisions\/25332"}],"wp:attachment":[{"href":"https:\/\/ases-df.org.br\/novo\/wp-json\/wp\/v2\/media?parent=25256"}],"curies":[{"name":"wp","href":"https:\/\/api.w.org\/{rel}","templated":true}]}}