{"id":25950,"date":"2026-05-04T14:21:34","date_gmt":"2026-05-04T17:21:34","guid":{"rendered":"https:\/\/ases-df.org.br\/novo\/?page_id=25950"},"modified":"2026-05-04T15:47:48","modified_gmt":"2026-05-04T18:47:48","slug":"lucia-smidt-musicoterapia","status":"publish","type":"page","link":"https:\/\/ases-df.org.br\/novo\/lucia-smidt-musicoterapia\/","title":{"rendered":"Lucia Smidt Musicoterapia"},"content":{"rendered":"\t\t<div data-elementor-type=\"wp-page\" data-elementor-id=\"25950\" class=\"elementor elementor-25950\">\n\t\t\t\t\t\t<section class=\"elementor-section elementor-top-section elementor-element elementor-element-e6fea30 elementor-section-full_width elementor-section-height-default elementor-section-height-default parallax_section_no qode_elementor_container_no\" data-id=\"e6fea30\" data-element_type=\"section\" data-settings=\"{&quot;background_background&quot;:&quot;classic&quot;}\">\n\t\t\t\t\t\t\t<div class=\"elementor-background-overlay\"><\/div>\n\t\t\t\t\t\t\t<div class=\"elementor-container elementor-column-gap-default\">\n\t\t\t\t\t<div class=\"elementor-column elementor-col-100 elementor-top-column elementor-element elementor-element-03e4558\" data-id=\"03e4558\" data-element_type=\"column\">\n\t\t\t<div class=\"elementor-widget-wrap elementor-element-populated\">\n\t\t\t\t\t\t<div class=\"elementor-element elementor-element-f1390c2 elementor-widget elementor-widget-heading\" data-id=\"f1390c2\" data-element_type=\"widget\" data-widget_type=\"heading.default\">\n\t\t\t\t<div class=\"elementor-widget-container\">\n\t\t\t<h1 class=\"elementor-heading-title elementor-size-default\">Lucia Smidt - Musicoterapia<\/h1>\t\t<\/div>\n\t\t\t\t<\/div>\n\t\t\t\t\t<\/div>\n\t\t<\/div>\n\t\t\t\t\t<\/div>\n\t\t<\/section>\n\t\t\t\t<section class=\"elementor-section elementor-top-section elementor-element elementor-element-94bc2c3 elementor-section-height-min-height elementor-section-content-middle elementor-section-boxed elementor-section-height-default elementor-section-items-middle parallax_section_no qode_elementor_container_no\" data-id=\"94bc2c3\" data-element_type=\"section\" data-settings=\"{&quot;background_background&quot;:&quot;classic&quot;}\">\n\t\t\t\t\t\t\t<div class=\"elementor-background-overlay\"><\/div>\n\t\t\t\t\t\t\t<div class=\"elementor-container elementor-column-gap-default\">\n\t\t\t\t\t<div class=\"elementor-column elementor-col-100 elementor-top-column elementor-element elementor-element-6a5d39e\" data-id=\"6a5d39e\" data-element_type=\"column\">\n\t\t\t<div class=\"elementor-widget-wrap\">\n\t\t\t\t\t\t\t<\/div>\n\t\t<\/div>\n\t\t\t\t\t<\/div>\n\t\t<\/section>\n\t\t\t\t<section class=\"elementor-section elementor-top-section elementor-element elementor-element-f70f621 elementor-section-boxed elementor-section-height-default elementor-section-height-default parallax_section_no qode_elementor_container_no\" data-id=\"f70f621\" data-element_type=\"section\">\n\t\t\t\t\t\t<div class=\"elementor-container elementor-column-gap-default\">\n\t\t\t\t\t<div class=\"elementor-column elementor-col-100 elementor-top-column elementor-element elementor-element-e844e96\" data-id=\"e844e96\" data-element_type=\"column\">\n\t\t\t<div class=\"elementor-widget-wrap elementor-element-populated\">\n\t\t\t\t\t\t<div class=\"elementor-element elementor-element-6a3c486 elementor-widget__width-initial elementor-widget elementor-widget-image\" data-id=\"6a3c486\" data-element_type=\"widget\" data-widget_type=\"image.default\">\n\t\t\t\t<div class=\"elementor-widget-container\">\n\t\t\t\t\t\t\t\t\t\t\t\t\t\t<a href=\"https:\/\/wa.link\/tzjabk\" target=\"_blank\">\n\t\t\t\t\t\t\t<img decoding=\"async\" width=\"150\" height=\"150\" src=\"https:\/\/ases-df.org.br\/novo\/wp-content\/uploads\/2026\/05\/Lucia_Logo_V2-150x150.png\" class=\"attachment-thumbnail size-thumbnail wp-image-25956\" alt=\"\" srcset=\"https:\/\/ases-df.org.br\/novo\/wp-content\/uploads\/2026\/05\/Lucia_Logo_V2-150x150.png 150w, https:\/\/ases-df.org.br\/novo\/wp-content\/uploads\/2026\/05\/Lucia_Logo_V2-300x300.png 300w, https:\/\/ases-df.org.br\/novo\/wp-content\/uploads\/2026\/05\/Lucia_Logo_V2-1024x1024.png 1024w, https:\/\/ases-df.org.br\/novo\/wp-content\/uploads\/2026\/05\/Lucia_Logo_V2-768x768.png 768w, https:\/\/ases-df.org.br\/novo\/wp-content\/uploads\/2026\/05\/Lucia_Logo_V2-1536x1536.png 1536w, https:\/\/ases-df.org.br\/novo\/wp-content\/uploads\/2026\/05\/Lucia_Logo_V2-2048x2048.png 2048w, https:\/\/ases-df.org.br\/novo\/wp-content\/uploads\/2026\/05\/Lucia_Logo_V2-570x570.png 570w, https:\/\/ases-df.org.br\/novo\/wp-content\/uploads\/2026\/05\/Lucia_Logo_V2-500x500.png 500w, https:\/\/ases-df.org.br\/novo\/wp-content\/uploads\/2026\/05\/Lucia_Logo_V2-1000x1000.png 1000w, https:\/\/ases-df.org.br\/novo\/wp-content\/uploads\/2026\/05\/Lucia_Logo_V2-700x700.png 700w\" sizes=\"(max-width: 150px) 100vw, 150px\" \/>\t\t\t\t\t\t\t\t<\/a>\n\t\t\t\t\t\t\t\t\t\t\t\t\t<\/div>\n\t\t\t\t<\/div>\n\t\t\t\t<div class=\"elementor-element elementor-element-6a3b61b elementor-widget-divider--view-line elementor-widget elementor-widget-divider\" data-id=\"6a3b61b\" data-element_type=\"widget\" data-widget_type=\"divider.default\">\n\t\t\t\t<div class=\"elementor-widget-container\">\n\t\t\t\t\t<div class=\"elementor-divider\">\n\t\t\t<span class=\"elementor-divider-separator\">\n\t\t\t\t\t\t<\/span>\n\t\t<\/div>\n\t\t\t\t<\/div>\n\t\t\t\t<\/div>\n\t\t\t\t\t<\/div>\n\t\t<\/div>\n\t\t\t\t\t<\/div>\n\t\t<\/section>\n\t\t\t\t<section class=\"elementor-section elementor-top-section elementor-element elementor-element-a30df22 elementor-section-boxed elementor-section-height-default elementor-section-height-default parallax_section_no qode_elementor_container_no\" data-id=\"a30df22\" data-element_type=\"section\">\n\t\t\t\t\t\t<div class=\"elementor-container elementor-column-gap-default\">\n\t\t\t\t\t<div class=\"elementor-column elementor-col-50 elementor-top-column elementor-element elementor-element-c385441\" data-id=\"c385441\" data-element_type=\"column\">\n\t\t\t<div class=\"elementor-widget-wrap elementor-element-populated\">\n\t\t\t\t\t\t<div class=\"elementor-element elementor-element-493bcc9 elementor-widget elementor-widget-bridge_image_gallery\" data-id=\"493bcc9\" data-element_type=\"widget\" data-widget_type=\"bridge_image_gallery.default\">\n\t\t\t\t<div class=\"elementor-widget-container\">\n\t\t\t<div class=\"qode-image-gallery\"><div class=\"qode-image-gallery-inner\"><div class=\"qode-image-gallery-slides drag_enabled flexslider_fade flexslider\" data-interval=\"5\" data-flex_fx=\"fade\"data-direction=\"true\"data-drag=\"true\"><ul class=\"slides\"><li><img decoding=\"async\" src=\"https:\/\/ases-df.org.br\/novo\/wp-content\/uploads\/2026\/05\/37139-txh.jpg\" alt=\"\" width=\"t\" height=\"h\" \/><\/li><li><img decoding=\"async\" src=\"https:\/\/ases-df.org.br\/novo\/wp-content\/uploads\/2026\/05\/FOTO-LUCIA-SMIDT-2-scaled-txh.jpg\" alt=\"\" width=\"t\" height=\"h\" \/><\/li><li><img decoding=\"async\" src=\"https:\/\/ases-df.org.br\/novo\/wp-content\/uploads\/2026\/05\/IMG_7766-txh.jpg\" alt=\"\" width=\"t\" height=\"h\" \/><\/li><\/div><\/div><\/div>\t\t<\/div>\n\t\t\t\t<\/div>\n\t\t\t\t\t<\/div>\n\t\t<\/div>\n\t\t\t\t<div class=\"elementor-column elementor-col-50 elementor-top-column elementor-element elementor-element-8beab29\" data-id=\"8beab29\" data-element_type=\"column\">\n\t\t\t<div class=\"elementor-widget-wrap elementor-element-populated\">\n\t\t\t\t\t\t<div class=\"elementor-element elementor-element-59f2df5 elementor-widget elementor-widget-heading\" data-id=\"59f2df5\" data-element_type=\"widget\" data-widget_type=\"heading.default\">\n\t\t\t\t<div class=\"elementor-widget-container\">\n\t\t\t<p class=\"elementor-heading-title elementor-size-default\">Descri\u00e7\u00e3o:<\/p>\t\t<\/div>\n\t\t\t\t<\/div>\n\t\t\t\t<div class=\"elementor-element elementor-element-ab1759f elementor-widget elementor-widget-text-editor\" data-id=\"ab1759f\" data-element_type=\"widget\" data-widget_type=\"text-editor.default\">\n\t\t\t\t<div class=\"elementor-widget-container\">\n\t\t\t\t\t\t\t<p>L\u00facia Smidt \u00e9 parceira do Clube ASES e oferece um cuidado diferenciado para a sua sa\u00fade f\u00edsica, emocional e mental por meio da musicoterapia.<br \/><br \/>Com mais de 15 anos de experi\u00eancia na promo\u00e7\u00e3o da sa\u00fade integral, L\u00facia \u00e9 especialista em musicoterapia, com forma\u00e7\u00e3o em reabilita\u00e7\u00e3o neurol\u00f3gica e na sa\u00fade emocional\/mental. A musicoterapia \u00e9 baseada em evid\u00eancias cient\u00edficas e \u00e9 uma profiss\u00e3o regulamentada por Lei.<br \/><br \/><strong>Com a musicoterapia, voc\u00ea tem acesso a:<\/strong><br \/><br \/>Reabilita\u00e7\u00e3o neurol\u00f3gica (Parkinson, Alzheimer e preven\u00e7\u00e3o)<br \/><br \/>Sa\u00fade emocional e mental (ansiedade, estresse, depress\u00e3o\u2026)<br \/><br \/>Musicoterapia organizacional para empresas<\/p><p>Terapia sonora em grupo (Sound Healing)<\/p><p><br \/>A musicoterapia utiliza elementos como som, ritmo e vibra\u00e7\u00e3o para estimular diferentes \u00e1reas do c\u00e9rebro, favorecendo a neuroplasticidade, a regula\u00e7\u00e3o emocional e a melhora da qualidade de vida.<br \/><br \/><strong>Entre os principais benef\u00edcios, destacam-se:<br \/><br \/><\/strong>Melhora da coordena\u00e7\u00e3o motora e da mem\u00f3ria<br \/><br \/>Redu\u00e7\u00e3o da ansiedade, estresse e ins\u00f4nia<br \/><br \/>Est\u00edmulo \u00e0 comunica\u00e7\u00e3o e express\u00e3o emocional<br \/><br \/>Aumento do bem-estar e equil\u00edbrio interno<br \/><br \/>Melhora do foco, produtividade e rela\u00e7\u00f5es interpessoais<br \/><br \/>Os atendimentos podem ser realizados de forma individual e em grupo em consult\u00f3rio pr\u00f3prio e, em domic\u00edlio do paciente. Atende em empresas com foco na musicoterapia organizacional.<br \/><br \/>Fale com a L\u00facia Smidt e aproveite os benef\u00edcios exclusivos para associados do Clube ASES.<\/p><p><br \/><br \/><\/p>\t\t\t\t\t\t<\/div>\n\t\t\t\t<\/div>\n\t\t\t\t<div class=\"elementor-element elementor-element-9f983f4 elementor-widget elementor-widget-heading\" data-id=\"9f983f4\" data-element_type=\"widget\" data-widget_type=\"heading.default\">\n\t\t\t\t<div class=\"elementor-widget-container\">\n\t\t\t<p class=\"elementor-heading-title elementor-size-default\">Benef\u00edcios para o associado:<\/p>\t\t<\/div>\n\t\t\t\t<\/div>\n\t\t\t\t<div class=\"elementor-element elementor-element-3b1af93 elementor-widget__width-initial elementor-widget elementor-widget-text-editor\" data-id=\"3b1af93\" data-element_type=\"widget\" data-widget_type=\"text-editor.default\">\n\t\t\t\t<div class=\"elementor-widget-container\">\n\t\t\t\t\t\t\t<p>20% de desconto<\/p>\t\t\t\t\t\t<\/div>\n\t\t\t\t<\/div>\n\t\t\t\t<div class=\"elementor-element elementor-element-2428bd3 elementor-widget elementor-widget-heading\" data-id=\"2428bd3\" data-element_type=\"widget\" data-widget_type=\"heading.default\">\n\t\t\t\t<div class=\"elementor-widget-container\">\n\t\t\t<p class=\"elementor-heading-title elementor-size-default\">Contato:<\/p>\t\t<\/div>\n\t\t\t\t<\/div>\n\t\t\t\t<div class=\"elementor-element elementor-element-a8fbf68 elementor-widget elementor-widget-text-editor\" data-id=\"a8fbf68\" data-element_type=\"widget\" data-widget_type=\"text-editor.default\">\n\t\t\t\t<div class=\"elementor-widget-container\">\n\t\t\t\t\t\t\t<p>Contato: Lucia Smidt<\/p><p>e-mail: luciasmidt@gmail.com<\/p><p>T<span style=\"letter-spacing: 0px;\">elefone\/WhatsApp: (61) 99849 &#8211; 0422<\/span><\/p><p>Insta: @luciasmidtmusicoterapia<\/p><p>Facebook: @luciasmidtmusicoterapia<\/p>\t\t\t\t\t\t<\/div>\n\t\t\t\t<\/div>\n\t\t\t\t\t<\/div>\n\t\t<\/div>\n\t\t\t\t\t<\/div>\n\t\t<\/section>\n\t\t\t\t<\/div>\n\t\t","protected":false},"excerpt":{"rendered":"<p>Lucia Smidt &#8211; Musicoterapia Descri\u00e7\u00e3o: L\u00facia Smidt \u00e9 parceira do Clube ASES e oferece um cuidado diferenciado para a sua sa\u00fade f\u00edsica, emocional e mental por meio da musicoterapia. Com mais de 15 anos de experi\u00eancia na promo\u00e7\u00e3o da sa\u00fade integral, L\u00facia \u00e9 especialista em&#8230;<\/p>\n","protected":false},"author":3,"featured_media":0,"parent":0,"menu_order":0,"comment_status":"closed","ping_status":"closed","template":"elementor_header_footer","meta":{"footnotes":""},"_links":{"self":[{"href":"https:\/\/ases-df.org.br\/novo\/wp-json\/wp\/v2\/pages\/25950"}],"collection":[{"href":"https:\/\/ases-df.org.br\/novo\/wp-json\/wp\/v2\/pages"}],"about":[{"href":"https:\/\/ases-df.org.br\/novo\/wp-json\/wp\/v2\/types\/page"}],"author":[{"embeddable":true,"href":"https:\/\/ases-df.org.br\/novo\/wp-json\/wp\/v2\/users\/3"}],"replies":[{"embeddable":true,"href":"https:\/\/ases-df.org.br\/novo\/wp-json\/wp\/v2\/comments?post=25950"}],"version-history":[{"count":4,"href":"https:\/\/ases-df.org.br\/novo\/wp-json\/wp\/v2\/pages\/25950\/revisions"}],"predecessor-version":[{"id":25963,"href":"https:\/\/ases-df.org.br\/novo\/wp-json\/wp\/v2\/pages\/25950\/revisions\/25963"}],"wp:attachment":[{"href":"https:\/\/ases-df.org.br\/novo\/wp-json\/wp\/v2\/media?parent=25950"}],"curies":[{"name":"wp","href":"https:\/\/api.w.org\/{rel}","templated":true}]}}