{"id":316,"date":"2019-12-04T17:06:53","date_gmt":"2019-12-04T19:06:53","guid":{"rendered":"http:\/\/ases-df.org.br\/novo\/?page_id=316"},"modified":"2022-04-13T14:28:44","modified_gmt":"2022-04-13T17:28:44","slug":"quadras-de-areia","status":"publish","type":"page","link":"https:\/\/ases-df.org.br\/novo\/quadras-de-areia\/","title":{"rendered":"QUADRAS DE AREIA"},"content":{"rendered":"\t\t<div data-elementor-type=\"wp-page\" data-elementor-id=\"316\" class=\"elementor elementor-316\">\n\t\t\t\t\t\t<section class=\"elementor-section elementor-top-section elementor-element elementor-element-90dc73a elementor-section-boxed elementor-section-height-default elementor-section-height-default parallax_section_no qode_elementor_container_no\" data-id=\"90dc73a\" data-element_type=\"section\" data-settings=\"{&quot;background_background&quot;:&quot;classic&quot;}\">\n\t\t\t\t\t\t\t<div class=\"elementor-background-overlay\"><\/div>\n\t\t\t\t\t\t\t<div class=\"elementor-container elementor-column-gap-default\">\n\t\t\t\t\t<div class=\"elementor-column elementor-col-100 elementor-top-column elementor-element elementor-element-821e79d\" data-id=\"821e79d\" data-element_type=\"column\">\n\t\t\t<div class=\"elementor-widget-wrap elementor-element-populated\">\n\t\t\t\t\t\t<div class=\"elementor-element elementor-element-ce0db06 elementor-align-center elementor-icon-list--layout-traditional elementor-list-item-link-full_width elementor-widget elementor-widget-icon-list\" data-id=\"ce0db06\" data-element_type=\"widget\" data-widget_type=\"icon-list.default\">\n\t\t\t\t<div class=\"elementor-widget-container\">\n\t\t\t\t\t<ul class=\"elementor-icon-list-items\">\n\t\t\t\t\t\t\t<li class=\"elementor-icon-list-item\">\n\t\t\t\t\t\t\t\t\t\t\t<span class=\"elementor-icon-list-icon\">\n\t\t\t\t\t\t\t<svg xmlns=\"http:\/\/www.w3.org\/2000\/svg\" xmlns:xlink=\"http:\/\/www.w3.org\/1999\/xlink\" id=\"Layer_1\" x=\"0px\" y=\"0px\" viewBox=\"0 0 120.9 120.9\" style=\"enable-background:new 0 0 120.9 120.9;\" xml:space=\"preserve\"><style type=\"text\/css\">\t.st0{fill-rule:evenodd;clip-rule:evenodd;fill:#FFFFFF;}<\/style><path class=\"st0\" d=\"M90.3,0H30.6C13.7,0,0,13.7,0,30.6v26.3c2.7-2.9,6.3-6.7,10.9-11.3c5.5-5.5,9.9-9.7,12.9-12.4  c-1.3-1.7-2-3.7-2-5.9c0-5.7,5.2-10.4,11.6-10.4c6.4,0,11.6,4.7,11.6,10.4c0,5.5-4.8,10.1-10.9,10.4c5.4,6.3,22.9,24.7,30.7,32.6  c2.4,2.4-4.4,8.9-6.7,6.7C51.2,70,40.6,59.5,33.5,51.7c-2.3,2.4-5,5.2-8.2,8.4c-3.7,3.7-7,6.9-9.6,9.4c8.6,5,17.2,10.3,17.4,11.3  c0.5,1.9-0.8,5.5-10.2,21.7c-1.1,2-11.5-3.7-10.2-5.9c6.6-11.5,4.5-8.4,7-13.6c-2.6-1.8-9.7-5.8-14.4-8.4c2.8,10.3,5.5,21.7,5,22.6  c-0.6,1.1-2.3,2.2-8.3,4.1c4.4,11.5,15.5,19.6,28.6,19.6h59.7c16.9,0,30.6-13.7,30.6-30.6V30.6C120.9,13.7,107.2,0,90.3,0L90.3,0z   M35.7,105.4c-2.2,0-4-1.6-4-3.6c0-2,1.8-3.6,4-3.6c2.2,0,4,1.6,4,3.6C39.7,103.8,37.9,105.4,35.7,105.4L35.7,105.4z M44.9,96.4  c-2.2,0-4-1.6-4-3.6c0-2,1.8-3.6,4-3.6c2.2,0,4,1.6,4,3.6C48.9,94.7,47.1,96.4,44.9,96.4L44.9,96.4z M54,105.4c-2.2,0-4-1.6-4-3.6  c0-2,1.8-3.6,4-3.6c2.2,0,4,1.6,4,3.6C58,103.8,56.2,105.4,54,105.4L54,105.4z M63.2,96.4c-2.2,0-4-1.6-4-3.6c0-2,1.8-3.6,4-3.6  c2.2,0,4,1.6,4,3.6C67.2,94.7,65.4,96.4,63.2,96.4L63.2,96.4z M72.4,105.4c-2.2,0-4-1.6-4-3.6c0-2,1.8-3.6,4-3.6c2.2,0,4,1.6,4,3.6  C76.4,103.8,74.6,105.4,72.4,105.4L72.4,105.4z M68.4,55.1c-6.4,0-11.6-4.7-11.6-10.4c0-5.7,5.2-10.4,11.6-10.4  c6.4,0,11.6,4.7,11.6,10.4C79.9,50.4,74.8,55.1,68.4,55.1L68.4,55.1z M81.5,96.4c-2.2,0-4-1.6-4-3.6c0-2,1.8-3.6,4-3.6  c2.2,0,4,1.6,4,3.6C85.5,94.7,83.7,96.4,81.5,96.4L81.5,96.4z M90.7,105.4c-2.2,0-4-1.6-4-3.6c0-2,1.8-3.6,4-3.6c2.2,0,4,1.6,4,3.6  C94.7,103.8,92.9,105.4,90.7,105.4z\"><\/path><\/svg>\t\t\t\t\t\t<\/span>\n\t\t\t\t\t\t\t\t\t\t<span class=\"elementor-icon-list-text\">Quadras de Areia<\/span>\n\t\t\t\t\t\t\t\t\t<\/li>\n\t\t\t\t\t\t<\/ul>\n\t\t\t\t<\/div>\n\t\t\t\t<\/div>\n\t\t\t\t\t<\/div>\n\t\t<\/div>\n\t\t\t\t\t<\/div>\n\t\t<\/section>\n\t\t\t\t<section class=\"elementor-section elementor-top-section elementor-element elementor-element-1018ec3 elementor-section-height-min-height elementor-section-content-middle elementor-section-boxed elementor-section-height-default elementor-section-items-middle parallax_section_no qode_elementor_container_no\" data-id=\"1018ec3\" data-element_type=\"section\" data-settings=\"{&quot;background_background&quot;:&quot;classic&quot;}\">\n\t\t\t\t\t\t\t<div class=\"elementor-background-overlay\"><\/div>\n\t\t\t\t\t\t\t<div class=\"elementor-container elementor-column-gap-default\">\n\t\t\t\t\t<div class=\"elementor-column elementor-col-100 elementor-top-column elementor-element elementor-element-3459b4e\" data-id=\"3459b4e\" data-element_type=\"column\">\n\t\t\t<div class=\"elementor-widget-wrap\">\n\t\t\t\t\t\t\t<\/div>\n\t\t<\/div>\n\t\t\t\t\t<\/div>\n\t\t<\/section>\n\t\t\t\t<section class=\"elementor-section elementor-top-section elementor-element elementor-element-a86c302 elementor-section-stretched elementor-section-full_width elementor-section-height-default elementor-section-height-default parallax_section_no qode_elementor_container_no\" data-id=\"a86c302\" data-element_type=\"section\" data-settings=\"{&quot;stretch_section&quot;:&quot;section-stretched&quot;}\">\n\t\t\t\t\t\t<div class=\"elementor-container elementor-column-gap-default\">\n\t\t\t\t\t<div class=\"elementor-column elementor-col-50 elementor-top-column elementor-element elementor-element-49fe08e\" data-id=\"49fe08e\" data-element_type=\"column\">\n\t\t\t<div class=\"elementor-widget-wrap elementor-element-populated\">\n\t\t\t\t\t\t<div class=\"elementor-element elementor-element-44311a4 elementor-widget elementor-widget-image\" data-id=\"44311a4\" data-element_type=\"widget\" data-widget_type=\"image.default\">\n\t\t\t\t<div class=\"elementor-widget-container\">\n\t\t\t\t\t\t\t\t\t\t\t\t\t<img fetchpriority=\"high\" decoding=\"async\" width=\"975\" height=\"733\" src=\"https:\/\/ases-df.org.br\/novo\/wp-content\/uploads\/2020\/06\/quadreare143242.png\" class=\"attachment-large size-large wp-image-1023\" alt=\"\" srcset=\"https:\/\/ases-df.org.br\/novo\/wp-content\/uploads\/2020\/06\/quadreare143242.png 975w, https:\/\/ases-df.org.br\/novo\/wp-content\/uploads\/2020\/06\/quadreare143242-300x226.png 300w, https:\/\/ases-df.org.br\/novo\/wp-content\/uploads\/2020\/06\/quadreare143242-768x577.png 768w, https:\/\/ases-df.org.br\/novo\/wp-content\/uploads\/2020\/06\/quadreare143242-800x600.png 800w, https:\/\/ases-df.org.br\/novo\/wp-content\/uploads\/2020\/06\/quadreare143242-700x526.png 700w\" sizes=\"(max-width: 975px) 100vw, 975px\" \/>\t\t\t\t\t\t\t\t\t\t\t\t\t<\/div>\n\t\t\t\t<\/div>\n\t\t\t\t<div class=\"elementor-element elementor-element-7fa6d47 elementor-widget elementor-widget-text-editor\" data-id=\"7fa6d47\" data-element_type=\"widget\" data-widget_type=\"text-editor.default\">\n\t\t\t\t<div class=\"elementor-widget-container\">\n\t\t\t\t\t\t\t<p>(Divulga\u00e7\u00e3o) Quadras de areia. Junho\/2020<\/p>\t\t\t\t\t\t<\/div>\n\t\t\t\t<\/div>\n\t\t\t\t\t<\/div>\n\t\t<\/div>\n\t\t\t\t<div class=\"elementor-column elementor-col-50 elementor-top-column elementor-element elementor-element-4b61617\" data-id=\"4b61617\" data-element_type=\"column\">\n\t\t\t<div class=\"elementor-widget-wrap elementor-element-populated\">\n\t\t\t\t\t\t<div class=\"elementor-element elementor-element-439e785 elementor-widget elementor-widget-heading\" data-id=\"439e785\" data-element_type=\"widget\" data-widget_type=\"heading.default\">\n\t\t\t\t<div class=\"elementor-widget-container\">\n\t\t\t<p class=\"elementor-heading-title elementor-size-default\">Onde o esporte tem mais qualidade <\/p>\t\t<\/div>\n\t\t\t\t<\/div>\n\t\t\t\t<div class=\"elementor-element elementor-element-0edbfa0 elementor-widget elementor-widget-text-editor\" data-id=\"0edbfa0\" data-element_type=\"widget\" data-widget_type=\"text-editor.default\">\n\t\t\t\t<div class=\"elementor-widget-container\">\n\t\t\t\t\t\t\t<p>Um clima de praia na Ases-DF. Essa \u00e9 a defini\u00e7\u00e3o do espa\u00e7o onde est\u00e3o as tr\u00eas quadras de areia do Clube. Com uma \u00f3tima ilumina\u00e7\u00e3o, redes espec\u00edficas para a pr\u00e1tica de cada tipo de esporte e demais equipamentos, o local \u00e9 perfeito para receber as mais variadas competi\u00e7\u00f5es de esportes de areia como o v\u00f4lei, futebol, futev\u00f4lei e beach tennis.<\/p>\t\t\t\t\t\t<\/div>\n\t\t\t\t<\/div>\n\t\t\t\t\t<\/div>\n\t\t<\/div>\n\t\t\t\t\t<\/div>\n\t\t<\/section>\n\t\t\t\t<section class=\"elementor-section elementor-top-section elementor-element elementor-element-da12095 elementor-section-boxed elementor-section-height-default elementor-section-height-default parallax_section_no qode_elementor_container_no elementor-invisible\" data-id=\"da12095\" data-element_type=\"section\" data-settings=\"{&quot;background_background&quot;:&quot;video&quot;,&quot;animation&quot;:&quot;fadeInUp&quot;,&quot;background_video_link&quot;:&quot;https:\\\/\\\/www.youtube.com\\\/watch?v=kgfR4LJEgVI&amp;ab_channel=ChromaKeyBackgrounds&quot;,&quot;background_video_start&quot;:13,&quot;background_video_end&quot;:20}\">\n\t\t\t\t\t\t\t\t<div class=\"elementor-background-video-container elementor-hidden-phone\">\n\t\t\t\t\t\t\t\t\t\t\t\t\t<div class=\"elementor-background-video-embed\"><\/div>\n\t\t\t\t\t\t\t\t\t\t\t\t<\/div>\n\t\t\t\t\t\t\t\t\t<div class=\"elementor-background-overlay\"><\/div>\n\t\t\t\t\t\t\t<div class=\"elementor-container elementor-column-gap-default\">\n\t\t\t\t\t<div class=\"elementor-column elementor-col-50 elementor-top-column elementor-element elementor-element-2cf8d81\" data-id=\"2cf8d81\" data-element_type=\"column\">\n\t\t\t<div class=\"elementor-widget-wrap elementor-element-populated\">\n\t\t\t\t\t\t<div class=\"elementor-element elementor-element-925e6cc elementor-view-default elementor-position-top elementor-mobile-position-top elementor-widget elementor-widget-icon-box\" data-id=\"925e6cc\" data-element_type=\"widget\" data-widget_type=\"icon-box.default\">\n\t\t\t\t<div class=\"elementor-widget-container\">\n\t\t\t\t\t<div class=\"elementor-icon-box-wrapper\">\n\n\t\t\t\t\t\t<div class=\"elementor-icon-box-icon\">\n\t\t\t\t<span  class=\"elementor-icon elementor-animation-\">\n\t\t\t\t<svg xmlns=\"http:\/\/www.w3.org\/2000\/svg\" height=\"511pt\" viewBox=\"0 -79 511.99913 511\" width=\"511pt\"><path d=\"m492 235.164062h-38.847656c-18.25 0-35.214844-9.050781-45.378906-24.207031l-90.980469-135.703125c-31.382813-46.808594-83.765625-74.753906-140.121094-74.753906h-58.667969c-11.089844 0-20.09375 9.042969-20 20.171875l.492188 57.160156h-39.160156c-9.773438 0-18.121094 7.066407-19.726563 16.710938l-39.332031 236c-2.03125 12.1875 7.367187 23.289062 19.75 23.289062 9.601562 0 18.074218-6.933593 19.707031-16.714843l36.546875-219.285157h22.390625v215.996094c0 11.046875 8.953125 20 20 20s20-8.953125 20-20v-215.996094h38c15.089844 0 29.261719 6.3125 39.332031 17.1875v198.808594c0 11.046875 8.953125 20 20 20 11.042969 0 20-8.953125 20-20v-140.300781l58.265625 87.03125c30.714844 45.878906 82.015625 73.269531 137.226563 73.269531h40.503906c11.046875 0 20-8.953125 20-20v-78.664063c0-11.046874-8.953125-20-20-20zm-20 78.664063h-20.5c-41.839844 0-80.714844-20.753906-103.992188-55.523437l-93.003906-138.914063c-17.421875-26.023437-46.519531-41.558594-77.832031-41.558594h-38.171875l-.320312-37.332031h38.492187c42.992187 0 82.957031 21.320312 106.898437 57.03125l90.980469 135.699219c17.605469 26.257812 46.988281 41.933593 78.601563 41.933593h18.851562v38.664063zm0 0\"><\/path><\/svg>\t\t\t\t<\/span>\n\t\t\t<\/div>\n\t\t\t\n\t\t\t\t\t\t<div class=\"elementor-icon-box-content\">\n\n\t\t\t\t\t\t\t\t\t<h3 class=\"elementor-icon-box-title\">\n\t\t\t\t\t\t<span  >\n\t\t\t\t\t\t\tDimens\u00e3o \t\t\t\t\t\t<\/span>\n\t\t\t\t\t<\/h3>\n\t\t\t\t\n\t\t\t\t\n\t\t\t<\/div>\n\t\t\t\n\t\t<\/div>\n\t\t\t\t<\/div>\n\t\t\t\t<\/div>\n\t\t\t\t\t<\/div>\n\t\t<\/div>\n\t\t\t\t<div class=\"elementor-column elementor-col-50 elementor-top-column elementor-element elementor-element-5f6195c\" data-id=\"5f6195c\" data-element_type=\"column\">\n\t\t\t<div class=\"elementor-widget-wrap elementor-element-populated\">\n\t\t\t\t\t\t<div class=\"elementor-element elementor-element-42af351 elementor-view-default elementor-position-top elementor-mobile-position-top elementor-widget elementor-widget-icon-box\" data-id=\"42af351\" data-element_type=\"widget\" data-widget_type=\"icon-box.default\">\n\t\t\t\t<div class=\"elementor-widget-container\">\n\t\t\t\t\t<div class=\"elementor-icon-box-wrapper\">\n\n\t\t\t\t\t\t<div class=\"elementor-icon-box-icon\">\n\t\t\t\t<span  class=\"elementor-icon elementor-animation-\">\n\t\t\t\t<svg xmlns=\"http:\/\/www.w3.org\/2000\/svg\" xmlns:xlink=\"http:\/\/www.w3.org\/1999\/xlink\" id=\"Capa_1\" x=\"0px\" y=\"0px\" width=\"497.359px\" height=\"497.36px\" viewBox=\"0 0 497.359 497.36\" style=\"enable-background:new 0 0 497.359 497.36;\" xml:space=\"preserve\"><g>\t<g>\t\t<circle cx=\"386.559\" cy=\"206.234\" r=\"80.895\"><\/circle>\t\t<path d=\"M212.304,221.333l-101.292,72.561c4.385-0.899,9.206-1.451,14.585-1.451c24.277,0,37.733,10.773,46.638,17.902    c6.524,5.226,8.722,6.984,15.527,6.984c6.806,0,9.004-1.76,15.529-6.984c8.904-7.129,22.361-17.902,46.639-17.902    c24.276,0,37.733,10.773,46.639,17.902c6.525,5.226,8.725,6.984,15.531,6.984c6.805,0,9.004-1.76,15.529-6.984    c2.967-2.375,6.457-5.154,10.67-7.806l-70.828-119.685l-96.774-72.232l-110.56,31.361L46.23,205.774l114.974-22.583    L212.304,221.333z\"><\/path>\t\t<path d=\"M450.717,329.981c-6.525,5.225-8.727,6.984-15.535,6.984s-9.008-1.761-15.535-6.984    c-8.904-7.129-22.363-17.902-46.641-17.902s-37.734,10.773-46.639,17.902c-6.523,5.225-8.723,6.984-15.529,6.984    c-6.809,0-9.004-1.761-15.531-6.984c-8.904-7.129-22.361-17.902-46.639-17.902c-24.277,0-37.733,10.773-46.638,17.902    c-6.524,5.225-8.722,6.984-15.529,6.984c-6.806,0-9.003-1.761-15.527-6.984c-8.905-7.129-22.361-17.902-46.638-17.902    c-24.277,0-37.734,10.773-46.639,17.902c-6.525,5.225-8.723,6.984-15.53,6.984c-6.806,0-9.004-1.761-15.529-6.984    C37.734,322.852,24.277,312.079,0,312.079v49.773c6.806,0,9.004,1.76,15.529,6.982c8.904,7.131,22.361,17.903,46.638,17.903    c24.278,0,37.734-10.772,46.639-17.902c6.524-5.225,8.723-6.983,15.53-6.983c6.806,0,9.004,1.76,15.528,6.982    c8.904,7.131,22.361,17.903,46.638,17.903c24.277,0,37.733-10.772,46.638-17.903c6.525-5.224,8.723-6.982,15.529-6.982    c6.808,0,9.005,1.76,15.53,6.983c8.904,7.13,22.361,17.902,46.641,17.902c24.275,0,37.732-10.772,46.637-17.903    c6.525-5.224,8.723-6.982,15.531-6.982s9.008,1.761,15.533,6.983c8.904,7.13,22.363,17.902,46.643,17.902    s37.736-10.772,46.641-17.902c6.527-5.224,8.727-6.983,15.535-6.983v-49.773C473.08,312.078,459.623,322.852,450.717,329.981z\"><\/path>\t<\/g><\/g><g><\/g><g><\/g><g><\/g><g><\/g><g><\/g><g><\/g><g><\/g><g><\/g><g><\/g><g><\/g><g><\/g><g><\/g><g><\/g><g><\/g><g><\/g><\/svg>\t\t\t\t<\/span>\n\t\t\t<\/div>\n\t\t\t\n\t\t\t\t\t\t<div class=\"elementor-icon-box-content\">\n\n\t\t\t\t\t\t\t\t\t<h3 class=\"elementor-icon-box-title\">\n\t\t\t\t\t\t<span  >\n\t\t\t\t\t\t\tQuantidade \t\t\t\t\t\t<\/span>\n\t\t\t\t\t<\/h3>\n\t\t\t\t\n\t\t\t\t\n\t\t\t<\/div>\n\t\t\t\n\t\t<\/div>\n\t\t\t\t<\/div>\n\t\t\t\t<\/div>\n\t\t\t\t\t<\/div>\n\t\t<\/div>\n\t\t\t\t\t<\/div>\n\t\t<\/section>\n\t\t\t\t<section class=\"elementor-section elementor-top-section elementor-element elementor-element-8ca61b4 elementor-section-full_width elementor-section-height-default elementor-section-height-default parallax_section_no qode_elementor_container_no elementor-invisible\" data-id=\"8ca61b4\" data-element_type=\"section\" data-settings=\"{&quot;animation&quot;:&quot;fadeInUp&quot;}\">\n\t\t\t\t\t\t<div class=\"elementor-container elementor-column-gap-default\">\n\t\t\t\t\t<div class=\"elementor-column elementor-col-100 elementor-top-column elementor-element elementor-element-266da70\" data-id=\"266da70\" data-element_type=\"column\">\n\t\t\t<div class=\"elementor-widget-wrap elementor-element-populated\">\n\t\t\t\t\t\t<div class=\"elementor-element elementor-element-72d4050 elementor-widget elementor-widget-bridge_advanced_image_gallery\" data-id=\"72d4050\" data-element_type=\"widget\" data-widget_type=\"bridge_advanced_image_gallery.default\">\n\t\t\t\t<div class=\"elementor-widget-container\">\n\t\t\t<div class=\"qode-advanced-image-gallery  qode-aig-grid-type qode-no-space  qode-image-behavior-zoom \">\n\t<div class=\"qode-aig-inner qode-outer-space qode-aig-grid qode-aig-three-columns\">\n\t\t\t\t\t<div class=\"qode-aig-image qode-item-space\">\n\t\t\t\t<div class=\"qode-aig-image-inner\">\n\t\t\t\t\t\t\t\t\t\t\t<img decoding=\"async\" width=\"975\" height=\"733\" src=\"https:\/\/ases-df.org.br\/novo\/wp-content\/uploads\/2020\/06\/quadreare1423jk42.png\" class=\"attachment-large size-large\" alt=\"\" srcset=\"https:\/\/ases-df.org.br\/novo\/wp-content\/uploads\/2020\/06\/quadreare1423jk42.png 975w, https:\/\/ases-df.org.br\/novo\/wp-content\/uploads\/2020\/06\/quadreare1423jk42-300x226.png 300w, https:\/\/ases-df.org.br\/novo\/wp-content\/uploads\/2020\/06\/quadreare1423jk42-768x577.png 768w, https:\/\/ases-df.org.br\/novo\/wp-content\/uploads\/2020\/06\/quadreare1423jk42-800x600.png 800w, https:\/\/ases-df.org.br\/novo\/wp-content\/uploads\/2020\/06\/quadreare1423jk42-700x526.png 700w\" sizes=\"(max-width: 975px) 100vw, 975px\" \/>\t\t\t\t\t\t<span class=\"aig-gallery-hover\">\n\t\t\t\t\t\t\t\t\t\t\t\t\t<\/span>\n\t\t\t\t\t\t\t\t\t<\/div>\n\t\t\t<\/div>\n\t\t\t\t\t<div class=\"qode-aig-image qode-item-space\">\n\t\t\t\t<div class=\"qode-aig-image-inner\">\n\t\t\t\t\t\t\t\t\t\t\t<img decoding=\"async\" width=\"975\" height=\"733\" src=\"https:\/\/ases-df.org.br\/novo\/wp-content\/uploads\/2020\/06\/quadreare143242.png\" class=\"attachment-large size-large\" alt=\"\" srcset=\"https:\/\/ases-df.org.br\/novo\/wp-content\/uploads\/2020\/06\/quadreare143242.png 975w, https:\/\/ases-df.org.br\/novo\/wp-content\/uploads\/2020\/06\/quadreare143242-300x226.png 300w, https:\/\/ases-df.org.br\/novo\/wp-content\/uploads\/2020\/06\/quadreare143242-768x577.png 768w, https:\/\/ases-df.org.br\/novo\/wp-content\/uploads\/2020\/06\/quadreare143242-800x600.png 800w, https:\/\/ases-df.org.br\/novo\/wp-content\/uploads\/2020\/06\/quadreare143242-700x526.png 700w\" sizes=\"(max-width: 975px) 100vw, 975px\" \/>\t\t\t\t\t\t<span class=\"aig-gallery-hover\">\n\t\t\t\t\t\t\t\t\t\t\t\t\t<\/span>\n\t\t\t\t\t\t\t\t\t<\/div>\n\t\t\t<\/div>\n\t\t\t\t\t<div class=\"qode-aig-image qode-item-space\">\n\t\t\t\t<div class=\"qode-aig-image-inner\">\n\t\t\t\t\t\t\t\t\t\t\t<img loading=\"lazy\" decoding=\"async\" width=\"975\" height=\"733\" src=\"https:\/\/ases-df.org.br\/novo\/wp-content\/uploads\/2020\/06\/quadreare13232.png\" class=\"attachment-large size-large\" alt=\"\" srcset=\"https:\/\/ases-df.org.br\/novo\/wp-content\/uploads\/2020\/06\/quadreare13232.png 975w, https:\/\/ases-df.org.br\/novo\/wp-content\/uploads\/2020\/06\/quadreare13232-300x226.png 300w, https:\/\/ases-df.org.br\/novo\/wp-content\/uploads\/2020\/06\/quadreare13232-768x577.png 768w, https:\/\/ases-df.org.br\/novo\/wp-content\/uploads\/2020\/06\/quadreare13232-800x600.png 800w, https:\/\/ases-df.org.br\/novo\/wp-content\/uploads\/2020\/06\/quadreare13232-700x526.png 700w\" sizes=\"(max-width: 975px) 100vw, 975px\" \/>\t\t\t\t\t\t<span class=\"aig-gallery-hover\">\n\t\t\t\t\t\t\t\t\t\t\t\t\t<\/span>\n\t\t\t\t\t\t\t\t\t<\/div>\n\t\t\t<\/div>\n\t\t\t\t\t<div class=\"qode-aig-image qode-item-space\">\n\t\t\t\t<div class=\"qode-aig-image-inner\">\n\t\t\t\t\t\t\t\t\t\t\t<img loading=\"lazy\" decoding=\"async\" width=\"975\" height=\"733\" src=\"https:\/\/ases-df.org.br\/novo\/wp-content\/uploads\/2020\/06\/quadreare13.png\" class=\"attachment-large size-large\" alt=\"\" srcset=\"https:\/\/ases-df.org.br\/novo\/wp-content\/uploads\/2020\/06\/quadreare13.png 975w, https:\/\/ases-df.org.br\/novo\/wp-content\/uploads\/2020\/06\/quadreare13-300x226.png 300w, https:\/\/ases-df.org.br\/novo\/wp-content\/uploads\/2020\/06\/quadreare13-768x577.png 768w, https:\/\/ases-df.org.br\/novo\/wp-content\/uploads\/2020\/06\/quadreare13-800x600.png 800w, https:\/\/ases-df.org.br\/novo\/wp-content\/uploads\/2020\/06\/quadreare13-700x526.png 700w\" sizes=\"(max-width: 975px) 100vw, 975px\" \/>\t\t\t\t\t\t<span class=\"aig-gallery-hover\">\n\t\t\t\t\t\t\t\t\t\t\t\t\t<\/span>\n\t\t\t\t\t\t\t\t\t<\/div>\n\t\t\t<\/div>\n\t\t\t\t\t<div class=\"qode-aig-image qode-item-space\">\n\t\t\t\t<div class=\"qode-aig-image-inner\">\n\t\t\t\t\t\t\t\t\t\t\t<img loading=\"lazy\" decoding=\"async\" width=\"975\" height=\"733\" src=\"https:\/\/ases-df.org.br\/novo\/wp-content\/uploads\/2020\/06\/quadreare1.png\" class=\"attachment-large size-large\" alt=\"\" srcset=\"https:\/\/ases-df.org.br\/novo\/wp-content\/uploads\/2020\/06\/quadreare1.png 975w, https:\/\/ases-df.org.br\/novo\/wp-content\/uploads\/2020\/06\/quadreare1-300x226.png 300w, https:\/\/ases-df.org.br\/novo\/wp-content\/uploads\/2020\/06\/quadreare1-768x577.png 768w, https:\/\/ases-df.org.br\/novo\/wp-content\/uploads\/2020\/06\/quadreare1-800x600.png 800w, https:\/\/ases-df.org.br\/novo\/wp-content\/uploads\/2020\/06\/quadreare1-700x526.png 700w\" sizes=\"(max-width: 975px) 100vw, 975px\" \/>\t\t\t\t\t\t<span class=\"aig-gallery-hover\">\n\t\t\t\t\t\t\t\t\t\t\t\t\t<\/span>\n\t\t\t\t\t\t\t\t\t<\/div>\n\t\t\t<\/div>\n\t\t\t<\/div>\n<\/div>\t\t<\/div>\n\t\t\t\t<\/div>\n\t\t\t\t\t<\/div>\n\t\t<\/div>\n\t\t\t\t\t<\/div>\n\t\t<\/section>\n\t\t\t\t<\/div>\n\t\t","protected":false},"excerpt":{"rendered":"<p>Quadras de Areia (Divulga\u00e7\u00e3o) Quadras de areia. Junho\/2020 Onde o esporte tem mais qualidade Um clima de praia na Ases-DF. Essa \u00e9 a defini\u00e7\u00e3o do espa\u00e7o onde est\u00e3o as tr\u00eas quadras de areia do Clube. Com uma \u00f3tima ilumina\u00e7\u00e3o, redes espec\u00edficas para a pr\u00e1tica de&#8230;<\/p>\n","protected":false},"author":1,"featured_media":0,"parent":0,"menu_order":0,"comment_status":"closed","ping_status":"closed","template":"elementor_header_footer","meta":{"footnotes":""},"_links":{"self":[{"href":"https:\/\/ases-df.org.br\/novo\/wp-json\/wp\/v2\/pages\/316"}],"collection":[{"href":"https:\/\/ases-df.org.br\/novo\/wp-json\/wp\/v2\/pages"}],"about":[{"href":"https:\/\/ases-df.org.br\/novo\/wp-json\/wp\/v2\/types\/page"}],"author":[{"embeddable":true,"href":"https:\/\/ases-df.org.br\/novo\/wp-json\/wp\/v2\/users\/1"}],"replies":[{"embeddable":true,"href":"https:\/\/ases-df.org.br\/novo\/wp-json\/wp\/v2\/comments?post=316"}],"version-history":[{"count":26,"href":"https:\/\/ases-df.org.br\/novo\/wp-json\/wp\/v2\/pages\/316\/revisions"}],"predecessor-version":[{"id":24659,"href":"https:\/\/ases-df.org.br\/novo\/wp-json\/wp\/v2\/pages\/316\/revisions\/24659"}],"wp:attachment":[{"href":"https:\/\/ases-df.org.br\/novo\/wp-json\/wp\/v2\/media?parent=316"}],"curies":[{"name":"wp","href":"https:\/\/api.w.org\/{rel}","templated":true}]}}