{"id":684,"date":"2020-02-28T16:26:35","date_gmt":"2020-02-28T19:26:35","guid":{"rendered":"http:\/\/ases-df.org.br\/novo\/?page_id=684"},"modified":"2020-06-10T16:28:21","modified_gmt":"2020-06-10T19:28:21","slug":"lago-paranoa","status":"publish","type":"page","link":"https:\/\/ases-df.org.br\/novo\/lago-paranoa\/","title":{"rendered":"Lago Parano\u00e1"},"content":{"rendered":"\t\t<div data-elementor-type=\"wp-page\" data-elementor-id=\"684\" class=\"elementor elementor-684\">\n\t\t\t\t\t\t<section class=\"elementor-section elementor-top-section elementor-element elementor-element-923c325 elementor-section-boxed elementor-section-height-default elementor-section-height-default parallax_section_no qode_elementor_container_no elementor-invisible\" data-id=\"923c325\" data-element_type=\"section\" data-settings=\"{&quot;background_background&quot;:&quot;classic&quot;,&quot;animation&quot;:&quot;fadeIn&quot;}\">\n\t\t\t\t\t\t\t<div class=\"elementor-background-overlay\"><\/div>\n\t\t\t\t\t\t\t<div class=\"elementor-container elementor-column-gap-default\">\n\t\t\t\t\t<div class=\"elementor-column elementor-col-100 elementor-top-column elementor-element elementor-element-e44e2cd\" data-id=\"e44e2cd\" data-element_type=\"column\">\n\t\t\t<div class=\"elementor-widget-wrap elementor-element-populated\">\n\t\t\t\t\t\t<div class=\"elementor-element elementor-element-eaa5a13 elementor-widget elementor-widget-heading\" data-id=\"eaa5a13\" data-element_type=\"widget\" data-widget_type=\"heading.default\">\n\t\t\t\t<div class=\"elementor-widget-container\">\n\t\t\t<h2 class=\"elementor-heading-title elementor-size-default\">Lago Parano\u00e1<\/h2>\t\t<\/div>\n\t\t\t\t<\/div>\n\t\t\t\t\t<\/div>\n\t\t<\/div>\n\t\t\t\t\t<\/div>\n\t\t<\/section>\n\t\t\t\t<section class=\"elementor-section elementor-top-section elementor-element elementor-element-9fed476 animated-slow elementor-section-boxed elementor-section-height-default elementor-section-height-default parallax_section_no qode_elementor_container_no elementor-invisible\" data-id=\"9fed476\" data-element_type=\"section\" data-settings=\"{&quot;animation&quot;:&quot;slideInUp&quot;}\">\n\t\t\t\t\t\t<div class=\"elementor-container elementor-column-gap-default\">\n\t\t\t\t\t<div class=\"elementor-column elementor-col-100 elementor-top-column elementor-element elementor-element-944670e\" data-id=\"944670e\" data-element_type=\"column\" data-settings=\"{&quot;background_background&quot;:&quot;classic&quot;}\">\n\t\t\t<div class=\"elementor-widget-wrap elementor-element-populated\">\n\t\t\t\t\t\t<div class=\"elementor-element elementor-element-5111eeb elementor-hidden-phone elementor-widget elementor-widget-image\" data-id=\"5111eeb\" data-element_type=\"widget\" data-widget_type=\"image.default\">\n\t\t\t\t<div class=\"elementor-widget-container\">\n\t\t\t\t\t\t\t\t\t\t\t\t\t<img fetchpriority=\"high\" decoding=\"async\" width=\"1500\" height=\"400\" src=\"https:\/\/ases-df.org.br\/novo\/wp-content\/uploads\/2020\/04\/LAGOPARA.png\" class=\"attachment-full size-full wp-image-764\" alt=\"\" srcset=\"https:\/\/ases-df.org.br\/novo\/wp-content\/uploads\/2020\/04\/LAGOPARA.png 1500w, https:\/\/ases-df.org.br\/novo\/wp-content\/uploads\/2020\/04\/LAGOPARA-300x80.png 300w, https:\/\/ases-df.org.br\/novo\/wp-content\/uploads\/2020\/04\/LAGOPARA-1024x273.png 1024w, https:\/\/ases-df.org.br\/novo\/wp-content\/uploads\/2020\/04\/LAGOPARA-768x205.png 768w, https:\/\/ases-df.org.br\/novo\/wp-content\/uploads\/2020\/04\/LAGOPARA-700x187.png 700w\" sizes=\"(max-width: 1500px) 100vw, 1500px\" \/>\t\t\t\t\t\t\t\t\t\t\t\t\t<\/div>\n\t\t\t\t<\/div>\n\t\t\t\t<div class=\"elementor-element elementor-element-5c9686c elementor-hidden-desktop elementor-hidden-tablet elementor-widget elementor-widget-image\" data-id=\"5c9686c\" data-element_type=\"widget\" data-widget_type=\"image.default\">\n\t\t\t\t<div class=\"elementor-widget-container\">\n\t\t\t\t\t\t\t\t\t\t\t\t\t<img decoding=\"async\" src=\"https:\/\/ases-df.org.br\/novo\/wp-content\/uploads\/elementor\/thumbs\/LAGOPARA-onvm5jjjojcxzk29zxzv6wcc58454eyynm1d0hgb5c.png\" title=\"LAGOPARA\" alt=\"LAGOPARA\" loading=\"lazy\" \/>\t\t\t\t\t\t\t\t\t\t\t\t\t<\/div>\n\t\t\t\t<\/div>\n\t\t\t\t<div class=\"elementor-element elementor-element-8561a37 elementor-widget elementor-widget-text-editor\" data-id=\"8561a37\" data-element_type=\"widget\" data-widget_type=\"text-editor.default\">\n\t\t\t\t<div class=\"elementor-widget-container\">\n\t\t\t\t\t\t\t<p>O Lago Parano\u00e1 \u00e9 um lago artificial localizado em Bras\u00edlia. Foi concebido em 1894 pela Miss\u00e3o Cruls e concretizado com a constru\u00e7\u00e3o da cidade, durante o governo do presidente Juscelino Kubitschek. O lago \u00e9 formado pelas \u00e1guas represadas do Rio Parano\u00e1.<\/p><p>\u00a0<\/p><p>\u00c1rea: <b>48 km\u00b2<\/b><\/p><p>Extens\u00e3o das margens: <b>80 km<\/b><\/p><p>Eleva\u00e7\u00e3o \u00e0 superf\u00edcie: <b>1.000 m<\/b><\/p><p>Comprimento: <b>40 km<\/b><\/p>\t\t\t\t\t\t<\/div>\n\t\t\t\t<\/div>\n\t\t\t\t\t<\/div>\n\t\t<\/div>\n\t\t\t\t\t<\/div>\n\t\t<\/section>\n\t\t\t\t<\/div>\n\t\t","protected":false},"excerpt":{"rendered":"<p>Lago Parano\u00e1 O Lago Parano\u00e1 \u00e9 um lago artificial localizado em Bras\u00edlia. Foi concebido em 1894 pela Miss\u00e3o Cruls e concretizado com a constru\u00e7\u00e3o da cidade, durante o governo do presidente Juscelino Kubitschek. O lago \u00e9 formado pelas \u00e1guas represadas do Rio Parano\u00e1. \u00a0 \u00c1rea:&#8230;<\/p>\n","protected":false},"author":1,"featured_media":0,"parent":0,"menu_order":0,"comment_status":"closed","ping_status":"closed","template":"elementor_header_footer","meta":{"footnotes":""},"_links":{"self":[{"href":"https:\/\/ases-df.org.br\/novo\/wp-json\/wp\/v2\/pages\/684"}],"collection":[{"href":"https:\/\/ases-df.org.br\/novo\/wp-json\/wp\/v2\/pages"}],"about":[{"href":"https:\/\/ases-df.org.br\/novo\/wp-json\/wp\/v2\/types\/page"}],"author":[{"embeddable":true,"href":"https:\/\/ases-df.org.br\/novo\/wp-json\/wp\/v2\/users\/1"}],"replies":[{"embeddable":true,"href":"https:\/\/ases-df.org.br\/novo\/wp-json\/wp\/v2\/comments?post=684"}],"version-history":[{"count":9,"href":"https:\/\/ases-df.org.br\/novo\/wp-json\/wp\/v2\/pages\/684\/revisions"}],"predecessor-version":[{"id":990,"href":"https:\/\/ases-df.org.br\/novo\/wp-json\/wp\/v2\/pages\/684\/revisions\/990"}],"wp:attachment":[{"href":"https:\/\/ases-df.org.br\/novo\/wp-json\/wp\/v2\/media?parent=684"}],"curies":[{"name":"wp","href":"https:\/\/api.w.org\/{rel}","templated":true}]}}