{"id":689,"date":"2020-02-28T18:54:16","date_gmt":"2020-02-28T21:54:16","guid":{"rendered":"http:\/\/ases-df.org.br\/novo\/?page_id=689"},"modified":"2020-06-10T16:27:47","modified_gmt":"2020-06-10T19:27:47","slug":"infraestrutura","status":"publish","type":"page","link":"https:\/\/ases-df.org.br\/novo\/infraestrutura\/","title":{"rendered":"Infraestrutura"},"content":{"rendered":"\t\t<div data-elementor-type=\"wp-page\" data-elementor-id=\"689\" class=\"elementor elementor-689\">\n\t\t\t\t\t\t<section class=\"elementor-section elementor-top-section elementor-element elementor-element-923c325 elementor-section-boxed elementor-section-height-default elementor-section-height-default parallax_section_no qode_elementor_container_no elementor-invisible\" data-id=\"923c325\" data-element_type=\"section\" data-settings=\"{&quot;background_background&quot;:&quot;classic&quot;,&quot;animation&quot;:&quot;fadeIn&quot;}\">\n\t\t\t\t\t\t\t<div class=\"elementor-background-overlay\"><\/div>\n\t\t\t\t\t\t\t<div class=\"elementor-container elementor-column-gap-default\">\n\t\t\t\t\t<div class=\"elementor-column elementor-col-100 elementor-top-column elementor-element elementor-element-e44e2cd\" data-id=\"e44e2cd\" data-element_type=\"column\">\n\t\t\t<div class=\"elementor-widget-wrap elementor-element-populated\">\n\t\t\t\t\t\t<div class=\"elementor-element elementor-element-eaa5a13 elementor-widget elementor-widget-heading\" data-id=\"eaa5a13\" data-element_type=\"widget\" data-widget_type=\"heading.default\">\n\t\t\t\t<div class=\"elementor-widget-container\">\n\t\t\t<h2 class=\"elementor-heading-title elementor-size-default\">Infraestrutura<\/h2>\t\t<\/div>\n\t\t\t\t<\/div>\n\t\t\t\t\t<\/div>\n\t\t<\/div>\n\t\t\t\t\t<\/div>\n\t\t<\/section>\n\t\t\t\t<section class=\"elementor-section elementor-top-section elementor-element elementor-element-9fed476 animated-slow elementor-section-boxed elementor-section-height-default elementor-section-height-default parallax_section_no qode_elementor_container_no elementor-invisible\" data-id=\"9fed476\" data-element_type=\"section\" data-settings=\"{&quot;animation&quot;:&quot;slideInUp&quot;}\">\n\t\t\t\t\t\t<div class=\"elementor-container elementor-column-gap-default\">\n\t\t\t\t\t<div class=\"elementor-column elementor-col-100 elementor-top-column elementor-element elementor-element-944670e\" data-id=\"944670e\" data-element_type=\"column\" data-settings=\"{&quot;background_background&quot;:&quot;classic&quot;}\">\n\t\t\t<div class=\"elementor-widget-wrap elementor-element-populated\">\n\t\t\t\t\t\t<div class=\"elementor-element elementor-element-5111eeb elementor-widget elementor-widget-image\" data-id=\"5111eeb\" data-element_type=\"widget\" data-widget_type=\"image.default\">\n\t\t\t\t<div class=\"elementor-widget-container\">\n\t\t\t\t\t\t\t\t\t\t\t\t\t<img fetchpriority=\"high\" decoding=\"async\" width=\"1536\" height=\"482\" src=\"https:\/\/ases-df.org.br\/novo\/wp-content\/uploads\/2019\/12\/IMGBGSALAOSOCIAL-1536x482.png\" class=\"attachment-1536x1536 size-1536x1536 wp-image-474\" alt=\"\" srcset=\"https:\/\/ases-df.org.br\/novo\/wp-content\/uploads\/2019\/12\/IMGBGSALAOSOCIAL-1536x482.png 1536w, https:\/\/ases-df.org.br\/novo\/wp-content\/uploads\/2019\/12\/IMGBGSALAOSOCIAL-300x94.png 300w, https:\/\/ases-df.org.br\/novo\/wp-content\/uploads\/2019\/12\/IMGBGSALAOSOCIAL-1024x321.png 1024w, https:\/\/ases-df.org.br\/novo\/wp-content\/uploads\/2019\/12\/IMGBGSALAOSOCIAL-768x241.png 768w, https:\/\/ases-df.org.br\/novo\/wp-content\/uploads\/2019\/12\/IMGBGSALAOSOCIAL-700x219.png 700w, https:\/\/ases-df.org.br\/novo\/wp-content\/uploads\/2019\/12\/IMGBGSALAOSOCIAL.png 1901w\" sizes=\"(max-width: 1536px) 100vw, 1536px\" \/>\t\t\t\t\t\t\t\t\t\t\t\t\t<\/div>\n\t\t\t\t<\/div>\n\t\t\t\t<div class=\"elementor-element elementor-element-8561a37 elementor-widget elementor-widget-text-editor\" data-id=\"8561a37\" data-element_type=\"widget\" data-widget_type=\"text-editor.default\">\n\t\t\t\t<div class=\"elementor-widget-container\">\n\t\t\t\t\t\t\t<p>Escrit\u00f3rios administrativos que abrigam salas de reuni\u00e3o, sala para 10 funcion\u00e1rios, que atuam na \u00e1rea de eventos, log\u00edstica, atendimento ao p\u00fablico e a Diretoria.<\/p><p>\u00a0<\/p><p>Os espa\u00e7os da Ases s\u00e3o muito cobi\u00e7ados por produtores e outros investidores que realizam eventos ou que pretendem instalar empreendimentos de porte e qualidade, sendo um point da Capital da Rep\u00fablica que, cada vez mais, se firma como um local de excel\u00eancia para festas de v\u00e1rios tipos. Esses espa\u00e7os possibilitam a realiza\u00e7\u00e3o de campeonatos esportivos, eventos corporativos, atividades culturais, projetos sociais, feiras comerciais, casamentos, bailes, festas e shows.<\/p><p>\u00a0<\/p><p>S\u00f3cios contam com benef\u00edcios de descontos em todos os eventos culturais realizados nos espa\u00e7os da Ases-DF.<\/p><p>\u00a0<\/p><p>Para manter todas as atividades dispon\u00edveis nos espa\u00e7os da Associa\u00e7\u00e3o, contamos com uma rigorosa e competente presta\u00e7\u00e3o de servi\u00e7os, seguindo todas as exigentes normas e leis brasileiras, prezando pela qualidade em tudo de que disp\u00f5e e realiza, tanto para os seus s\u00f3cios, como para o p\u00fablico em geral.<\/p>\t\t\t\t\t\t<\/div>\n\t\t\t\t<\/div>\n\t\t\t\t\t<\/div>\n\t\t<\/div>\n\t\t\t\t\t<\/div>\n\t\t<\/section>\n\t\t\t\t<\/div>\n\t\t","protected":false},"excerpt":{"rendered":"<p>Infraestrutura Escrit\u00f3rios administrativos que abrigam salas de reuni\u00e3o, sala para 10 funcion\u00e1rios, que atuam na \u00e1rea de eventos, log\u00edstica, atendimento ao p\u00fablico e a Diretoria. \u00a0 Os espa\u00e7os da Ases s\u00e3o muito cobi\u00e7ados por produtores e outros investidores que realizam eventos ou que pretendem instalar&#8230;<\/p>\n","protected":false},"author":1,"featured_media":0,"parent":0,"menu_order":0,"comment_status":"closed","ping_status":"closed","template":"elementor_header_footer","meta":{"footnotes":""},"_links":{"self":[{"href":"https:\/\/ases-df.org.br\/novo\/wp-json\/wp\/v2\/pages\/689"}],"collection":[{"href":"https:\/\/ases-df.org.br\/novo\/wp-json\/wp\/v2\/pages"}],"about":[{"href":"https:\/\/ases-df.org.br\/novo\/wp-json\/wp\/v2\/types\/page"}],"author":[{"embeddable":true,"href":"https:\/\/ases-df.org.br\/novo\/wp-json\/wp\/v2\/users\/1"}],"replies":[{"embeddable":true,"href":"https:\/\/ases-df.org.br\/novo\/wp-json\/wp\/v2\/comments?post=689"}],"version-history":[{"count":3,"href":"https:\/\/ases-df.org.br\/novo\/wp-json\/wp\/v2\/pages\/689\/revisions"}],"predecessor-version":[{"id":989,"href":"https:\/\/ases-df.org.br\/novo\/wp-json\/wp\/v2\/pages\/689\/revisions\/989"}],"wp:attachment":[{"href":"https:\/\/ases-df.org.br\/novo\/wp-json\/wp\/v2\/media?parent=689"}],"curies":[{"name":"wp","href":"https:\/\/api.w.org\/{rel}","templated":true}]}}